{"id":5663,"date":"2020-01-26T16:19:40","date_gmt":"2020-01-26T16:19:40","guid":{"rendered":"https:\/\/ufficio80.xyz\/giulietta?page_id=5663"},"modified":"2025-01-12T12:21:15","modified_gmt":"2025-01-12T12:21:15","slug":"hotel-cesenatico-cucina-romagnola","status":"publish","type":"page","link":"https:\/\/www.ilgiulietta.com\/it\/hotel-cesenatico-cucina-romagnola","title":{"rendered":"Hotel 3 stelle Cesenatico con Cucina Romagnola"},"content":{"rendered":"<section class=\"l-section wpb_row height_auto width_full\"><div class=\"l-section-h i-cf\"><div class=\"g-cols vc_row via_flex valign_top type_default stacking_default\"><div class=\"vc_col-sm-12 wpb_column vc_column_container has_text_color\"><div class=\"vc_column-inner us_custom_6df4bc3a\"><div class=\"wpb_wrapper\"><div class=\"w-image align_center\"><div class=\"w-image-h\"><img decoding=\"async\" width=\"1921\" height=\"1000\" src=\"https:\/\/www.ilgiulietta.com\/wp-content\/uploads\/2021\/01\/salapranzo_.jpg\" class=\"attachment-full size-full\" alt=\"\" loading=\"lazy\" srcset=\"https:\/\/www.ilgiulietta.com\/wp-content\/uploads\/2021\/01\/salapranzo_.jpg 1921w, https:\/\/www.ilgiulietta.com\/wp-content\/uploads\/2021\/01\/salapranzo_-300x156.jpg 300w, https:\/\/www.ilgiulietta.com\/wp-content\/uploads\/2021\/01\/salapranzo_-1024x533.jpg 1024w\" sizes=\"auto, (max-width: 1921px) 100vw, 1921px\" \/><\/div><\/div><div class=\"wpb_text_column us_custom_c3f07d27\"><div class=\"wpb_wrapper\"><h2 style=\"text-align: center;\">Lasciatevi &#8216;coccolare&#8217; dalle Tradizioni Romagnole<\/h2>\n<p style=\"text-align: center;\"><em><span style=\"font-family: georgia, palatino, serif;\">Ricette Locali ed Internazionali&#8230; da assaporare in piena libert\u00e0!<\/span><\/em><\/p>\n<\/div><\/div><\/div><\/div><\/div><\/div><\/div><\/section><section class=\"l-section wpb_row height_small\"><div class=\"l-section-h i-cf\"><div class=\"g-cols vc_row via_flex valign_middle type_default stacking_default\"><div class=\"vc_col-sm-4 wpb_column vc_column_container\"><div class=\"vc_column-inner\"><div class=\"wpb_wrapper\"><div class=\"wpb_text_column\"><div class=\"wpb_wrapper\"><h6>Prima colazione:<\/h6>\n<p><em><span style=\"font-family: georgia, palatino, serif;\">La colazione Vi attende, gi\u00e0 a partire dalle ore 07,30, uno <strong>stuzzicante buffet di specialit\u00e0 dolci e salate<\/strong>, dove la scelta non sar\u00e0 per Voi di certo facile: corn-flakes e cereali, marmellate fresche, miele e nutella, torte fatte in casa e croissants, affettati e formaggi, uova sode, alla coque e in padella, pancetta affumicata calda<br \/>\nsucchi di frutta, yogurt e frutta fresca, panini, pan toscano e pane integrale.<\/span><\/em><\/p>\n<\/div><\/div><\/div><\/div><\/div><div class=\"vc_col-sm-4 wpb_column vc_column_container\"><div class=\"vc_column-inner\"><div class=\"wpb_wrapper\"><div class=\"w-image align_center\"><a ref=\"magnificPopup\" href=\"https:\/\/www.ilgiulietta.com\/wp-content\/uploads\/2020\/01\/colazione-continentale.jpg\" aria-label=\"colazione continentale\" class=\"w-image-h\"><img decoding=\"async\" width=\"1024\" height=\"1024\" src=\"https:\/\/www.ilgiulietta.com\/wp-content\/uploads\/2020\/01\/colazione-continentale.jpg\" class=\"attachment-large size-large\" alt=\"\" loading=\"lazy\" srcset=\"https:\/\/www.ilgiulietta.com\/wp-content\/uploads\/2020\/01\/colazione-continentale.jpg 1025w, https:\/\/www.ilgiulietta.com\/wp-content\/uploads\/2020\/01\/colazione-continentale-300x300.jpg 300w, https:\/\/www.ilgiulietta.com\/wp-content\/uploads\/2020\/01\/colazione-continentale-150x150.jpg 150w, https:\/\/www.ilgiulietta.com\/wp-content\/uploads\/2020\/01\/colazione-continentale-600x600.jpg 600w\" sizes=\"auto, (max-width: 1024px) 100vw, 1024px\" \/><\/a><\/div><\/div><\/div><\/div><div class=\"vc_col-sm-4 wpb_column vc_column_container\"><div class=\"vc_column-inner\"><div class=\"wpb_wrapper\"><div class=\"wpb_text_column\"><div class=\"wpb_wrapper\"><h6>\u2026e preparati davanti a Voi e a vostro piacimento:<\/h6>\n<p><i class=\"fas fa-check\" style=\"color: #DB8F2B\"><\/i> Golose Crepes<br \/>\n<i class=\"fas fa-check\" style=\"color: #DB8F2B\"><\/i> Wafel ripieni<\/p>\n<\/div><\/div><\/div><\/div><\/div><\/div><\/div><\/section><section class=\"l-section wpb_row us_custom_77338566 height_small\"><div class=\"l-section-h i-cf\"><div class=\"g-cols vc_row via_flex valign_top type_default stacking_default\"><div class=\"vc_col-sm-12 wpb_column vc_column_container\"><div class=\"vc_column-inner\"><div class=\"wpb_wrapper\"><div class=\"wpb_text_column\"><div class=\"wpb_wrapper\"><h6 style=\"text-align: left;\">Pranzo e Cena:<\/h6>\n<\/div><\/div><div class=\"w-separator size_small\"><\/div><div class=\"g-cols wpb_row via_flex valign_top type_default stacking_default\"><div class=\"vc_col-sm-4 wpb_column vc_column_container\"><div class=\"vc_column-inner\"><div class=\"wpb_wrapper\"><div class=\"wpb_text_column\"><div class=\"wpb_wrapper\"><p>A pranzo, dalle 12:15 alle 13:15 e a cena, dalle 19:15 alle 20:15,\u00a0<strong>Caterina<\/strong>\u00a0e\u00a0<strong>Ubaldo<\/strong>\u00a0vi attendono personalmente con ricchi buffets curati dal nostro Chef e dal personale di sala.<\/p>\n<\/div><\/div><div class=\"w-separator size_small\"><\/div><div class=\"w-image align_center\"><a ref=\"magnificPopup\" href=\"https:\/\/www.ilgiulietta.com\/wp-content\/uploads\/2021\/01\/ristorante-giulietta-e-romeo1.jpg\" aria-label=\"ristorante-giulietta-e-romeo1\" class=\"w-image-h\"><img decoding=\"async\" width=\"1024\" height=\"1024\" src=\"https:\/\/www.ilgiulietta.com\/wp-content\/uploads\/2021\/01\/ristorante-giulietta-e-romeo1.jpg\" class=\"attachment-large size-large\" alt=\"\" loading=\"lazy\" srcset=\"https:\/\/www.ilgiulietta.com\/wp-content\/uploads\/2021\/01\/ristorante-giulietta-e-romeo1.jpg 1025w, https:\/\/www.ilgiulietta.com\/wp-content\/uploads\/2021\/01\/ristorante-giulietta-e-romeo1-300x300.jpg 300w, https:\/\/www.ilgiulietta.com\/wp-content\/uploads\/2021\/01\/ristorante-giulietta-e-romeo1-150x150.jpg 150w, https:\/\/www.ilgiulietta.com\/wp-content\/uploads\/2021\/01\/ristorante-giulietta-e-romeo1-600x600.jpg 600w\" sizes=\"auto, (max-width: 1024px) 100vw, 1024px\" \/><\/a><\/div><\/div><\/div><\/div><div class=\"vc_col-sm-4 wpb_column vc_column_container\"><div class=\"vc_column-inner\"><div class=\"wpb_wrapper\"><div class=\"wpb_text_column\"><div class=\"wpb_wrapper\"><div><i class=\"fas fa-check\" style=\"color: #DB8F2B\"><\/i> Il buffet degli <strong>antipasti<\/strong>, con specialit\u00e0 calde e fredde! Troverete anche pizze, bruschette, quiches.<\/div>\n<div><\/div>\n<div><i class=\"fas fa-check\" style=\"color: #DB8F2B\"><\/i> Il buffet delle <strong>verdure<\/strong>. Una lunga tavola addobbata con le pi\u00f9 fresche qualit\u00e0 di verdure, insalate composite e contorni caldi.<\/div>\n<\/div><\/div><div class=\"w-separator size_small\"><\/div><div class=\"w-image align_center\"><a ref=\"magnificPopup\" href=\"https:\/\/www.ilgiulietta.com\/wp-content\/uploads\/2021\/01\/ristorante-giulietta-e-romeo2.jpg\" aria-label=\"ristorante-giulietta-e-romeo2\" class=\"w-image-h\"><img decoding=\"async\" width=\"1024\" height=\"1024\" src=\"https:\/\/www.ilgiulietta.com\/wp-content\/uploads\/2021\/01\/ristorante-giulietta-e-romeo2.jpg\" class=\"attachment-large size-large\" alt=\"\" loading=\"lazy\" srcset=\"https:\/\/www.ilgiulietta.com\/wp-content\/uploads\/2021\/01\/ristorante-giulietta-e-romeo2.jpg 1025w, https:\/\/www.ilgiulietta.com\/wp-content\/uploads\/2021\/01\/ristorante-giulietta-e-romeo2-300x300.jpg 300w, https:\/\/www.ilgiulietta.com\/wp-content\/uploads\/2021\/01\/ristorante-giulietta-e-romeo2-150x150.jpg 150w, https:\/\/www.ilgiulietta.com\/wp-content\/uploads\/2021\/01\/ristorante-giulietta-e-romeo2-600x600.jpg 600w\" sizes=\"auto, (max-width: 1024px) 100vw, 1024px\" \/><\/a><\/div><\/div><\/div><\/div><div class=\"vc_col-sm-4 wpb_column vc_column_container\"><div class=\"vc_column-inner\"><div class=\"wpb_wrapper\"><div class=\"wpb_text_column\"><div class=\"wpb_wrapper\"><div><i class=\"fas fa-check\" style=\"color: #DB8F2B\"><\/i> Il buffet dei <strong>formaggi<\/strong>\u00a0e degli\u00a0<strong>affettati<\/strong>. Ogni giorno formaggi nazionali e regionali nonch\u00e9 un ricco assortimento di affettati nostrani vengono preparati dal nostro personale di sala.<\/div>\n<div><\/div>\n<div><i class=\"fas fa-check\" style=\"color: #DB8F2B\"><\/i> Il buffet dei <strong>primi<\/strong>\u00a0e\u00a0<strong>secondi piatti<\/strong>, servito direttamente dal nostro personale.<\/div>\n<div><\/div>\n<div><i class=\"fas fa-check\" style=\"color: #DB8F2B\"><\/i> Il buffet di <strong>frutta fresca<\/strong>,\u00a0<strong>desserts<\/strong>\u00a0e\u00a0<strong>gelato<\/strong>.<\/div>\n<\/div><\/div><div class=\"w-separator size_small\"><\/div><div class=\"w-image align_center\"><a ref=\"magnificPopup\" href=\"https:\/\/www.ilgiulietta.com\/wp-content\/uploads\/2021\/01\/ristorante-giulietta-e-romeo3.jpg\" aria-label=\"ristorante-giulietta-e-romeo3\" class=\"w-image-h\"><img decoding=\"async\" width=\"1024\" height=\"1024\" src=\"https:\/\/www.ilgiulietta.com\/wp-content\/uploads\/2021\/01\/ristorante-giulietta-e-romeo3.jpg\" class=\"attachment-large size-large\" alt=\"\" loading=\"lazy\" srcset=\"https:\/\/www.ilgiulietta.com\/wp-content\/uploads\/2021\/01\/ristorante-giulietta-e-romeo3.jpg 1025w, https:\/\/www.ilgiulietta.com\/wp-content\/uploads\/2021\/01\/ristorante-giulietta-e-romeo3-300x300.jpg 300w, https:\/\/www.ilgiulietta.com\/wp-content\/uploads\/2021\/01\/ristorante-giulietta-e-romeo3-150x150.jpg 150w, https:\/\/www.ilgiulietta.com\/wp-content\/uploads\/2021\/01\/ristorante-giulietta-e-romeo3-600x600.jpg 600w\" sizes=\"auto, (max-width: 1024px) 100vw, 1024px\" \/><\/a><\/div><\/div><\/div><\/div><\/div><div class=\"g-cols wpb_row via_flex valign_top type_default stacking_default\"><div class=\"vc_col-sm-12 wpb_column vc_column_container\"><div class=\"vc_column-inner\"><div class=\"wpb_wrapper\"><div class=\"w-separator size_medium\"><\/div><div class=\"wpb_text_column\"><div class=\"wpb_wrapper\"><h4 style=\"text-align: center;\">Siamo inoltre a vostra completa disposizione per la preparazione di men\u00f9 personalizzati, legati alle pi\u00f9 diverse esigenze alimentari.<\/h4>\n<\/div><\/div><\/div><\/div><\/div><\/div><\/div><\/div><\/div><\/div><\/div><\/section>\n","protected":false},"excerpt":{"rendered":"Lasciatevi &#8216;coccolare&#8217; dalle Tradizioni Romagnole Ricette Locali ed Internazionali&#8230; da assaporare in piena libert\u00e0! Prima colazione: La colazione Vi attende, gi\u00e0 a partire dalle ore 07,30, uno stuzzicante buffet di specialit\u00e0 dolci e salate, dove la scelta non sar\u00e0 per Voi di certo facile: corn-flakes e cereali, marmellate fresche, miele e nutella, torte fatte in...","protected":false},"author":1,"featured_media":0,"parent":0,"menu_order":0,"comment_status":"closed","ping_status":"closed","template":"","meta":{"footnotes":""},"class_list":["post-5663","page","type-page","status-publish","hentry"],"yoast_head":"<!-- This site is optimized with the Yoast SEO plugin v26.4 - https:\/\/yoast.com\/wordpress\/plugins\/seo\/ -->\n<title>Hotel 3 stelle Cesenatico con Cucina Romagnola<\/title>\n<meta name=\"description\" content=\"Lasciatevi coccolare dalle tradizioni romagnole in cucina. Pranzate dove pi\u00f9 preferite: nella sala ristorante o in veranda. Cena con ricco menu a scelta. Eventuali variazioni o richieste particolari sono le benvenute.\" \/>\n<meta name=\"robots\" content=\"index, follow, max-snippet:-1, max-image-preview:large, max-video-preview:-1\" \/>\n<link rel=\"canonical\" href=\"https:\/\/www.ilgiulietta.com\/it\/hotel-cesenatico-cucina-romagnola.html\" \/>\n<meta property=\"og:locale\" content=\"it_IT\" \/>\n<meta property=\"og:type\" content=\"article\" \/>\n<meta property=\"og:title\" content=\"Hotel 3 stelle Cesenatico con Cucina Romagnola\" \/>\n<meta property=\"og:description\" content=\"Lasciatevi coccolare dalle tradizioni romagnole in cucina. Pranzate dove pi\u00f9 preferite: nella sala ristorante o in veranda. Cena con ricco menu a scelta. Eventuali variazioni o richieste particolari sono le benvenute.\" \/>\n<meta property=\"og:url\" content=\"https:\/\/www.ilgiulietta.com\/it\/hotel-cesenatico-cucina-romagnola.html\" \/>\n<meta property=\"og:site_name\" content=\"Hotel Giulietta e Romeo *** Cesenatico, Spiaggia, Piscina e All inclusive\" \/>\n<meta property=\"article:modified_time\" content=\"2025-01-12T12:21:15+00:00\" \/>\n<meta name=\"twitter:card\" content=\"summary_large_image\" \/>\n<meta name=\"twitter:label1\" content=\"Tempo di lettura stimato\" \/>\n\t<meta name=\"twitter:data1\" content=\"7 minuti\" \/>\n<script type=\"application\/ld+json\" class=\"yoast-schema-graph\">{\"@context\":\"https:\/\/schema.org\",\"@graph\":[{\"@type\":\"WebPage\",\"@id\":\"https:\/\/www.ilgiulietta.com\/it\/hotel-cesenatico-cucina-romagnola.html\",\"url\":\"https:\/\/www.ilgiulietta.com\/it\/hotel-cesenatico-cucina-romagnola.html\",\"name\":\"Hotel 3 stelle Cesenatico con Cucina Romagnola\",\"isPartOf\":{\"@id\":\"https:\/\/www.ilgiulietta.com\/fr\/#website\"},\"datePublished\":\"2020-01-26T16:19:40+00:00\",\"dateModified\":\"2025-01-12T12:21:15+00:00\",\"description\":\"Lasciatevi coccolare dalle tradizioni romagnole in cucina. Pranzate dove pi\u00f9 preferite: nella sala ristorante o in veranda. Cena con ricco menu a scelta. Eventuali variazioni o richieste particolari sono le benvenute.\",\"breadcrumb\":{\"@id\":\"https:\/\/www.ilgiulietta.com\/it\/hotel-cesenatico-cucina-romagnola.html#breadcrumb\"},\"inLanguage\":\"it-IT\",\"potentialAction\":[{\"@type\":\"ReadAction\",\"target\":[\"https:\/\/www.ilgiulietta.com\/it\/hotel-cesenatico-cucina-romagnola.html\"]}]},{\"@type\":\"BreadcrumbList\",\"@id\":\"https:\/\/www.ilgiulietta.com\/it\/hotel-cesenatico-cucina-romagnola.html#breadcrumb\",\"itemListElement\":[{\"@type\":\"ListItem\",\"position\":1,\"name\":\"Home\",\"item\":\"https:\/\/www.ilgiulietta.com\/it\"},{\"@type\":\"ListItem\",\"position\":2,\"name\":\"Hotel 3 stelle Cesenatico con Cucina Romagnola\"}]},{\"@type\":\"WebSite\",\"@id\":\"https:\/\/www.ilgiulietta.com\/fr\/#website\",\"url\":\"https:\/\/www.ilgiulietta.com\/fr\/\",\"name\":\"Hotel Giulietta e Romeo *** Cesenatico, Spiaggia, Piscina e All inclusive\",\"description\":\"Vacanze a Cesenatico\",\"potentialAction\":[{\"@type\":\"SearchAction\",\"target\":{\"@type\":\"EntryPoint\",\"urlTemplate\":\"https:\/\/www.ilgiulietta.com\/fr\/?s={search_term_string}\"},\"query-input\":{\"@type\":\"PropertyValueSpecification\",\"valueRequired\":true,\"valueName\":\"search_term_string\"}}],\"inLanguage\":\"it-IT\"}]}<\/script>\n<!-- \/ Yoast SEO plugin. -->","yoast_head_json":{"title":"Hotel 3 stelle Cesenatico con Cucina Romagnola","description":"Lasciatevi coccolare dalle tradizioni romagnole in cucina. Pranzate dove pi\u00f9 preferite: nella sala ristorante o in veranda. Cena con ricco menu a scelta. Eventuali variazioni o richieste particolari sono le benvenute.","robots":{"index":"index","follow":"follow","max-snippet":"max-snippet:-1","max-image-preview":"max-image-preview:large","max-video-preview":"max-video-preview:-1"},"canonical":"https:\/\/www.ilgiulietta.com\/it\/hotel-cesenatico-cucina-romagnola.html","og_locale":"it_IT","og_type":"article","og_title":"Hotel 3 stelle Cesenatico con Cucina Romagnola","og_description":"Lasciatevi coccolare dalle tradizioni romagnole in cucina. Pranzate dove pi\u00f9 preferite: nella sala ristorante o in veranda. Cena con ricco menu a scelta. Eventuali variazioni o richieste particolari sono le benvenute.","og_url":"https:\/\/www.ilgiulietta.com\/it\/hotel-cesenatico-cucina-romagnola.html","og_site_name":"Hotel Giulietta e Romeo *** Cesenatico, Spiaggia, Piscina e All inclusive","article_modified_time":"2025-01-12T12:21:15+00:00","twitter_card":"summary_large_image","twitter_misc":{"Tempo di lettura stimato":"7 minuti"},"schema":{"@context":"https:\/\/schema.org","@graph":[{"@type":"WebPage","@id":"https:\/\/www.ilgiulietta.com\/it\/hotel-cesenatico-cucina-romagnola.html","url":"https:\/\/www.ilgiulietta.com\/it\/hotel-cesenatico-cucina-romagnola.html","name":"Hotel 3 stelle Cesenatico con Cucina Romagnola","isPartOf":{"@id":"https:\/\/www.ilgiulietta.com\/fr\/#website"},"datePublished":"2020-01-26T16:19:40+00:00","dateModified":"2025-01-12T12:21:15+00:00","description":"Lasciatevi coccolare dalle tradizioni romagnole in cucina. Pranzate dove pi\u00f9 preferite: nella sala ristorante o in veranda. Cena con ricco menu a scelta. Eventuali variazioni o richieste particolari sono le benvenute.","breadcrumb":{"@id":"https:\/\/www.ilgiulietta.com\/it\/hotel-cesenatico-cucina-romagnola.html#breadcrumb"},"inLanguage":"it-IT","potentialAction":[{"@type":"ReadAction","target":["https:\/\/www.ilgiulietta.com\/it\/hotel-cesenatico-cucina-romagnola.html"]}]},{"@type":"BreadcrumbList","@id":"https:\/\/www.ilgiulietta.com\/it\/hotel-cesenatico-cucina-romagnola.html#breadcrumb","itemListElement":[{"@type":"ListItem","position":1,"name":"Home","item":"https:\/\/www.ilgiulietta.com\/it"},{"@type":"ListItem","position":2,"name":"Hotel 3 stelle Cesenatico con Cucina Romagnola"}]},{"@type":"WebSite","@id":"https:\/\/www.ilgiulietta.com\/fr\/#website","url":"https:\/\/www.ilgiulietta.com\/fr\/","name":"Hotel Giulietta e Romeo *** Cesenatico, Spiaggia, Piscina e All inclusive","description":"Vacanze a Cesenatico","potentialAction":[{"@type":"SearchAction","target":{"@type":"EntryPoint","urlTemplate":"https:\/\/www.ilgiulietta.com\/fr\/?s={search_term_string}"},"query-input":{"@type":"PropertyValueSpecification","valueRequired":true,"valueName":"search_term_string"}}],"inLanguage":"it-IT"}]}},"_links":{"self":[{"href":"https:\/\/www.ilgiulietta.com\/it\/wp-json\/wp\/v2\/pages\/5663","targetHints":{"allow":["GET"]}}],"collection":[{"href":"https:\/\/www.ilgiulietta.com\/it\/wp-json\/wp\/v2\/pages"}],"about":[{"href":"https:\/\/www.ilgiulietta.com\/it\/wp-json\/wp\/v2\/types\/page"}],"author":[{"embeddable":true,"href":"https:\/\/www.ilgiulietta.com\/it\/wp-json\/wp\/v2\/users\/1"}],"replies":[{"embeddable":true,"href":"https:\/\/www.ilgiulietta.com\/it\/wp-json\/wp\/v2\/comments?post=5663"}],"version-history":[{"count":104,"href":"https:\/\/www.ilgiulietta.com\/it\/wp-json\/wp\/v2\/pages\/5663\/revisions"}],"predecessor-version":[{"id":9629,"href":"https:\/\/www.ilgiulietta.com\/it\/wp-json\/wp\/v2\/pages\/5663\/revisions\/9629"}],"wp:attachment":[{"href":"https:\/\/www.ilgiulietta.com\/it\/wp-json\/wp\/v2\/media?parent=5663"}],"curies":[{"name":"wp","href":"https:\/\/api.w.org\/{rel}","templated":true}]}}