{"id":9598,"date":"2025-01-12T11:02:28","date_gmt":"2025-01-12T11:02:28","guid":{"rendered":"https:\/\/www.ilgiulietta.com\/?page_id=9598"},"modified":"2025-01-12T11:03:55","modified_gmt":"2025-01-12T11:03:55","slug":"pet-friendly-hotel-cesenatico","status":"publish","type":"page","link":"https:\/\/www.ilgiulietta.com\/fr\/pet-friendly-hotel-cesenatico","title":{"rendered":"Pet Friendly Hotel Cesenatico"},"content":{"rendered":"<section class=\"l-section wpb_row height_auto width_full\"><div class=\"l-section-h i-cf\"><div class=\"g-cols vc_row via_flex valign_top type_default stacking_default\"><div class=\"vc_col-sm-12 wpb_column vc_column_container\"><div class=\"vc_column-inner\"><div class=\"wpb_wrapper\"><div class=\"w-image align_center\"><div class=\"w-image-h\"><img decoding=\"async\" width=\"2000\" height=\"772\" src=\"https:\/\/www.ilgiulietta.com\/wp-content\/uploads\/2021\/01\/vacanze-pet-friendly.jpg\" class=\"attachment-full size-full\" alt=\"\" loading=\"lazy\" srcset=\"https:\/\/www.ilgiulietta.com\/wp-content\/uploads\/2021\/01\/vacanze-pet-friendly.jpg 2000w, https:\/\/www.ilgiulietta.com\/wp-content\/uploads\/2021\/01\/vacanze-pet-friendly-300x116.jpg 300w, https:\/\/www.ilgiulietta.com\/wp-content\/uploads\/2021\/01\/vacanze-pet-friendly-1024x395.jpg 1024w, https:\/\/www.ilgiulietta.com\/wp-content\/uploads\/2021\/01\/vacanze-pet-friendly-1536x593.jpg 1536w\" sizes=\"auto, (max-width: 2000px) 100vw, 2000px\" \/><\/div><\/div><\/div><\/div><\/div><\/div><\/div><\/section><section class=\"l-section wpb_row us_custom_4fb9e5a3 height_small\"><div class=\"l-section-h i-cf\"><div class=\"g-cols vc_row via_flex valign_top type_default stacking_default\"><div class=\"vc_col-sm-12 wpb_column vc_column_container\"><div class=\"vc_column-inner\"><div class=\"wpb_wrapper\"><div class=\"wpb_text_column us_custom_4fb9e5a3\"><div class=\"wpb_wrapper\"><h5 style=\"text-align: center;\">Tous les amis \u00e0 quatre pattes sont les bienvenus chez nous!<\/h5>\n<\/div><\/div><\/div><\/div><\/div><\/div><\/div><\/section><section class=\"l-section wpb_row height_auto width_full\"><div class=\"l-section-h i-cf\"><div class=\"g-cols vc_row via_flex valign_middle type_default stacking_default\"><div class=\"vc_col-sm-6 wpb_column vc_column_container\"><div class=\"vc_column-inner\"><div class=\"wpb_wrapper\"><div class=\"w-image align_none\"><div class=\"w-image-h\"><img decoding=\"async\" width=\"1024\" height=\"1024\" src=\"https:\/\/www.ilgiulietta.com\/wp-content\/uploads\/2018\/02\/pet-friendly-hotel-1024x1024.jpg\" class=\"attachment-large size-large\" alt=\"\" loading=\"lazy\" srcset=\"https:\/\/www.ilgiulietta.com\/wp-content\/uploads\/2018\/02\/pet-friendly-hotel-1024x1024.jpg 1024w, https:\/\/www.ilgiulietta.com\/wp-content\/uploads\/2018\/02\/pet-friendly-hotel-300x300.jpg 300w, https:\/\/www.ilgiulietta.com\/wp-content\/uploads\/2018\/02\/pet-friendly-hotel-150x150.jpg 150w, https:\/\/www.ilgiulietta.com\/wp-content\/uploads\/2018\/02\/pet-friendly-hotel-600x600.jpg 600w, https:\/\/www.ilgiulietta.com\/wp-content\/uploads\/2018\/02\/pet-friendly-hotel.jpg 1400w\" sizes=\"auto, (max-width: 1024px) 100vw, 1024px\" \/><\/div><\/div><\/div><\/div><\/div><div class=\"vc_col-sm-6 wpb_column vc_column_container\"><div class=\"vc_column-inner\"><div class=\"wpb_wrapper\"><div class=\"w-separator size_medium\"><\/div><div class=\"wpb_text_column\"><div class=\"wpb_wrapper\"><h4>Avec un suppl\u00e9ment de \u20ac 6,00 par jour, voici les services inclus:<\/h4>\n<p>&nbsp;<\/p>\n<ul>\n<li>Nettoyage et d\u00e9sinfection suppl\u00e9mentaire de la chambre<\/li>\n<li>Chambres avec balcons s\u00e9curis\u00e9s<\/li>\n<li>Possibilit\u00e9 de \u00ab\u00a0douche\u00a0\u00bb en plein air<\/li>\n<li>Petit-d\u00e9jeuner, D\u00e9jeuner et D\u00eener dans le jardin, au cas o\u00f9 le chien n&rsquo;aurait pas l&rsquo;habitude de rester seul dans la chambre pendant les repas.<\/li>\n<\/ul>\n<\/div><\/div><div class=\"w-separator size_medium\"><\/div><div class=\"w-grid us_grid type_grid layout_gallery_default cols_4 preload_style_spinner\" id=\"us_grid_1\" style=\"--columns:4;--gap:1.5rem;\" data-filterable=\"true\"><style>@media (max-width:1380px){#us_grid_1{--columns:3!important}}@media (max-width:1024px){#us_grid_1{--columns:2!important}}@media (max-width:600px){#us_grid_1{--columns:1!important}}.layout_gallery_default .w-grid-item-h{}<\/style><div class=\"w-grid-list\">\t<article class=\"w-grid-item size_1x1 post-8239 attachment type-attachment status-inherit hentry\" data-id=\"8239\">\r\n\t\t<div class=\"w-grid-item-h\">\r\n\t\t\t\t\t\t<div class=\"w-post-elm post_image usg_post_image_1 stretched\"><img loading=\"lazy\" decoding=\"async\" width=\"600\" height=\"450\" src=\"https:\/\/www.ilgiulietta.com\/wp-content\/uploads\/2021\/01\/pet-friendly-hotel-4.jpg\" class=\"attachment-large size-large\" alt=\"\" srcset=\"https:\/\/www.ilgiulietta.com\/wp-content\/uploads\/2021\/01\/pet-friendly-hotel-4.jpg 600w, https:\/\/www.ilgiulietta.com\/wp-content\/uploads\/2021\/01\/pet-friendly-hotel-4-300x225.jpg 300w\" sizes=\"auto, (max-width: 600px) 100vw, 600px\" \/><\/div>\t\t<\/div>\r\n\t\t\t<\/article>\r\n\t<article class=\"w-grid-item size_1x1 post-8236 attachment type-attachment status-inherit hentry\" data-id=\"8236\">\r\n\t\t<div class=\"w-grid-item-h\">\r\n\t\t\t\t\t\t<div class=\"w-post-elm post_image usg_post_image_1 stretched\"><img loading=\"lazy\" decoding=\"async\" width=\"472\" height=\"315\" src=\"https:\/\/www.ilgiulietta.com\/wp-content\/uploads\/2021\/01\/pet-friendly-hotel-3.jpg\" class=\"attachment-large size-large\" alt=\"\" srcset=\"https:\/\/www.ilgiulietta.com\/wp-content\/uploads\/2021\/01\/pet-friendly-hotel-3.jpg 472w, https:\/\/www.ilgiulietta.com\/wp-content\/uploads\/2021\/01\/pet-friendly-hotel-3-300x200.jpg 300w\" sizes=\"auto, (max-width: 472px) 100vw, 472px\" \/><\/div>\t\t<\/div>\r\n\t\t\t<\/article>\r\n\t<article class=\"w-grid-item size_1x1 post-8233 attachment type-attachment status-inherit hentry\" data-id=\"8233\">\r\n\t\t<div class=\"w-grid-item-h\">\r\n\t\t\t\t\t\t<div class=\"w-post-elm post_image usg_post_image_1 stretched\"><img loading=\"lazy\" decoding=\"async\" width=\"600\" height=\"450\" src=\"https:\/\/www.ilgiulietta.com\/wp-content\/uploads\/2021\/01\/pet-friendly-hotel-2.jpg\" class=\"attachment-large size-large\" alt=\"\" srcset=\"https:\/\/www.ilgiulietta.com\/wp-content\/uploads\/2021\/01\/pet-friendly-hotel-2.jpg 600w, https:\/\/www.ilgiulietta.com\/wp-content\/uploads\/2021\/01\/pet-friendly-hotel-2-300x225.jpg 300w\" sizes=\"auto, (max-width: 600px) 100vw, 600px\" \/><\/div>\t\t<\/div>\r\n\t\t\t<\/article>\r\n\t<article class=\"w-grid-item size_1x1 post-8230 attachment type-attachment status-inherit hentry\" data-id=\"8230\">\r\n\t\t<div class=\"w-grid-item-h\">\r\n\t\t\t\t\t\t<div class=\"w-post-elm post_image usg_post_image_1 stretched\"><img loading=\"lazy\" decoding=\"async\" width=\"600\" height=\"400\" src=\"https:\/\/www.ilgiulietta.com\/wp-content\/uploads\/2021\/01\/pet-friendly-hotel-1.jpg\" class=\"attachment-large size-large\" alt=\"\" srcset=\"https:\/\/www.ilgiulietta.com\/wp-content\/uploads\/2021\/01\/pet-friendly-hotel-1.jpg 600w, https:\/\/www.ilgiulietta.com\/wp-content\/uploads\/2021\/01\/pet-friendly-hotel-1-300x200.jpg 300w\" sizes=\"auto, (max-width: 600px) 100vw, 600px\" \/><\/div>\t\t<\/div>\r\n\t\t\t<\/article>\r\n<\/div>\t<div class=\"w-grid-preloader\">\r\n\t\t<div class=\"g-preloader type_3\">\r\n\t\t\t<div><\/div>\r\n\t\t<\/div>\r\n\t<\/div>\r\n\t\t<div class=\"w-grid-json hidden\" onclick='return {&quot;action&quot;:&quot;us_ajax_grid&quot;,&quot;infinite_scroll&quot;:0,&quot;max_num_pages&quot;:1,&quot;pagination&quot;:&quot;none&quot;,&quot;template_vars&quot;:{&quot;columns&quot;:&quot;4&quot;,&quot;exclude_items&quot;:&quot;none&quot;,&quot;img_size&quot;:&quot;default&quot;,&quot;ignore_items_size&quot;:0,&quot;items_layout&quot;:&quot;gallery_default&quot;,&quot;items_offset&quot;:&quot;1&quot;,&quot;load_animation&quot;:&quot;none&quot;,&quot;overriding_link&quot;:&quot;{\\&quot;url\\&quot;:\\&quot;\\&quot;}&quot;,&quot;post_id&quot;:0,&quot;query_args&quot;:{&quot;post_type&quot;:[&quot;attachment&quot;],&quot;post__in&quot;:[&quot;8229&quot;,&quot;8232&quot;,&quot;8235&quot;,&quot;8238&quot;],&quot;post_status&quot;:&quot;inherit&quot;,&quot;post_mime_type&quot;:&quot;image&quot;,&quot;posts_per_page&quot;:&quot;4&quot;},&quot;orderby_query_args&quot;:{&quot;orderby&quot;:{&quot;date&quot;:&quot;DESC&quot;}},&quot;type&quot;:&quot;grid&quot;,&quot;us_grid_post_type&quot;:&quot;attachment&quot;,&quot;us_grid_ajax_index&quot;:1,&quot;us_grid_filter_query_string&quot;:null,&quot;us_grid_index&quot;:1,&quot;page_args&quot;:[],&quot;lang&quot;:&quot;fr&quot;}}'><\/div>\r\n\t<\/div><\/div><\/div><\/div><\/div><\/div><\/section>\n","protected":false},"excerpt":{"rendered":"","protected":false},"author":1,"featured_media":0,"parent":0,"menu_order":0,"comment_status":"closed","ping_status":"closed","template":"","meta":{"footnotes":""},"class_list":["post-9598","page","type-page","status-publish","hentry"],"yoast_head":"<!-- This site is optimized with the Yoast SEO plugin v26.4 - https:\/\/yoast.com\/wordpress\/plugins\/seo\/ -->\n<title>Pet Friendly Hotel Cesenatico - Hotel Giulietta e Romeo *** Cesenatico, Spiaggia, Piscina e All inclusive<\/title>\n<meta name=\"robots\" content=\"index, follow, max-snippet:-1, max-image-preview:large, max-video-preview:-1\" \/>\n<link rel=\"canonical\" href=\"https:\/\/www.ilgiulietta.com\/fr\/pet-friendly-hotel-cesenatico.html\" \/>\n<meta property=\"og:locale\" content=\"fr_FR\" \/>\n<meta property=\"og:type\" content=\"article\" \/>\n<meta property=\"og:title\" content=\"Pet Friendly Hotel Cesenatico - Hotel Giulietta e Romeo *** Cesenatico, Spiaggia, Piscina e All inclusive\" \/>\n<meta property=\"og:url\" content=\"https:\/\/www.ilgiulietta.com\/fr\/pet-friendly-hotel-cesenatico.html\" \/>\n<meta property=\"og:site_name\" content=\"Hotel Giulietta e Romeo *** Cesenatico, Spiaggia, Piscina e All inclusive\" \/>\n<meta property=\"article:modified_time\" content=\"2025-01-12T11:03:55+00:00\" \/>\n<meta name=\"twitter:card\" content=\"summary_large_image\" \/>\n<meta name=\"twitter:label1\" content=\"Dur\u00e9e de lecture estim\u00e9e\" \/>\n\t<meta name=\"twitter:data1\" content=\"2 minutes\" \/>\n<script type=\"application\/ld+json\" class=\"yoast-schema-graph\">{\"@context\":\"https:\/\/schema.org\",\"@graph\":[{\"@type\":\"WebPage\",\"@id\":\"https:\/\/www.ilgiulietta.com\/fr\/pet-friendly-hotel-cesenatico.html\",\"url\":\"https:\/\/www.ilgiulietta.com\/fr\/pet-friendly-hotel-cesenatico.html\",\"name\":\"Pet Friendly Hotel Cesenatico - Hotel Giulietta e Romeo *** Cesenatico, Spiaggia, Piscina e All inclusive\",\"isPartOf\":{\"@id\":\"https:\/\/www.ilgiulietta.com\/fr\/#website\"},\"datePublished\":\"2025-01-12T11:02:28+00:00\",\"dateModified\":\"2025-01-12T11:03:55+00:00\",\"breadcrumb\":{\"@id\":\"https:\/\/www.ilgiulietta.com\/fr\/pet-friendly-hotel-cesenatico.html#breadcrumb\"},\"inLanguage\":\"fr-FR\",\"potentialAction\":[{\"@type\":\"ReadAction\",\"target\":[\"https:\/\/www.ilgiulietta.com\/fr\/pet-friendly-hotel-cesenatico.html\"]}]},{\"@type\":\"BreadcrumbList\",\"@id\":\"https:\/\/www.ilgiulietta.com\/fr\/pet-friendly-hotel-cesenatico.html#breadcrumb\",\"itemListElement\":[{\"@type\":\"ListItem\",\"position\":1,\"name\":\"Home\",\"item\":\"https:\/\/www.ilgiulietta.com\/fr\"},{\"@type\":\"ListItem\",\"position\":2,\"name\":\"Pet Friendly Hotel Cesenatico\"}]},{\"@type\":\"WebSite\",\"@id\":\"https:\/\/www.ilgiulietta.com\/fr\/#website\",\"url\":\"https:\/\/www.ilgiulietta.com\/fr\/\",\"name\":\"Hotel Giulietta e Romeo *** Cesenatico, Spiaggia, Piscina e All inclusive\",\"description\":\"Vacanze a Cesenatico\",\"potentialAction\":[{\"@type\":\"SearchAction\",\"target\":{\"@type\":\"EntryPoint\",\"urlTemplate\":\"https:\/\/www.ilgiulietta.com\/fr\/?s={search_term_string}\"},\"query-input\":{\"@type\":\"PropertyValueSpecification\",\"valueRequired\":true,\"valueName\":\"search_term_string\"}}],\"inLanguage\":\"fr-FR\"}]}<\/script>\n<!-- \/ Yoast SEO plugin. -->","yoast_head_json":{"title":"Pet Friendly Hotel Cesenatico - Hotel Giulietta e Romeo *** Cesenatico, Spiaggia, Piscina e All inclusive","robots":{"index":"index","follow":"follow","max-snippet":"max-snippet:-1","max-image-preview":"max-image-preview:large","max-video-preview":"max-video-preview:-1"},"canonical":"https:\/\/www.ilgiulietta.com\/fr\/pet-friendly-hotel-cesenatico.html","og_locale":"fr_FR","og_type":"article","og_title":"Pet Friendly Hotel Cesenatico - Hotel Giulietta e Romeo *** Cesenatico, Spiaggia, Piscina e All inclusive","og_url":"https:\/\/www.ilgiulietta.com\/fr\/pet-friendly-hotel-cesenatico.html","og_site_name":"Hotel Giulietta e Romeo *** Cesenatico, Spiaggia, Piscina e All inclusive","article_modified_time":"2025-01-12T11:03:55+00:00","twitter_card":"summary_large_image","twitter_misc":{"Dur\u00e9e de lecture estim\u00e9e":"2 minutes"},"schema":{"@context":"https:\/\/schema.org","@graph":[{"@type":"WebPage","@id":"https:\/\/www.ilgiulietta.com\/fr\/pet-friendly-hotel-cesenatico.html","url":"https:\/\/www.ilgiulietta.com\/fr\/pet-friendly-hotel-cesenatico.html","name":"Pet Friendly Hotel Cesenatico - Hotel Giulietta e Romeo *** Cesenatico, Spiaggia, Piscina e All inclusive","isPartOf":{"@id":"https:\/\/www.ilgiulietta.com\/fr\/#website"},"datePublished":"2025-01-12T11:02:28+00:00","dateModified":"2025-01-12T11:03:55+00:00","breadcrumb":{"@id":"https:\/\/www.ilgiulietta.com\/fr\/pet-friendly-hotel-cesenatico.html#breadcrumb"},"inLanguage":"fr-FR","potentialAction":[{"@type":"ReadAction","target":["https:\/\/www.ilgiulietta.com\/fr\/pet-friendly-hotel-cesenatico.html"]}]},{"@type":"BreadcrumbList","@id":"https:\/\/www.ilgiulietta.com\/fr\/pet-friendly-hotel-cesenatico.html#breadcrumb","itemListElement":[{"@type":"ListItem","position":1,"name":"Home","item":"https:\/\/www.ilgiulietta.com\/fr"},{"@type":"ListItem","position":2,"name":"Pet Friendly Hotel Cesenatico"}]},{"@type":"WebSite","@id":"https:\/\/www.ilgiulietta.com\/fr\/#website","url":"https:\/\/www.ilgiulietta.com\/fr\/","name":"Hotel Giulietta e Romeo *** Cesenatico, Spiaggia, Piscina e All inclusive","description":"Vacanze a Cesenatico","potentialAction":[{"@type":"SearchAction","target":{"@type":"EntryPoint","urlTemplate":"https:\/\/www.ilgiulietta.com\/fr\/?s={search_term_string}"},"query-input":{"@type":"PropertyValueSpecification","valueRequired":true,"valueName":"search_term_string"}}],"inLanguage":"fr-FR"}]}},"_links":{"self":[{"href":"https:\/\/www.ilgiulietta.com\/fr\/wp-json\/wp\/v2\/pages\/9598","targetHints":{"allow":["GET"]}}],"collection":[{"href":"https:\/\/www.ilgiulietta.com\/fr\/wp-json\/wp\/v2\/pages"}],"about":[{"href":"https:\/\/www.ilgiulietta.com\/fr\/wp-json\/wp\/v2\/types\/page"}],"author":[{"embeddable":true,"href":"https:\/\/www.ilgiulietta.com\/fr\/wp-json\/wp\/v2\/users\/1"}],"replies":[{"embeddable":true,"href":"https:\/\/www.ilgiulietta.com\/fr\/wp-json\/wp\/v2\/comments?post=9598"}],"version-history":[{"count":3,"href":"https:\/\/www.ilgiulietta.com\/fr\/wp-json\/wp\/v2\/pages\/9598\/revisions"}],"predecessor-version":[{"id":9601,"href":"https:\/\/www.ilgiulietta.com\/fr\/wp-json\/wp\/v2\/pages\/9598\/revisions\/9601"}],"wp:attachment":[{"href":"https:\/\/www.ilgiulietta.com\/fr\/wp-json\/wp\/v2\/media?parent=9598"}],"curies":[{"name":"wp","href":"https:\/\/api.w.org\/{rel}","templated":true}]}}