{"id":8728,"date":"2021-02-14T13:41:11","date_gmt":"2021-02-14T13:41:11","guid":{"rendered":"https:\/\/ufficio80.xyz\/giulietta\/?page_id=8728"},"modified":"2025-01-12T12:47:08","modified_gmt":"2025-01-12T12:47:08","slug":"equipe-hotel-giulietta-cesenatico","status":"publish","type":"page","link":"https:\/\/www.ilgiulietta.com\/fr\/equipe-hotel-giulietta-cesenatico","title":{"rendered":"Notre \u00e9quipe, Hotel Giulietta et Romeo Cesenatico"},"content":{"rendered":"<section class=\"l-section wpb_row height_auto\"><div class=\"l-section-h i-cf\"><div class=\"g-cols vc_row via_flex valign_top type_default stacking_default\"><div class=\"vc_col-sm-12 wpb_column vc_column_container\"><div class=\"vc_column-inner\"><div class=\"wpb_wrapper\"><div class=\"w-separator size_medium\"><\/div><div class=\"wpb_text_column us_custom_8665cf32\"><div class=\"wpb_wrapper\"><div class=\"wpb_text_column \">\n<div class=\"wpb_wrapper\">\n<h6 style=\"text-align: center;\"><span style=\"font-size: 18pt;\">Ceci est notre \u00e9quipe, cela est notre famille&#8230;<br \/>\nH\u00f4teliers depuis 1956<\/span><\/h6>\n<\/div>\n<\/div>\n<\/div><\/div><\/div><\/div><\/div><\/div><\/div><\/section><section class=\"l-section wpb_row height_auto\"><div class=\"l-section-h i-cf\"><div class=\"g-cols vc_row via_flex valign_top type_default stacking_default\"><div class=\"vc_col-sm-6 wpb_column vc_column_container\"><div class=\"vc_column-inner\"><div class=\"wpb_wrapper\"><div class=\"w-image align_center\"><div class=\"w-image-h\"><img decoding=\"async\" width=\"1024\" height=\"1024\" src=\"https:\/\/www.ilgiulietta.com\/wp-content\/uploads\/2020\/01\/la-casa-dei-sorrisi_-1.jpg\" class=\"attachment-large size-large\" alt=\"\" loading=\"lazy\" srcset=\"https:\/\/www.ilgiulietta.com\/wp-content\/uploads\/2020\/01\/la-casa-dei-sorrisi_-1.jpg 1024w, https:\/\/www.ilgiulietta.com\/wp-content\/uploads\/2020\/01\/la-casa-dei-sorrisi_-1-300x300.jpg 300w, https:\/\/www.ilgiulietta.com\/wp-content\/uploads\/2020\/01\/la-casa-dei-sorrisi_-1-150x150.jpg 150w, https:\/\/www.ilgiulietta.com\/wp-content\/uploads\/2020\/01\/la-casa-dei-sorrisi_-1-600x600.jpg 600w\" sizes=\"auto, (max-width: 1024px) 100vw, 1024px\" \/><\/div><\/div><div class=\"wpb_text_column\"><div class=\"wpb_wrapper\"><h3 style=\"text-align: center;\">Luciana<\/h3>\n<\/div><\/div><div class=\"wpb_text_column\"><div class=\"wpb_wrapper\"><p style=\"text-align: center;\"><span style=\"color: #db8f2b;\"><strong>La bonne cuisine traditionnelle!<\/strong><\/span><\/p>\n<\/div><\/div><div class=\"w-separator size_medium\"><\/div><\/div><\/div><\/div><div class=\"vc_col-sm-6 wpb_column vc_column_container\"><div class=\"vc_column-inner\"><div class=\"wpb_wrapper\"><div class=\"w-image align_center\"><div class=\"w-image-h\"><img decoding=\"async\" width=\"1024\" height=\"1024\" src=\"https:\/\/www.ilgiulietta.com\/wp-content\/uploads\/2020\/04\/walter.jpg\" class=\"attachment-large size-large\" alt=\"\" loading=\"lazy\" srcset=\"https:\/\/www.ilgiulietta.com\/wp-content\/uploads\/2020\/04\/walter.jpg 1024w, https:\/\/www.ilgiulietta.com\/wp-content\/uploads\/2020\/04\/walter-300x300.jpg 300w, https:\/\/www.ilgiulietta.com\/wp-content\/uploads\/2020\/04\/walter-150x150.jpg 150w, https:\/\/www.ilgiulietta.com\/wp-content\/uploads\/2020\/04\/walter-600x600.jpg 600w\" sizes=\"auto, (max-width: 1024px) 100vw, 1024px\" \/><\/div><\/div><div class=\"wpb_text_column\"><div class=\"wpb_wrapper\"><h3 style=\"text-align: center;\">Walter<\/h3>\n<\/div><\/div><div class=\"wpb_text_column\"><div class=\"wpb_wrapper\"><p style=\"text-align: center;\"><span style=\"color: #db8f2b;\"><strong>Bar: une passion \u00e0 vie<\/strong><\/span><\/p>\n<\/div><\/div><div class=\"w-separator size_medium\"><\/div><\/div><\/div><\/div><\/div><\/div><\/section><section class=\"l-section wpb_row height_auto\"><div class=\"l-section-h i-cf\"><div class=\"g-cols vc_row via_flex valign_top type_default stacking_default\"><div class=\"vc_col-sm-6 wpb_column vc_column_container\"><div class=\"vc_column-inner\"><div class=\"wpb_wrapper\"><div class=\"w-image align_center\"><div class=\"w-image-h\"><img decoding=\"async\" width=\"1024\" height=\"1024\" src=\"https:\/\/www.ilgiulietta.com\/wp-content\/uploads\/2009\/01\/richiesta2.jpg\" class=\"attachment-large size-large\" alt=\"\" loading=\"lazy\" srcset=\"https:\/\/www.ilgiulietta.com\/wp-content\/uploads\/2009\/01\/richiesta2.jpg 1024w, https:\/\/www.ilgiulietta.com\/wp-content\/uploads\/2009\/01\/richiesta2-300x300.jpg 300w, https:\/\/www.ilgiulietta.com\/wp-content\/uploads\/2009\/01\/richiesta2-150x150.jpg 150w, https:\/\/www.ilgiulietta.com\/wp-content\/uploads\/2009\/01\/richiesta2-600x600.jpg 600w\" sizes=\"auto, (max-width: 1024px) 100vw, 1024px\" \/><\/div><\/div><div class=\"wpb_text_column\"><div class=\"wpb_wrapper\"><h3 style=\"text-align: center;\">Caterina &amp; Petra<\/h3>\n<\/div><\/div><div class=\"wpb_text_column\"><div class=\"wpb_wrapper\"><p style=\"text-align: center;\"><span style=\"color: #db8f2b;\"><strong>Courtoisie et efficacit\u00e9<\/strong><\/span><\/p>\n<\/div><\/div><div class=\"w-separator size_medium\"><\/div><\/div><\/div><\/div><div class=\"vc_col-sm-6 wpb_column vc_column_container\"><div class=\"vc_column-inner\"><div class=\"wpb_wrapper\"><div class=\"w-image align_center\"><div class=\"w-image-h\"><img decoding=\"async\" width=\"1024\" height=\"1024\" src=\"https:\/\/www.ilgiulietta.com\/wp-content\/uploads\/2020\/04\/Ubaldo_.jpg\" class=\"attachment-large size-large\" alt=\"\" loading=\"lazy\" srcset=\"https:\/\/www.ilgiulietta.com\/wp-content\/uploads\/2020\/04\/Ubaldo_.jpg 1024w, https:\/\/www.ilgiulietta.com\/wp-content\/uploads\/2020\/04\/Ubaldo_-300x300.jpg 300w, https:\/\/www.ilgiulietta.com\/wp-content\/uploads\/2020\/04\/Ubaldo_-150x150.jpg 150w, https:\/\/www.ilgiulietta.com\/wp-content\/uploads\/2020\/04\/Ubaldo_-600x600.jpg 600w\" sizes=\"auto, (max-width: 1024px) 100vw, 1024px\" \/><\/div><\/div><div class=\"wpb_text_column\"><div class=\"wpb_wrapper\"><h3 style=\"text-align: center;\">Ubaldo<\/h3>\n<\/div><\/div><div class=\"wpb_text_column\"><div class=\"wpb_wrapper\"><p style=\"text-align: center;\"><span style=\"color: #db8f2b;\"><strong>Nous sommes ici pour Vous!!<\/strong><\/span><\/p>\n<\/div><\/div><div class=\"w-separator size_medium\"><\/div><\/div><\/div><\/div><\/div><\/div><\/section><section class=\"l-section wpb_row height_auto width_full\"><div class=\"l-section-h i-cf\"><div class=\"g-cols vc_row via_flex valign_top type_default stacking_default\"><div class=\"vc_col-sm-12 wpb_column vc_column_container\"><div class=\"vc_column-inner\"><div class=\"wpb_wrapper\"><div class=\"w-grid us_grid type_grid layout_gallery_default cols_4 preload_style_spinner\" id=\"us_grid_1\" style=\"--columns:4;\" data-filterable=\"true\"><style>@media (max-width:1380px){#us_grid_1{--columns:3!important}}@media (max-width:1024px){#us_grid_1{--columns:2!important}}@media (max-width:600px){#us_grid_1{--columns:2!important}}.layout_gallery_default .w-grid-item-h{}<\/style><div class=\"w-grid-list\">\t<article class=\"w-grid-item size_1x1 post-8105 attachment type-attachment status-inherit hentry\" data-id=\"8105\">\r\n\t\t<div class=\"w-grid-item-h\">\r\n\t\t\t\t\t\t\t<a ref=\"magnificPopupGrid\" href=\"https:\/\/www.ilgiulietta.com\/wp-content\/uploads\/2020\/04\/lucianawalter.jpg\" class=\"w-grid-item-anchor\" aria-label=\"lucianawalter\"><\/a>\r\n\t\t\t\t\t\t<div class=\"w-post-elm post_image usg_post_image_1 stretched\"><img loading=\"lazy\" decoding=\"async\" width=\"1024\" height=\"683\" src=\"https:\/\/www.ilgiulietta.com\/wp-content\/uploads\/2020\/04\/lucianawalter.jpg\" class=\"attachment-large size-large\" alt=\"\" srcset=\"https:\/\/www.ilgiulietta.com\/wp-content\/uploads\/2020\/04\/lucianawalter.jpg 1024w, https:\/\/www.ilgiulietta.com\/wp-content\/uploads\/2020\/04\/lucianawalter-300x200.jpg 300w\" sizes=\"auto, (max-width: 1024px) 100vw, 1024px\" \/><\/div>\t\t<\/div>\r\n\t\t\t<\/article>\r\n\t<article class=\"w-grid-item size_1x1 post-8102 attachment type-attachment status-inherit hentry\" data-id=\"8102\">\r\n\t\t<div class=\"w-grid-item-h\">\r\n\t\t\t\t\t\t\t<a ref=\"magnificPopupGrid\" href=\"https:\/\/www.ilgiulietta.com\/wp-content\/uploads\/2020\/04\/a.jpg\" class=\"w-grid-item-anchor\" aria-label=\"a\"><\/a>\r\n\t\t\t\t\t\t<div class=\"w-post-elm post_image usg_post_image_1 stretched\"><img loading=\"lazy\" decoding=\"async\" width=\"1024\" height=\"682\" src=\"https:\/\/www.ilgiulietta.com\/wp-content\/uploads\/2020\/04\/a-1024x682.jpg\" class=\"attachment-large size-large\" alt=\"\" srcset=\"https:\/\/www.ilgiulietta.com\/wp-content\/uploads\/2020\/04\/a-1024x682.jpg 1024w, https:\/\/www.ilgiulietta.com\/wp-content\/uploads\/2020\/04\/a-300x200.jpg 300w, https:\/\/www.ilgiulietta.com\/wp-content\/uploads\/2020\/04\/a-1536x1024.jpg 1536w, https:\/\/www.ilgiulietta.com\/wp-content\/uploads\/2020\/04\/a.jpg 2000w\" sizes=\"auto, (max-width: 1024px) 100vw, 1024px\" \/><\/div>\t\t<\/div>\r\n\t\t\t<\/article>\r\n\t<article class=\"w-grid-item size_1x1 post-8099 attachment type-attachment status-inherit hentry\" data-id=\"8099\">\r\n\t\t<div class=\"w-grid-item-h\">\r\n\t\t\t\t\t\t\t<a ref=\"magnificPopupGrid\" href=\"https:\/\/www.ilgiulietta.com\/wp-content\/uploads\/2020\/04\/walteragneselucia.jpg\" class=\"w-grid-item-anchor\" aria-label=\"walteragneselucia\"><\/a>\r\n\t\t\t\t\t\t<div class=\"w-post-elm post_image usg_post_image_1 stretched\"><img loading=\"lazy\" decoding=\"async\" width=\"1024\" height=\"682\" src=\"https:\/\/www.ilgiulietta.com\/wp-content\/uploads\/2020\/04\/walteragneselucia-1024x682.jpg\" class=\"attachment-large size-large\" alt=\"\" srcset=\"https:\/\/www.ilgiulietta.com\/wp-content\/uploads\/2020\/04\/walteragneselucia-1024x682.jpg 1024w, https:\/\/www.ilgiulietta.com\/wp-content\/uploads\/2020\/04\/walteragneselucia-300x200.jpg 300w, https:\/\/www.ilgiulietta.com\/wp-content\/uploads\/2020\/04\/walteragneselucia.jpg 1265w\" sizes=\"auto, (max-width: 1024px) 100vw, 1024px\" \/><\/div>\t\t<\/div>\r\n\t\t\t<\/article>\r\n\t<article class=\"w-grid-item size_1x1 post-8096 attachment type-attachment status-inherit hentry\" data-id=\"8096\">\r\n\t\t<div class=\"w-grid-item-h\">\r\n\t\t\t\t\t\t\t<a ref=\"magnificPopupGrid\" href=\"https:\/\/www.ilgiulietta.com\/wp-content\/uploads\/2020\/04\/staffcucina.jpg\" class=\"w-grid-item-anchor\" aria-label=\"staffcucina\"><\/a>\r\n\t\t\t\t\t\t<div class=\"w-post-elm post_image usg_post_image_1 stretched\"><img loading=\"lazy\" decoding=\"async\" width=\"1024\" height=\"683\" src=\"https:\/\/www.ilgiulietta.com\/wp-content\/uploads\/2020\/04\/staffcucina-1024x683.jpg\" class=\"attachment-large size-large\" alt=\"\" srcset=\"https:\/\/www.ilgiulietta.com\/wp-content\/uploads\/2020\/04\/staffcucina-1024x683.jpg 1024w, https:\/\/www.ilgiulietta.com\/wp-content\/uploads\/2020\/04\/staffcucina-300x200.jpg 300w, https:\/\/www.ilgiulietta.com\/wp-content\/uploads\/2020\/04\/staffcucina-1536x1025.jpg 1536w, https:\/\/www.ilgiulietta.com\/wp-content\/uploads\/2020\/04\/staffcucina-2048x1367.jpg 2048w\" sizes=\"auto, (max-width: 1024px) 100vw, 1024px\" \/><\/div>\t\t<\/div>\r\n\t\t\t<\/article>\r\n<\/div>\t<div class=\"w-grid-preloader\">\r\n\t\t<div class=\"g-preloader type_3\">\r\n\t\t\t<div><\/div>\r\n\t\t<\/div>\r\n\t<\/div>\r\n\t\t<div class=\"w-grid-json hidden\" onclick='return {&quot;action&quot;:&quot;us_ajax_grid&quot;,&quot;infinite_scroll&quot;:0,&quot;max_num_pages&quot;:1,&quot;pagination&quot;:&quot;none&quot;,&quot;template_vars&quot;:{&quot;columns&quot;:&quot;4&quot;,&quot;exclude_items&quot;:&quot;none&quot;,&quot;img_size&quot;:&quot;default&quot;,&quot;ignore_items_size&quot;:0,&quot;items_layout&quot;:&quot;gallery_default&quot;,&quot;items_offset&quot;:&quot;1&quot;,&quot;load_animation&quot;:&quot;none&quot;,&quot;overriding_link&quot;:&quot;%7B%22type%22%3A%22popup_image%22%7D&quot;,&quot;post_id&quot;:0,&quot;query_args&quot;:{&quot;post_type&quot;:[&quot;attachment&quot;],&quot;post__in&quot;:[&quot;8095&quot;,&quot;8098&quot;,&quot;8101&quot;,&quot;8104&quot;],&quot;post_status&quot;:&quot;inherit&quot;,&quot;post_mime_type&quot;:&quot;image&quot;,&quot;posts_per_page&quot;:&quot;10&quot;},&quot;orderby_query_args&quot;:{&quot;orderby&quot;:{&quot;date&quot;:&quot;DESC&quot;}},&quot;type&quot;:&quot;grid&quot;,&quot;us_grid_post_type&quot;:&quot;attachment&quot;,&quot;us_grid_ajax_index&quot;:1,&quot;us_grid_filter_query_string&quot;:null,&quot;us_grid_index&quot;:1,&quot;page_args&quot;:[],&quot;lang&quot;:&quot;fr&quot;}}'><\/div>\r\n\t<\/div><\/div><\/div><\/div><\/div><\/div><\/section>\n","protected":false},"excerpt":{"rendered":"","protected":false},"author":1,"featured_media":0,"parent":0,"menu_order":0,"comment_status":"closed","ping_status":"closed","template":"","meta":{"footnotes":""},"class_list":["post-8728","page","type-page","status-publish","hentry"],"yoast_head":"<!-- This site is optimized with the Yoast SEO plugin v26.4 - https:\/\/yoast.com\/wordpress\/plugins\/seo\/ -->\n<title>Notre \u00e9quipe, Hotel Giulietta et Romeo Cesenatico<\/title>\n<meta name=\"description\" content=\"Notre \u00e9quipe, Hotel Giulietta et Romeo Cesenatico. Ceci est notre \u00e9quipe, cela est notre famille\u2026H\u00f4teliers depuis 1956\" \/>\n<meta name=\"robots\" content=\"index, follow, max-snippet:-1, max-image-preview:large, max-video-preview:-1\" \/>\n<link rel=\"canonical\" href=\"https:\/\/www.ilgiulietta.com\/fr\/equipe-hotel-giulietta-cesenatico.html\" \/>\n<meta property=\"og:locale\" content=\"fr_FR\" \/>\n<meta property=\"og:type\" content=\"article\" \/>\n<meta property=\"og:title\" content=\"Notre \u00e9quipe, Hotel Giulietta et Romeo Cesenatico\" \/>\n<meta property=\"og:description\" content=\"Notre \u00e9quipe, Hotel Giulietta et Romeo Cesenatico. Ceci est notre \u00e9quipe, cela est notre famille\u2026H\u00f4teliers depuis 1956\" \/>\n<meta property=\"og:url\" content=\"https:\/\/www.ilgiulietta.com\/fr\/equipe-hotel-giulietta-cesenatico.html\" \/>\n<meta property=\"og:site_name\" content=\"Hotel Giulietta e Romeo *** Cesenatico, Spiaggia, Piscina e All inclusive\" \/>\n<meta property=\"article:modified_time\" content=\"2025-01-12T12:47:08+00:00\" \/>\n<meta name=\"twitter:card\" content=\"summary_large_image\" \/>\n<meta name=\"twitter:label1\" content=\"Dur\u00e9e de lecture estim\u00e9e\" \/>\n\t<meta name=\"twitter:data1\" content=\"1 minute\" \/>\n<script type=\"application\/ld+json\" class=\"yoast-schema-graph\">{\"@context\":\"https:\/\/schema.org\",\"@graph\":[{\"@type\":\"WebPage\",\"@id\":\"https:\/\/www.ilgiulietta.com\/fr\/equipe-hotel-giulietta-cesenatico.html\",\"url\":\"https:\/\/www.ilgiulietta.com\/fr\/equipe-hotel-giulietta-cesenatico.html\",\"name\":\"Notre \u00e9quipe, Hotel Giulietta et Romeo Cesenatico\",\"isPartOf\":{\"@id\":\"https:\/\/www.ilgiulietta.com\/fr\/#website\"},\"datePublished\":\"2021-02-14T13:41:11+00:00\",\"dateModified\":\"2025-01-12T12:47:08+00:00\",\"description\":\"Notre \u00e9quipe, Hotel Giulietta et Romeo Cesenatico. Ceci est notre \u00e9quipe, cela est notre famille\u2026H\u00f4teliers depuis 1956\",\"breadcrumb\":{\"@id\":\"https:\/\/www.ilgiulietta.com\/fr\/equipe-hotel-giulietta-cesenatico.html#breadcrumb\"},\"inLanguage\":\"fr-FR\",\"potentialAction\":[{\"@type\":\"ReadAction\",\"target\":[\"https:\/\/www.ilgiulietta.com\/fr\/equipe-hotel-giulietta-cesenatico.html\"]}]},{\"@type\":\"BreadcrumbList\",\"@id\":\"https:\/\/www.ilgiulietta.com\/fr\/equipe-hotel-giulietta-cesenatico.html#breadcrumb\",\"itemListElement\":[{\"@type\":\"ListItem\",\"position\":1,\"name\":\"Home\",\"item\":\"https:\/\/www.ilgiulietta.com\/fr\"},{\"@type\":\"ListItem\",\"position\":2,\"name\":\"Notre \u00e9quipe, Hotel Giulietta et Romeo Cesenatico\"}]},{\"@type\":\"WebSite\",\"@id\":\"https:\/\/www.ilgiulietta.com\/fr\/#website\",\"url\":\"https:\/\/www.ilgiulietta.com\/fr\/\",\"name\":\"Hotel Giulietta e Romeo *** Cesenatico, Spiaggia, Piscina e All inclusive\",\"description\":\"Vacanze a Cesenatico\",\"potentialAction\":[{\"@type\":\"SearchAction\",\"target\":{\"@type\":\"EntryPoint\",\"urlTemplate\":\"https:\/\/www.ilgiulietta.com\/fr\/?s={search_term_string}\"},\"query-input\":{\"@type\":\"PropertyValueSpecification\",\"valueRequired\":true,\"valueName\":\"search_term_string\"}}],\"inLanguage\":\"fr-FR\"}]}<\/script>\n<!-- \/ Yoast SEO plugin. -->","yoast_head_json":{"title":"Notre \u00e9quipe, Hotel Giulietta et Romeo Cesenatico","description":"Notre \u00e9quipe, Hotel Giulietta et Romeo Cesenatico. Ceci est notre \u00e9quipe, cela est notre famille\u2026H\u00f4teliers depuis 1956","robots":{"index":"index","follow":"follow","max-snippet":"max-snippet:-1","max-image-preview":"max-image-preview:large","max-video-preview":"max-video-preview:-1"},"canonical":"https:\/\/www.ilgiulietta.com\/fr\/equipe-hotel-giulietta-cesenatico.html","og_locale":"fr_FR","og_type":"article","og_title":"Notre \u00e9quipe, Hotel Giulietta et Romeo Cesenatico","og_description":"Notre \u00e9quipe, Hotel Giulietta et Romeo Cesenatico. Ceci est notre \u00e9quipe, cela est notre famille\u2026H\u00f4teliers depuis 1956","og_url":"https:\/\/www.ilgiulietta.com\/fr\/equipe-hotel-giulietta-cesenatico.html","og_site_name":"Hotel Giulietta e Romeo *** Cesenatico, Spiaggia, Piscina e All inclusive","article_modified_time":"2025-01-12T12:47:08+00:00","twitter_card":"summary_large_image","twitter_misc":{"Dur\u00e9e de lecture estim\u00e9e":"1 minute"},"schema":{"@context":"https:\/\/schema.org","@graph":[{"@type":"WebPage","@id":"https:\/\/www.ilgiulietta.com\/fr\/equipe-hotel-giulietta-cesenatico.html","url":"https:\/\/www.ilgiulietta.com\/fr\/equipe-hotel-giulietta-cesenatico.html","name":"Notre \u00e9quipe, Hotel Giulietta et Romeo Cesenatico","isPartOf":{"@id":"https:\/\/www.ilgiulietta.com\/fr\/#website"},"datePublished":"2021-02-14T13:41:11+00:00","dateModified":"2025-01-12T12:47:08+00:00","description":"Notre \u00e9quipe, Hotel Giulietta et Romeo Cesenatico. Ceci est notre \u00e9quipe, cela est notre famille\u2026H\u00f4teliers depuis 1956","breadcrumb":{"@id":"https:\/\/www.ilgiulietta.com\/fr\/equipe-hotel-giulietta-cesenatico.html#breadcrumb"},"inLanguage":"fr-FR","potentialAction":[{"@type":"ReadAction","target":["https:\/\/www.ilgiulietta.com\/fr\/equipe-hotel-giulietta-cesenatico.html"]}]},{"@type":"BreadcrumbList","@id":"https:\/\/www.ilgiulietta.com\/fr\/equipe-hotel-giulietta-cesenatico.html#breadcrumb","itemListElement":[{"@type":"ListItem","position":1,"name":"Home","item":"https:\/\/www.ilgiulietta.com\/fr"},{"@type":"ListItem","position":2,"name":"Notre \u00e9quipe, Hotel Giulietta et Romeo Cesenatico"}]},{"@type":"WebSite","@id":"https:\/\/www.ilgiulietta.com\/fr\/#website","url":"https:\/\/www.ilgiulietta.com\/fr\/","name":"Hotel Giulietta e Romeo *** Cesenatico, Spiaggia, Piscina e All inclusive","description":"Vacanze a Cesenatico","potentialAction":[{"@type":"SearchAction","target":{"@type":"EntryPoint","urlTemplate":"https:\/\/www.ilgiulietta.com\/fr\/?s={search_term_string}"},"query-input":{"@type":"PropertyValueSpecification","valueRequired":true,"valueName":"search_term_string"}}],"inLanguage":"fr-FR"}]}},"_links":{"self":[{"href":"https:\/\/www.ilgiulietta.com\/fr\/wp-json\/wp\/v2\/pages\/8728","targetHints":{"allow":["GET"]}}],"collection":[{"href":"https:\/\/www.ilgiulietta.com\/fr\/wp-json\/wp\/v2\/pages"}],"about":[{"href":"https:\/\/www.ilgiulietta.com\/fr\/wp-json\/wp\/v2\/types\/page"}],"author":[{"embeddable":true,"href":"https:\/\/www.ilgiulietta.com\/fr\/wp-json\/wp\/v2\/users\/1"}],"replies":[{"embeddable":true,"href":"https:\/\/www.ilgiulietta.com\/fr\/wp-json\/wp\/v2\/comments?post=8728"}],"version-history":[{"count":8,"href":"https:\/\/www.ilgiulietta.com\/fr\/wp-json\/wp\/v2\/pages\/8728\/revisions"}],"predecessor-version":[{"id":9636,"href":"https:\/\/www.ilgiulietta.com\/fr\/wp-json\/wp\/v2\/pages\/8728\/revisions\/9636"}],"wp:attachment":[{"href":"https:\/\/www.ilgiulietta.com\/fr\/wp-json\/wp\/v2\/media?parent=8728"}],"curies":[{"name":"wp","href":"https:\/\/api.w.org\/{rel}","templated":true}]}}