{"id":8713,"date":"2021-02-14T11:35:35","date_gmt":"2021-02-14T11:35:35","guid":{"rendered":"https:\/\/ufficio80.xyz\/giulietta\/?page_id=8713"},"modified":"2025-11-21T08:41:26","modified_gmt":"2025-11-21T08:41:26","slug":"club-hotel-cesenatico-club-card-giulietta-et-romeo","status":"publish","type":"page","link":"https:\/\/www.ilgiulietta.com\/fr\/club-hotel-cesenatico-club-card-giulietta-et-romeo","title":{"rendered":"Club h\u00f4tel Cesenatico, Club Card Giulietta et Romeo"},"content":{"rendered":"<section class=\"l-section wpb_row us_custom_5bf23d6f has_text_color height_small\"><div class=\"l-section-h i-cf\"><div class=\"g-cols vc_row via_flex valign_top type_default stacking_default\"><div class=\"vc_col-sm-12 wpb_column vc_column_container\"><div class=\"vc_column-inner\"><div class=\"wpb_wrapper\"><div class=\"wpb_text_column\"><div class=\"wpb_wrapper\"><h5 style=\"text-align: center;\">Club Card 2026<\/h5>\n<\/div><\/div><\/div><\/div><\/div><\/div><\/div><\/section><section class=\"l-section wpb_row us_custom_0bebd569 height_auto width_full\"><div class=\"l-section-h i-cf\"><div class=\"g-cols vc_row via_flex valign_middle type_default stacking_default\"><div class=\"vc_col-sm-6 wpb_column vc_column_container\"><div class=\"vc_column-inner\"><div class=\"wpb_wrapper\"><div class=\"w-image align_center\"><div class=\"w-image-h\"><img decoding=\"async\" width=\"1024\" height=\"924\" src=\"https:\/\/www.ilgiulietta.com\/wp-content\/uploads\/2015\/02\/club-card-giulietta-e-romeo-1024x924.jpg\" class=\"attachment-large size-large\" alt=\"\" loading=\"lazy\" srcset=\"https:\/\/www.ilgiulietta.com\/wp-content\/uploads\/2015\/02\/club-card-giulietta-e-romeo-1024x924.jpg 1024w, https:\/\/www.ilgiulietta.com\/wp-content\/uploads\/2015\/02\/club-card-giulietta-e-romeo-300x271.jpg 300w, https:\/\/www.ilgiulietta.com\/wp-content\/uploads\/2015\/02\/club-card-giulietta-e-romeo.jpg 1137w\" sizes=\"auto, (max-width: 1024px) 100vw, 1024px\" \/><\/div><\/div><\/div><\/div><\/div><div class=\"vc_col-sm-6 wpb_column vc_column_container\"><div class=\"vc_column-inner\"><div class=\"wpb_wrapper\"><div class=\"wpb_text_column us_custom_8665cf32\"><div class=\"wpb_wrapper\"><div class=\"uvc-main-heading ult-responsive\" data-ultimate-target=\".uvc-heading.ultimate-heading-62985e4f8242c7e64 h2\" data-responsive-json-new=\"{&quot;font-size&quot;:&quot;desktop:38px;&quot;,&quot;line-height&quot;:&quot;&quot;}\">\n<p style=\"text-align: center;\">Pour toute r\u00e9servation avant le 28.02, vous aurez droit aux avantages suivants:<\/p>\n<\/div>\n<\/div><\/div><div class=\"wpb_text_column us_custom_65edcd16\"><div class=\"wpb_wrapper\"><p><i class=\"fas fa-check\" style=\"color: #DB8F2B\"><\/i> <strong>-5% sur notre offre<\/strong><br \/>\n<i class=\"fas fa-check\" style=\"color: #DB8F2B\"><\/i> Petit-d\u00e9jeuner compris le jour d&rsquo;arriv\u00e9e<br \/>\n<i class=\"fas fa-check\" style=\"color: #DB8F2B\"><\/i> Cadeau de la Maison Maraldi<br \/>\n<i class=\"fas fa-check\" style=\"color: #DB8F2B\"><\/i> <strong>\u201310%<\/strong> sur les massages dans notre spa<\/p>\n<\/div><\/div><\/div><\/div><\/div><\/div><\/div><\/section>\n","protected":false},"excerpt":{"rendered":"Club Card 2026 Pour toute r\u00e9servation avant le 28.02, vous aurez droit aux avantages suivants: -5% sur notre offre Petit-d\u00e9jeuner compris le jour d&rsquo;arriv\u00e9e Cadeau de la Maison Maraldi \u201310% sur les massages dans notre spa","protected":false},"author":1,"featured_media":0,"parent":0,"menu_order":0,"comment_status":"closed","ping_status":"closed","template":"","meta":{"footnotes":""},"class_list":["post-8713","page","type-page","status-publish","hentry"],"yoast_head":"<!-- This site is optimized with the Yoast SEO plugin v26.4 - https:\/\/yoast.com\/wordpress\/plugins\/seo\/ -->\n<title>Club h\u00f4tel Cesenatico, Club Card Giulietta et Romeo - Hotel Giulietta e Romeo *** Cesenatico, Spiaggia, Piscina e All inclusive<\/title>\n<meta name=\"robots\" content=\"index, follow, max-snippet:-1, max-image-preview:large, max-video-preview:-1\" \/>\n<link rel=\"canonical\" href=\"https:\/\/www.ilgiulietta.com\/fr\/club-hotel-cesenatico-club-card-giulietta-et-romeo.html\" \/>\n<meta property=\"og:locale\" content=\"fr_FR\" \/>\n<meta property=\"og:type\" content=\"article\" \/>\n<meta property=\"og:title\" content=\"Club h\u00f4tel Cesenatico, Club Card Giulietta et Romeo - Hotel Giulietta e Romeo *** Cesenatico, Spiaggia, Piscina e All inclusive\" \/>\n<meta property=\"og:url\" content=\"https:\/\/www.ilgiulietta.com\/fr\/club-hotel-cesenatico-club-card-giulietta-et-romeo.html\" \/>\n<meta property=\"og:site_name\" content=\"Hotel Giulietta e Romeo *** Cesenatico, Spiaggia, Piscina e All inclusive\" \/>\n<meta property=\"article:modified_time\" content=\"2025-11-21T08:41:26+00:00\" \/>\n<meta name=\"twitter:card\" content=\"summary_large_image\" \/>\n<meta name=\"twitter:label1\" content=\"Dur\u00e9e de lecture estim\u00e9e\" \/>\n\t<meta name=\"twitter:data1\" content=\"2 minutes\" \/>\n<script type=\"application\/ld+json\" class=\"yoast-schema-graph\">{\"@context\":\"https:\/\/schema.org\",\"@graph\":[{\"@type\":\"WebPage\",\"@id\":\"https:\/\/www.ilgiulietta.com\/fr\/club-hotel-cesenatico-club-card-giulietta-et-romeo.html\",\"url\":\"https:\/\/www.ilgiulietta.com\/fr\/club-hotel-cesenatico-club-card-giulietta-et-romeo.html\",\"name\":\"Club h\u00f4tel Cesenatico, Club Card Giulietta et Romeo - Hotel Giulietta e Romeo *** Cesenatico, Spiaggia, Piscina e All inclusive\",\"isPartOf\":{\"@id\":\"https:\/\/www.ilgiulietta.com\/fr\/#website\"},\"datePublished\":\"2021-02-14T11:35:35+00:00\",\"dateModified\":\"2025-11-21T08:41:26+00:00\",\"breadcrumb\":{\"@id\":\"https:\/\/www.ilgiulietta.com\/fr\/club-hotel-cesenatico-club-card-giulietta-et-romeo.html#breadcrumb\"},\"inLanguage\":\"fr-FR\",\"potentialAction\":[{\"@type\":\"ReadAction\",\"target\":[\"https:\/\/www.ilgiulietta.com\/fr\/club-hotel-cesenatico-club-card-giulietta-et-romeo.html\"]}]},{\"@type\":\"BreadcrumbList\",\"@id\":\"https:\/\/www.ilgiulietta.com\/fr\/club-hotel-cesenatico-club-card-giulietta-et-romeo.html#breadcrumb\",\"itemListElement\":[{\"@type\":\"ListItem\",\"position\":1,\"name\":\"Home\",\"item\":\"https:\/\/www.ilgiulietta.com\/fr\"},{\"@type\":\"ListItem\",\"position\":2,\"name\":\"Club h\u00f4tel Cesenatico, Club Card Giulietta et Romeo\"}]},{\"@type\":\"WebSite\",\"@id\":\"https:\/\/www.ilgiulietta.com\/fr\/#website\",\"url\":\"https:\/\/www.ilgiulietta.com\/fr\/\",\"name\":\"Hotel Giulietta e Romeo *** Cesenatico, Spiaggia, Piscina e All inclusive\",\"description\":\"Vacanze a Cesenatico\",\"potentialAction\":[{\"@type\":\"SearchAction\",\"target\":{\"@type\":\"EntryPoint\",\"urlTemplate\":\"https:\/\/www.ilgiulietta.com\/fr\/?s={search_term_string}\"},\"query-input\":{\"@type\":\"PropertyValueSpecification\",\"valueRequired\":true,\"valueName\":\"search_term_string\"}}],\"inLanguage\":\"fr-FR\"}]}<\/script>\n<!-- \/ Yoast SEO plugin. -->","yoast_head_json":{"title":"Club h\u00f4tel Cesenatico, Club Card Giulietta et Romeo - Hotel Giulietta e Romeo *** Cesenatico, Spiaggia, Piscina e All inclusive","robots":{"index":"index","follow":"follow","max-snippet":"max-snippet:-1","max-image-preview":"max-image-preview:large","max-video-preview":"max-video-preview:-1"},"canonical":"https:\/\/www.ilgiulietta.com\/fr\/club-hotel-cesenatico-club-card-giulietta-et-romeo.html","og_locale":"fr_FR","og_type":"article","og_title":"Club h\u00f4tel Cesenatico, Club Card Giulietta et Romeo - Hotel Giulietta e Romeo *** Cesenatico, Spiaggia, Piscina e All inclusive","og_url":"https:\/\/www.ilgiulietta.com\/fr\/club-hotel-cesenatico-club-card-giulietta-et-romeo.html","og_site_name":"Hotel Giulietta e Romeo *** Cesenatico, Spiaggia, Piscina e All inclusive","article_modified_time":"2025-11-21T08:41:26+00:00","twitter_card":"summary_large_image","twitter_misc":{"Dur\u00e9e de lecture estim\u00e9e":"2 minutes"},"schema":{"@context":"https:\/\/schema.org","@graph":[{"@type":"WebPage","@id":"https:\/\/www.ilgiulietta.com\/fr\/club-hotel-cesenatico-club-card-giulietta-et-romeo.html","url":"https:\/\/www.ilgiulietta.com\/fr\/club-hotel-cesenatico-club-card-giulietta-et-romeo.html","name":"Club h\u00f4tel Cesenatico, Club Card Giulietta et Romeo - Hotel Giulietta e Romeo *** Cesenatico, Spiaggia, Piscina e All inclusive","isPartOf":{"@id":"https:\/\/www.ilgiulietta.com\/fr\/#website"},"datePublished":"2021-02-14T11:35:35+00:00","dateModified":"2025-11-21T08:41:26+00:00","breadcrumb":{"@id":"https:\/\/www.ilgiulietta.com\/fr\/club-hotel-cesenatico-club-card-giulietta-et-romeo.html#breadcrumb"},"inLanguage":"fr-FR","potentialAction":[{"@type":"ReadAction","target":["https:\/\/www.ilgiulietta.com\/fr\/club-hotel-cesenatico-club-card-giulietta-et-romeo.html"]}]},{"@type":"BreadcrumbList","@id":"https:\/\/www.ilgiulietta.com\/fr\/club-hotel-cesenatico-club-card-giulietta-et-romeo.html#breadcrumb","itemListElement":[{"@type":"ListItem","position":1,"name":"Home","item":"https:\/\/www.ilgiulietta.com\/fr"},{"@type":"ListItem","position":2,"name":"Club h\u00f4tel Cesenatico, Club Card Giulietta et Romeo"}]},{"@type":"WebSite","@id":"https:\/\/www.ilgiulietta.com\/fr\/#website","url":"https:\/\/www.ilgiulietta.com\/fr\/","name":"Hotel Giulietta e Romeo *** Cesenatico, Spiaggia, Piscina e All inclusive","description":"Vacanze a Cesenatico","potentialAction":[{"@type":"SearchAction","target":{"@type":"EntryPoint","urlTemplate":"https:\/\/www.ilgiulietta.com\/fr\/?s={search_term_string}"},"query-input":{"@type":"PropertyValueSpecification","valueRequired":true,"valueName":"search_term_string"}}],"inLanguage":"fr-FR"}]}},"_links":{"self":[{"href":"https:\/\/www.ilgiulietta.com\/fr\/wp-json\/wp\/v2\/pages\/8713","targetHints":{"allow":["GET"]}}],"collection":[{"href":"https:\/\/www.ilgiulietta.com\/fr\/wp-json\/wp\/v2\/pages"}],"about":[{"href":"https:\/\/www.ilgiulietta.com\/fr\/wp-json\/wp\/v2\/types\/page"}],"author":[{"embeddable":true,"href":"https:\/\/www.ilgiulietta.com\/fr\/wp-json\/wp\/v2\/users\/1"}],"replies":[{"embeddable":true,"href":"https:\/\/www.ilgiulietta.com\/fr\/wp-json\/wp\/v2\/comments?post=8713"}],"version-history":[{"count":14,"href":"https:\/\/www.ilgiulietta.com\/fr\/wp-json\/wp\/v2\/pages\/8713\/revisions"}],"predecessor-version":[{"id":9768,"href":"https:\/\/www.ilgiulietta.com\/fr\/wp-json\/wp\/v2\/pages\/8713\/revisions\/9768"}],"wp:attachment":[{"href":"https:\/\/www.ilgiulietta.com\/fr\/wp-json\/wp\/v2\/media?parent=8713"}],"curies":[{"name":"wp","href":"https:\/\/api.w.org\/{rel}","templated":true}]}}