{"id":8671,"date":"2021-02-14T10:39:44","date_gmt":"2021-02-14T10:39:44","guid":{"rendered":"https:\/\/ufficio80.xyz\/giulietta\/?page_id=8671"},"modified":"2025-01-12T12:44:45","modified_gmt":"2025-01-12T12:44:45","slug":"chambres-hotel-cesenatico","status":"publish","type":"page","link":"https:\/\/www.ilgiulietta.com\/fr\/chambres-hotel-cesenatico","title":{"rendered":"Chambres H\u00f4tel Giulietta et Romeo Cesenatico"},"content":{"rendered":"<section class=\"l-section wpb_row height_auto width_full\"><div class=\"l-section-h i-cf\"><div class=\"g-cols vc_row via_flex valign_top type_default stacking_default\"><div class=\"vc_col-sm-12 wpb_column vc_column_container\"><div class=\"vc_column-inner\"><div class=\"wpb_wrapper\"><div class=\"w-image align_none\"><div class=\"w-image-h\"><img decoding=\"async\" width=\"2374\" height=\"1026\" src=\"https:\/\/www.ilgiulietta.com\/wp-content\/uploads\/2021\/01\/camere-giulietta-e-romeo.jpg\" class=\"attachment-full size-full\" alt=\"\" loading=\"lazy\" srcset=\"https:\/\/www.ilgiulietta.com\/wp-content\/uploads\/2021\/01\/camere-giulietta-e-romeo.jpg 2374w, https:\/\/www.ilgiulietta.com\/wp-content\/uploads\/2021\/01\/camere-giulietta-e-romeo-300x130.jpg 300w, https:\/\/www.ilgiulietta.com\/wp-content\/uploads\/2021\/01\/camere-giulietta-e-romeo-1024x443.jpg 1024w\" sizes=\"auto, (max-width: 2374px) 100vw, 2374px\" \/><\/div><\/div><\/div><\/div><\/div><\/div><\/div><\/section><section class=\"l-section wpb_row height_small\"><div class=\"l-section-h i-cf\"><div class=\"g-cols vc_row via_flex valign_top type_default stacking_default\"><div class=\"vc_col-sm-12 wpb_column vc_column_container\"><div class=\"vc_column-inner\"><div class=\"wpb_wrapper\"><div class=\"wpb_text_column\"><div class=\"wpb_wrapper\"><h1 style=\"text-align: center;\">LES CHAMBRES<\/h1>\n<\/div><\/div><\/div><\/div><\/div><\/div><\/div><\/section><section class=\"l-section wpb_row us_custom_4fb9e5a3 height_small width_full\"><div class=\"l-section-h i-cf\"><div class=\"g-cols vc_row via_flex valign_middle type_default stacking_default\"><div class=\"vc_col-sm-6 wpb_column vc_column_container\"><div class=\"vc_column-inner\"><div class=\"wpb_wrapper\"><div class=\"w-image align_center\"><a ref=\"magnificPopup\" href=\"https:\/\/www.ilgiulietta.com\/wp-content\/uploads\/2021\/01\/6.jpg\" aria-label=\"6\" class=\"w-image-h\"><img decoding=\"async\" width=\"1024\" height=\"723\" src=\"https:\/\/www.ilgiulietta.com\/wp-content\/uploads\/2021\/01\/6-1024x723.jpg\" class=\"attachment-large size-large\" alt=\"\" loading=\"lazy\" srcset=\"https:\/\/www.ilgiulietta.com\/wp-content\/uploads\/2021\/01\/6-1024x723.jpg 1024w, https:\/\/www.ilgiulietta.com\/wp-content\/uploads\/2021\/01\/6-300x212.jpg 300w, https:\/\/www.ilgiulietta.com\/wp-content\/uploads\/2021\/01\/6.jpg 1814w\" sizes=\"auto, (max-width: 1024px) 100vw, 1024px\" \/><\/a><\/div><\/div><\/div><\/div><div class=\"vc_col-sm-6 wpb_column vc_column_container\"><div class=\"vc_column-inner\"><div class=\"wpb_wrapper\"><div class=\"wpb_text_column us_custom_01b061c6\"><div class=\"wpb_wrapper\"><section class=\"l-section wpb_row height_small with_img\">\n<div class=\"l-section-h i-cf\">\n<div class=\"g-cols vc_row type_default valign_top\">\n<div class=\"vc_col-sm-12 wpb_column vc_column_container\">\n<div class=\"vc_column-inner\">\n<div class=\"wpb_wrapper\">\n<p><span style=\"font-size: 18pt;\"><em><span style=\"font-family: georgia, palatino, serif;\">Nos chambres sont insonoris\u00e9es et climatis\u00e9es, avec salle de bains, s\u00e8che-cheveux, t\u00e9l\u00e9viseur couleurs avec chaines satellites, coffre-fort, t\u00e9l\u00e9phone, bouilloire, internet wifi et balcon.<\/span><\/em><\/span><\/p>\n<p><i class=\"fas fa-check\" style=\"color: #DB8F2B\"><\/i> Chambres\u00a0<strong>Comfort\u00a0<\/strong>12-14 mc<br \/>\n<i class=\"fas fa-check\" style=\"color: #DB8F2B\"><\/i> Chambres <strong>Superior<\/strong> 15-20 mc<br \/>\n<i class=\"fas fa-check\" style=\"color: #DB8F2B\"><\/i> Chambres\u00a0<strong>Sous les \u00e9toiles<\/strong>\u00a019-32<\/p>\n<\/div>\n<\/div>\n<\/div>\n<\/div>\n<\/div>\n<\/section>\n<\/div><\/div><\/div><\/div><\/div><\/div><\/div><\/section><section class=\"l-section wpb_row us_custom_b7a68ffe height_small\"><div class=\"l-section-h i-cf\"><div class=\"g-cols vc_row via_flex valign_middle type_default stacking_default\"><div class=\"vc_col-sm-12 wpb_column vc_column_container\"><div class=\"vc_column-inner\"><div class=\"wpb_wrapper\"><div class=\"w-grid us_grid type_grid layout_gallery_default cols_4 preload_style_spinner\" id=\"us_grid_1\" style=\"--columns:4;--gap:10px;\" data-filterable=\"true\"><style>@media (max-width:1024px){#us_grid_1{--columns:2!important}}@media (max-width:600px){#us_grid_1{--columns:2!important}}.layout_gallery_default .w-grid-item-h{}<\/style><div class=\"w-grid-list\">\t<article class=\"w-grid-item size_1x1 post-8351 attachment type-attachment status-inherit hentry\" data-id=\"8351\">\r\n\t\t<div class=\"w-grid-item-h\">\r\n\t\t\t\t\t\t\t<a ref=\"magnificPopupGrid\" href=\"https:\/\/www.ilgiulietta.com\/wp-content\/uploads\/2021\/01\/Camera-Giulietta-Romeo3.jpg\" class=\"w-grid-item-anchor\" aria-label=\"Camera-Giulietta-Romeo3\"><\/a>\r\n\t\t\t\t\t\t<div class=\"w-post-elm post_image usg_post_image_1 stretched\"><img loading=\"lazy\" decoding=\"async\" width=\"1024\" height=\"683\" src=\"https:\/\/www.ilgiulietta.com\/wp-content\/uploads\/2021\/01\/Camera-Giulietta-Romeo3-1024x683.jpg\" class=\"attachment-large size-large\" alt=\"\" srcset=\"https:\/\/www.ilgiulietta.com\/wp-content\/uploads\/2021\/01\/Camera-Giulietta-Romeo3-1024x683.jpg 1024w, https:\/\/www.ilgiulietta.com\/wp-content\/uploads\/2021\/01\/Camera-Giulietta-Romeo3-300x200.jpg 300w, https:\/\/www.ilgiulietta.com\/wp-content\/uploads\/2021\/01\/Camera-Giulietta-Romeo3.jpg 1811w\" sizes=\"auto, (max-width: 1024px) 100vw, 1024px\" \/><\/div>\t\t<\/div>\r\n\t\t\t<\/article>\r\n\t<article class=\"w-grid-item size_1x1 post-8348 attachment type-attachment status-inherit hentry\" data-id=\"8348\">\r\n\t\t<div class=\"w-grid-item-h\">\r\n\t\t\t\t\t\t\t<a ref=\"magnificPopupGrid\" href=\"https:\/\/www.ilgiulietta.com\/wp-content\/uploads\/2021\/01\/Camera-Giulietta-Romeo2.jpg\" class=\"w-grid-item-anchor\" aria-label=\"Camera-Giulietta-Romeo2\"><\/a>\r\n\t\t\t\t\t\t<div class=\"w-post-elm post_image usg_post_image_1 stretched\"><img loading=\"lazy\" decoding=\"async\" width=\"1024\" height=\"730\" src=\"https:\/\/www.ilgiulietta.com\/wp-content\/uploads\/2021\/01\/Camera-Giulietta-Romeo2-1024x730.jpg\" class=\"attachment-large size-large\" alt=\"\" srcset=\"https:\/\/www.ilgiulietta.com\/wp-content\/uploads\/2021\/01\/Camera-Giulietta-Romeo2-1024x730.jpg 1024w, https:\/\/www.ilgiulietta.com\/wp-content\/uploads\/2021\/01\/Camera-Giulietta-Romeo2-300x214.jpg 300w, https:\/\/www.ilgiulietta.com\/wp-content\/uploads\/2021\/01\/Camera-Giulietta-Romeo2.jpg 1816w\" sizes=\"auto, (max-width: 1024px) 100vw, 1024px\" \/><\/div>\t\t<\/div>\r\n\t\t\t<\/article>\r\n\t<article class=\"w-grid-item size_1x1 post-8345 attachment type-attachment status-inherit hentry\" data-id=\"8345\">\r\n\t\t<div class=\"w-grid-item-h\">\r\n\t\t\t\t\t\t\t<a ref=\"magnificPopupGrid\" href=\"https:\/\/www.ilgiulietta.com\/wp-content\/uploads\/2021\/01\/Camera-Giulietta-Romeo1.jpg\" class=\"w-grid-item-anchor\" aria-label=\"Camera-Giulietta-Romeo1\"><\/a>\r\n\t\t\t\t\t\t<div class=\"w-post-elm post_image usg_post_image_1 stretched\"><img loading=\"lazy\" decoding=\"async\" width=\"1024\" height=\"732\" src=\"https:\/\/www.ilgiulietta.com\/wp-content\/uploads\/2021\/01\/Camera-Giulietta-Romeo1-1024x732.jpg\" class=\"attachment-large size-large\" alt=\"\" srcset=\"https:\/\/www.ilgiulietta.com\/wp-content\/uploads\/2021\/01\/Camera-Giulietta-Romeo1-1024x732.jpg 1024w, https:\/\/www.ilgiulietta.com\/wp-content\/uploads\/2021\/01\/Camera-Giulietta-Romeo1-300x215.jpg 300w, https:\/\/www.ilgiulietta.com\/wp-content\/uploads\/2021\/01\/Camera-Giulietta-Romeo1.jpg 1791w\" sizes=\"auto, (max-width: 1024px) 100vw, 1024px\" \/><\/div>\t\t<\/div>\r\n\t\t\t<\/article>\r\n\t<article class=\"w-grid-item size_1x1 post-8342 attachment type-attachment status-inherit hentry\" data-id=\"8342\">\r\n\t\t<div class=\"w-grid-item-h\">\r\n\t\t\t\t\t\t\t<a ref=\"magnificPopupGrid\" href=\"https:\/\/www.ilgiulietta.com\/wp-content\/uploads\/2021\/01\/Camera-Giulietta-Romeo4.jpg\" class=\"w-grid-item-anchor\" aria-label=\"Camera-Giulietta-Romeo4\"><\/a>\r\n\t\t\t\t\t\t<div class=\"w-post-elm post_image usg_post_image_1 stretched\"><img loading=\"lazy\" decoding=\"async\" width=\"1024\" height=\"683\" src=\"https:\/\/www.ilgiulietta.com\/wp-content\/uploads\/2021\/01\/Camera-Giulietta-Romeo4-1024x683.jpg\" class=\"attachment-large size-large\" alt=\"\" srcset=\"https:\/\/www.ilgiulietta.com\/wp-content\/uploads\/2021\/01\/Camera-Giulietta-Romeo4-1024x683.jpg 1024w, https:\/\/www.ilgiulietta.com\/wp-content\/uploads\/2021\/01\/Camera-Giulietta-Romeo4-300x200.jpg 300w, https:\/\/www.ilgiulietta.com\/wp-content\/uploads\/2021\/01\/Camera-Giulietta-Romeo4.jpg 1788w\" sizes=\"auto, (max-width: 1024px) 100vw, 1024px\" \/><\/div>\t\t<\/div>\r\n\t\t\t<\/article>\r\n<\/div>\t<div class=\"w-grid-preloader\">\r\n\t\t<div class=\"g-preloader type_3\">\r\n\t\t\t<div><\/div>\r\n\t\t<\/div>\r\n\t<\/div>\r\n\t\t<div class=\"w-grid-json hidden\" onclick='return {&quot;action&quot;:&quot;us_ajax_grid&quot;,&quot;infinite_scroll&quot;:0,&quot;max_num_pages&quot;:1,&quot;pagination&quot;:&quot;none&quot;,&quot;template_vars&quot;:{&quot;columns&quot;:&quot;4&quot;,&quot;exclude_items&quot;:&quot;none&quot;,&quot;img_size&quot;:&quot;default&quot;,&quot;ignore_items_size&quot;:0,&quot;items_layout&quot;:&quot;gallery_default&quot;,&quot;items_offset&quot;:&quot;1&quot;,&quot;load_animation&quot;:&quot;none&quot;,&quot;overriding_link&quot;:&quot;%7B%22type%22%3A%22popup_image%22%7D&quot;,&quot;post_id&quot;:0,&quot;query_args&quot;:{&quot;post_type&quot;:[&quot;attachment&quot;],&quot;post__in&quot;:[&quot;8350&quot;,&quot;8341&quot;,&quot;8344&quot;,&quot;8347&quot;],&quot;post_status&quot;:&quot;inherit&quot;,&quot;post_mime_type&quot;:&quot;image&quot;,&quot;posts_per_page&quot;:&quot;4&quot;},&quot;orderby_query_args&quot;:{&quot;orderby&quot;:{&quot;date&quot;:&quot;DESC&quot;}},&quot;type&quot;:&quot;grid&quot;,&quot;us_grid_post_type&quot;:&quot;attachment&quot;,&quot;us_grid_ajax_index&quot;:1,&quot;us_grid_filter_query_string&quot;:null,&quot;us_grid_index&quot;:1,&quot;page_args&quot;:[],&quot;lang&quot;:&quot;fr&quot;}}'><\/div>\r\n\t<\/div><\/div><\/div><\/div><\/div><\/div><\/section>\n","protected":false},"excerpt":{"rendered":"","protected":false},"author":1,"featured_media":0,"parent":0,"menu_order":0,"comment_status":"closed","ping_status":"closed","template":"","meta":{"footnotes":""},"class_list":["post-8671","page","type-page","status-publish","hentry"],"yoast_head":"<!-- This site is optimized with the Yoast SEO plugin v26.4 - https:\/\/yoast.com\/wordpress\/plugins\/seo\/ -->\n<title>Chambres H\u00f4tel Giulietta et Romeo Cesenatico<\/title>\n<meta name=\"description\" content=\"Chambres H\u00f4tel Giulietta et Romeo Cesenatico: insonoris\u00e9, avec salle de bains, s\u00e8che-cheveux, t\u00e9l\u00e9viseur couleurs avec chaines satellites, coffre-fort, t\u00e9l\u00e9phon\u00e9, th\u00e9i\u00e8re, internet WI-FI et balcon.\" \/>\n<meta name=\"robots\" content=\"index, follow, max-snippet:-1, max-image-preview:large, max-video-preview:-1\" \/>\n<link rel=\"canonical\" href=\"https:\/\/www.ilgiulietta.com\/fr\/chambres-hotel-cesenatico.html\" \/>\n<meta property=\"og:locale\" content=\"fr_FR\" \/>\n<meta property=\"og:type\" content=\"article\" \/>\n<meta property=\"og:title\" content=\"Chambres H\u00f4tel Giulietta et Romeo Cesenatico\" \/>\n<meta property=\"og:description\" content=\"Chambres H\u00f4tel Giulietta et Romeo Cesenatico: insonoris\u00e9, avec salle de bains, s\u00e8che-cheveux, t\u00e9l\u00e9viseur couleurs avec chaines satellites, coffre-fort, t\u00e9l\u00e9phon\u00e9, th\u00e9i\u00e8re, internet WI-FI et balcon.\" \/>\n<meta property=\"og:url\" content=\"https:\/\/www.ilgiulietta.com\/fr\/chambres-hotel-cesenatico.html\" \/>\n<meta property=\"og:site_name\" content=\"Hotel Giulietta e Romeo *** Cesenatico, Spiaggia, Piscina e All inclusive\" \/>\n<meta property=\"article:modified_time\" content=\"2025-01-12T12:44:45+00:00\" \/>\n<meta name=\"twitter:card\" content=\"summary_large_image\" \/>\n<meta name=\"twitter:label1\" content=\"Dur\u00e9e de lecture estim\u00e9e\" \/>\n\t<meta name=\"twitter:data1\" content=\"2 minutes\" \/>\n<script type=\"application\/ld+json\" class=\"yoast-schema-graph\">{\"@context\":\"https:\/\/schema.org\",\"@graph\":[{\"@type\":\"WebPage\",\"@id\":\"https:\/\/www.ilgiulietta.com\/fr\/chambres-hotel-cesenatico.html\",\"url\":\"https:\/\/www.ilgiulietta.com\/fr\/chambres-hotel-cesenatico.html\",\"name\":\"Chambres H\u00f4tel Giulietta et Romeo Cesenatico\",\"isPartOf\":{\"@id\":\"https:\/\/www.ilgiulietta.com\/fr\/#website\"},\"datePublished\":\"2021-02-14T10:39:44+00:00\",\"dateModified\":\"2025-01-12T12:44:45+00:00\",\"description\":\"Chambres H\u00f4tel Giulietta et Romeo Cesenatico: insonoris\u00e9, avec salle de bains, s\u00e8che-cheveux, t\u00e9l\u00e9viseur couleurs avec chaines satellites, coffre-fort, t\u00e9l\u00e9phon\u00e9, th\u00e9i\u00e8re, internet WI-FI et balcon.\",\"breadcrumb\":{\"@id\":\"https:\/\/www.ilgiulietta.com\/fr\/chambres-hotel-cesenatico.html#breadcrumb\"},\"inLanguage\":\"fr-FR\",\"potentialAction\":[{\"@type\":\"ReadAction\",\"target\":[\"https:\/\/www.ilgiulietta.com\/fr\/chambres-hotel-cesenatico.html\"]}]},{\"@type\":\"BreadcrumbList\",\"@id\":\"https:\/\/www.ilgiulietta.com\/fr\/chambres-hotel-cesenatico.html#breadcrumb\",\"itemListElement\":[{\"@type\":\"ListItem\",\"position\":1,\"name\":\"Home\",\"item\":\"https:\/\/www.ilgiulietta.com\/fr\"},{\"@type\":\"ListItem\",\"position\":2,\"name\":\"Chambres H\u00f4tel Giulietta et Romeo Cesenatico\"}]},{\"@type\":\"WebSite\",\"@id\":\"https:\/\/www.ilgiulietta.com\/fr\/#website\",\"url\":\"https:\/\/www.ilgiulietta.com\/fr\/\",\"name\":\"Hotel Giulietta e Romeo *** Cesenatico, Spiaggia, Piscina e All inclusive\",\"description\":\"Vacanze a Cesenatico\",\"potentialAction\":[{\"@type\":\"SearchAction\",\"target\":{\"@type\":\"EntryPoint\",\"urlTemplate\":\"https:\/\/www.ilgiulietta.com\/fr\/?s={search_term_string}\"},\"query-input\":{\"@type\":\"PropertyValueSpecification\",\"valueRequired\":true,\"valueName\":\"search_term_string\"}}],\"inLanguage\":\"fr-FR\"}]}<\/script>\n<!-- \/ Yoast SEO plugin. -->","yoast_head_json":{"title":"Chambres H\u00f4tel Giulietta et Romeo Cesenatico","description":"Chambres H\u00f4tel Giulietta et Romeo Cesenatico: insonoris\u00e9, avec salle de bains, s\u00e8che-cheveux, t\u00e9l\u00e9viseur couleurs avec chaines satellites, coffre-fort, t\u00e9l\u00e9phon\u00e9, th\u00e9i\u00e8re, internet WI-FI et balcon.","robots":{"index":"index","follow":"follow","max-snippet":"max-snippet:-1","max-image-preview":"max-image-preview:large","max-video-preview":"max-video-preview:-1"},"canonical":"https:\/\/www.ilgiulietta.com\/fr\/chambres-hotel-cesenatico.html","og_locale":"fr_FR","og_type":"article","og_title":"Chambres H\u00f4tel Giulietta et Romeo Cesenatico","og_description":"Chambres H\u00f4tel Giulietta et Romeo Cesenatico: insonoris\u00e9, avec salle de bains, s\u00e8che-cheveux, t\u00e9l\u00e9viseur couleurs avec chaines satellites, coffre-fort, t\u00e9l\u00e9phon\u00e9, th\u00e9i\u00e8re, internet WI-FI et balcon.","og_url":"https:\/\/www.ilgiulietta.com\/fr\/chambres-hotel-cesenatico.html","og_site_name":"Hotel Giulietta e Romeo *** Cesenatico, Spiaggia, Piscina e All inclusive","article_modified_time":"2025-01-12T12:44:45+00:00","twitter_card":"summary_large_image","twitter_misc":{"Dur\u00e9e de lecture estim\u00e9e":"2 minutes"},"schema":{"@context":"https:\/\/schema.org","@graph":[{"@type":"WebPage","@id":"https:\/\/www.ilgiulietta.com\/fr\/chambres-hotel-cesenatico.html","url":"https:\/\/www.ilgiulietta.com\/fr\/chambres-hotel-cesenatico.html","name":"Chambres H\u00f4tel Giulietta et Romeo Cesenatico","isPartOf":{"@id":"https:\/\/www.ilgiulietta.com\/fr\/#website"},"datePublished":"2021-02-14T10:39:44+00:00","dateModified":"2025-01-12T12:44:45+00:00","description":"Chambres H\u00f4tel Giulietta et Romeo Cesenatico: insonoris\u00e9, avec salle de bains, s\u00e8che-cheveux, t\u00e9l\u00e9viseur couleurs avec chaines satellites, coffre-fort, t\u00e9l\u00e9phon\u00e9, th\u00e9i\u00e8re, internet WI-FI et balcon.","breadcrumb":{"@id":"https:\/\/www.ilgiulietta.com\/fr\/chambres-hotel-cesenatico.html#breadcrumb"},"inLanguage":"fr-FR","potentialAction":[{"@type":"ReadAction","target":["https:\/\/www.ilgiulietta.com\/fr\/chambres-hotel-cesenatico.html"]}]},{"@type":"BreadcrumbList","@id":"https:\/\/www.ilgiulietta.com\/fr\/chambres-hotel-cesenatico.html#breadcrumb","itemListElement":[{"@type":"ListItem","position":1,"name":"Home","item":"https:\/\/www.ilgiulietta.com\/fr"},{"@type":"ListItem","position":2,"name":"Chambres H\u00f4tel Giulietta et Romeo Cesenatico"}]},{"@type":"WebSite","@id":"https:\/\/www.ilgiulietta.com\/fr\/#website","url":"https:\/\/www.ilgiulietta.com\/fr\/","name":"Hotel Giulietta e Romeo *** Cesenatico, Spiaggia, Piscina e All inclusive","description":"Vacanze a Cesenatico","potentialAction":[{"@type":"SearchAction","target":{"@type":"EntryPoint","urlTemplate":"https:\/\/www.ilgiulietta.com\/fr\/?s={search_term_string}"},"query-input":{"@type":"PropertyValueSpecification","valueRequired":true,"valueName":"search_term_string"}}],"inLanguage":"fr-FR"}]}},"_links":{"self":[{"href":"https:\/\/www.ilgiulietta.com\/fr\/wp-json\/wp\/v2\/pages\/8671","targetHints":{"allow":["GET"]}}],"collection":[{"href":"https:\/\/www.ilgiulietta.com\/fr\/wp-json\/wp\/v2\/pages"}],"about":[{"href":"https:\/\/www.ilgiulietta.com\/fr\/wp-json\/wp\/v2\/types\/page"}],"author":[{"embeddable":true,"href":"https:\/\/www.ilgiulietta.com\/fr\/wp-json\/wp\/v2\/users\/1"}],"replies":[{"embeddable":true,"href":"https:\/\/www.ilgiulietta.com\/fr\/wp-json\/wp\/v2\/comments?post=8671"}],"version-history":[{"count":8,"href":"https:\/\/www.ilgiulietta.com\/fr\/wp-json\/wp\/v2\/pages\/8671\/revisions"}],"predecessor-version":[{"id":9634,"href":"https:\/\/www.ilgiulietta.com\/fr\/wp-json\/wp\/v2\/pages\/8671\/revisions\/9634"}],"wp:attachment":[{"href":"https:\/\/www.ilgiulietta.com\/fr\/wp-json\/wp\/v2\/media?parent=8671"}],"curies":[{"name":"wp","href":"https:\/\/api.w.org\/{rel}","templated":true}]}}