{"id":8652,"date":"2021-02-14T10:16:25","date_gmt":"2021-02-14T10:16:25","guid":{"rendered":"https:\/\/ufficio80.xyz\/giulietta\/?page_id=8652"},"modified":"2021-03-08T15:30:16","modified_gmt":"2021-03-08T15:30:16","slug":"hotel-cesenatico-piscines-avec-des-grands-toboggans","status":"publish","type":"page","link":"https:\/\/www.ilgiulietta.com\/fr\/hotel-cesenatico-piscines-avec-des-grands-toboggans","title":{"rendered":"Hotel Cesenatico avec 2 piscine et des grands toboggans"},"content":{"rendered":"<section class=\"l-section wpb_row height_small with_img\"><div class=\"l-section-img\" role=\"img\" aria-label=\"Image\" data-img-width=\"2000\" data-img-height=\"1300\" style=\"background-image: url(https:\/\/www.ilgiulietta.com\/wp-content\/uploads\/2020\/02\/bimbispiaggia.jpg);background-position: top center;background-repeat: no-repeat;\"><\/div><div class=\"l-section-h i-cf\"><div class=\"g-cols vc_row via_flex valign_top type_default stacking_default\"><div class=\"vc_col-sm-4 wpb_column vc_column_container\"><div class=\"vc_column-inner\"><div class=\"wpb_wrapper\"><\/div><\/div><\/div><div class=\"vc_col-sm-4 wpb_column vc_column_container\"><div class=\"vc_column-inner\"><div class=\"wpb_wrapper\"><div class=\"w-separator size_custom\" style=\"height:250px\" id=\"n895\"><style>@media(max-width:600px){ #n895{height:80px!important}}<\/style><\/div><div class=\"wpb_text_column us_custom_9be22858 has_text_color\"><div class=\"wpb_wrapper\"><h2 style=\"text-align: center;\"><span style=\"font-size: 24pt;\">Amusement<i class=\"fas fa-grin-tears\"><\/i><\/span><\/h2>\n<\/div><\/div><div class=\"w-separator size_custom\" style=\"height:250px\" id=\"pe4d\"><style>@media(max-width:600px){ #pe4d{height:80px!important}}<\/style><\/div><\/div><\/div><\/div><div class=\"vc_col-sm-4 wpb_column vc_column_container\"><div class=\"vc_column-inner\"><div class=\"wpb_wrapper\"><\/div><\/div><\/div><\/div><\/div><\/section><section class=\"l-section wpb_row us_custom_0bebd569 height_small\"><div class=\"l-section-h i-cf\"><div class=\"g-cols vc_row via_flex valign_middle type_default stacking_default\"><div class=\"vc_col-sm-4 wpb_column vc_column_container\"><div class=\"vc_column-inner\"><div class=\"wpb_wrapper\"><div class=\"w-image align_center\"><a ref=\"magnificPopup\" href=\"https:\/\/www.ilgiulietta.com\/wp-content\/uploads\/2020\/02\/piscina-olimpionica.jpg\" aria-label=\"piscina olimpionica\" class=\"w-image-h\"><img decoding=\"async\" width=\"1024\" height=\"1024\" src=\"https:\/\/www.ilgiulietta.com\/wp-content\/uploads\/2020\/02\/piscina-olimpionica.jpg\" class=\"attachment-large size-large\" alt=\"\" loading=\"lazy\" srcset=\"https:\/\/www.ilgiulietta.com\/wp-content\/uploads\/2020\/02\/piscina-olimpionica.jpg 1025w, https:\/\/www.ilgiulietta.com\/wp-content\/uploads\/2020\/02\/piscina-olimpionica-300x300.jpg 300w, https:\/\/www.ilgiulietta.com\/wp-content\/uploads\/2020\/02\/piscina-olimpionica-150x150.jpg 150w, https:\/\/www.ilgiulietta.com\/wp-content\/uploads\/2020\/02\/piscina-olimpionica-600x600.jpg 600w\" sizes=\"auto, (max-width: 1024px) 100vw, 1024px\" \/><\/a><\/div><\/div><\/div><\/div><div class=\"vc_col-sm-4 wpb_column vc_column_container\"><div class=\"vc_column-inner\"><div class=\"wpb_wrapper\"><div class=\"wpb_text_column us_custom_8665cf32\"><div class=\"wpb_wrapper\"><p style=\"text-align: center;\">Directement sur la plage, face \u00e0 l\u2019H\u00f4tel, notre \u201c<strong><span style=\"color: #db8f2b;\">paradis d\u2019eau douce<\/span><\/strong>\u201c:<\/p>\n<p style=\"text-align: center;\">Une <strong><span style=\"color: #db8f2b;\">piscine semi-olympique<\/span><\/strong> (m 25 x 13) pour une <span style=\"font-family: georgia, palatino, serif;\"><em>baignade relaxante<\/em><\/span> ou un <em><span style=\"font-family: georgia, palatino, serif;\">plongeon rafra\u00eechissant<\/span><\/em><br \/>\nUne deuxi\u00e8me <strong><span style=\"color: #db8f2b;\">piscine \u00e9quip\u00e9e de toboggans<\/span><\/strong> pour un <em><span style=\"font-family: georgia, palatino, serif;\">divertissement total <\/span><\/em><span style=\"font-family: georgia, palatino, serif;\">\ud83d\ude09\u00a0<\/span><\/p>\n<\/div><\/div><\/div><\/div><\/div><div class=\"vc_col-sm-4 wpb_column vc_column_container\"><div class=\"vc_column-inner\"><div class=\"wpb_wrapper\"><div class=\"w-image align_center\"><a ref=\"magnificPopup\" href=\"https:\/\/www.ilgiulietta.com\/wp-content\/uploads\/2020\/02\/acquascivoli.jpg\" aria-label=\"acquascivoli\" class=\"w-image-h\"><img decoding=\"async\" width=\"1024\" height=\"1024\" src=\"https:\/\/www.ilgiulietta.com\/wp-content\/uploads\/2020\/02\/acquascivoli.jpg\" class=\"attachment-large size-large\" alt=\"\" loading=\"lazy\" srcset=\"https:\/\/www.ilgiulietta.com\/wp-content\/uploads\/2020\/02\/acquascivoli.jpg 1025w, https:\/\/www.ilgiulietta.com\/wp-content\/uploads\/2020\/02\/acquascivoli-300x300.jpg 300w, https:\/\/www.ilgiulietta.com\/wp-content\/uploads\/2020\/02\/acquascivoli-150x150.jpg 150w, https:\/\/www.ilgiulietta.com\/wp-content\/uploads\/2020\/02\/acquascivoli-600x600.jpg 600w\" sizes=\"auto, (max-width: 1024px) 100vw, 1024px\" \/><\/a><\/div><\/div><\/div><\/div><\/div><\/div><\/section><section class=\"l-section wpb_row us_custom_6df4bc3a has_text_color height_medium with_img\"><div class=\"l-section-img\" role=\"img\" aria-label=\"Image\" data-img-width=\"1024\" data-img-height=\"681\" style=\"background-image: url(https:\/\/www.ilgiulietta.com\/wp-content\/uploads\/2020\/02\/a-vostra-disposizione.jpg);background-repeat: no-repeat;\"><\/div><div class=\"l-section-overlay\" style=\"background:rgba(26,26,26,0.35)\"><\/div><div class=\"l-section-h i-cf\"><div class=\"g-cols vc_row via_flex valign_middle type_default stacking_default\"><div class=\"vc_col-sm-6 wpb_column vc_column_container\"><div class=\"vc_column-inner\"><div class=\"wpb_wrapper\"><div class=\"wpb_text_column\"><div class=\"wpb_wrapper\"><h4>Service:<\/h4>\n<p><i class=\"fas fa-check\" style=\"color: #DB8F2B\"><\/i> Bar<br \/>\n<i class=\"fas fa-check\" style=\"color: #DB8F2B\"><\/i> Chaises longues<br \/>\n<i class=\"fas fa-check\" style=\"color: #DB8F2B\"><\/i> Espace de jeux pour enfants<\/p>\n<p><a href=\"https:\/\/www.ilgiulietta.com\/fr\/hotel-pour-familles-a-cesenatico.html\"><span style=\"background-color: #db8f2b;\">\u00a0<span style=\"color: #ffffff;\">Plan\u00e8te enfants<\/span>\u00a0<\/span><\/a><\/p>\n<\/div><\/div><\/div><\/div><\/div><div class=\"vc_col-sm-6 wpb_column vc_column_container\"><div class=\"vc_column-inner\"><div class=\"wpb_wrapper\"><div class=\"wpb_text_column\"><div class=\"wpb_wrapper\"><h4>\u2026et pour ne pas laisser place \u00e0 l\u2019ennui:<\/h4>\n<p><i class=\"fas fa-check\" style=\"color: #DB8F2B\"><\/i> Cours de natation<br \/>\n<i class=\"fas fa-check\" style=\"color: #DB8F2B\"><\/i> Aquagym<br \/>\n<i class=\"fas fa-check\" style=\"color: #DB8F2B\"><\/i> Danses de groupe<br \/>\n<i class=\"fas fa-check\" style=\"color: #DB8F2B\"><\/i> Tournois<br \/>\n<i class=\"fas fa-check\" style=\"color: #DB8F2B\"><\/i> Jeux<\/p>\n<\/div><\/div><\/div><\/div><\/div><\/div><\/div><\/section>\n","protected":false},"excerpt":{"rendered":"Amusement Directement sur la plage, face \u00e0 l\u2019H\u00f4tel, notre \u201cparadis d\u2019eau douce\u201c: Une piscine semi-olympique (m 25 x 13) pour une baignade relaxante ou un plongeon rafra\u00eechissant Une deuxi\u00e8me piscine \u00e9quip\u00e9e de toboggans pour un divertissement total \ud83d\ude09\u00a0 Service: Bar Chaises longues Espace de jeux pour enfants \u00a0Plan\u00e8te enfants\u00a0 \u2026et pour ne pas laisser place...","protected":false},"author":1,"featured_media":0,"parent":0,"menu_order":0,"comment_status":"closed","ping_status":"closed","template":"","meta":{"footnotes":""},"class_list":["post-8652","page","type-page","status-publish","hentry"],"yoast_head":"<!-- This site is optimized with the Yoast SEO plugin v26.4 - https:\/\/yoast.com\/wordpress\/plugins\/seo\/ -->\n<title>Hotel Cesenatico avec 2 piscine et des grands toboggans<\/title>\n<meta name=\"description\" content=\"Directement sur la plage, face \u00e0 l\u2019H\u00f4tel: Une piscine semi-olympique et Une deuxi\u00e8me piscine \u00e9quip\u00e9e de toboggans.\" \/>\n<meta name=\"robots\" content=\"index, follow, max-snippet:-1, max-image-preview:large, max-video-preview:-1\" \/>\n<link rel=\"canonical\" href=\"https:\/\/www.ilgiulietta.com\/fr\/hotel-cesenatico-piscines-avec-des-grands-toboggans.html\" \/>\n<meta property=\"og:locale\" content=\"fr_FR\" \/>\n<meta property=\"og:type\" content=\"article\" \/>\n<meta property=\"og:title\" content=\"Hotel Cesenatico avec 2 piscine et des grands toboggans\" \/>\n<meta property=\"og:description\" content=\"Directement sur la plage, face \u00e0 l\u2019H\u00f4tel: Une piscine semi-olympique et Une deuxi\u00e8me piscine \u00e9quip\u00e9e de toboggans.\" \/>\n<meta property=\"og:url\" content=\"https:\/\/www.ilgiulietta.com\/fr\/hotel-cesenatico-piscines-avec-des-grands-toboggans.html\" \/>\n<meta property=\"og:site_name\" content=\"Hotel Giulietta e Romeo *** Cesenatico, Spiaggia, Piscina e All inclusive\" \/>\n<meta property=\"article:modified_time\" content=\"2021-03-08T15:30:16+00:00\" \/>\n<meta name=\"twitter:card\" content=\"summary_large_image\" \/>\n<meta name=\"twitter:label1\" content=\"Dur\u00e9e de lecture estim\u00e9e\" \/>\n\t<meta name=\"twitter:data1\" content=\"2 minutes\" \/>\n<script type=\"application\/ld+json\" class=\"yoast-schema-graph\">{\"@context\":\"https:\/\/schema.org\",\"@graph\":[{\"@type\":\"WebPage\",\"@id\":\"https:\/\/www.ilgiulietta.com\/fr\/hotel-cesenatico-piscines-avec-des-grands-toboggans.html\",\"url\":\"https:\/\/www.ilgiulietta.com\/fr\/hotel-cesenatico-piscines-avec-des-grands-toboggans.html\",\"name\":\"Hotel Cesenatico avec 2 piscine et des grands toboggans\",\"isPartOf\":{\"@id\":\"https:\/\/www.ilgiulietta.com\/fr\/#website\"},\"datePublished\":\"2021-02-14T10:16:25+00:00\",\"dateModified\":\"2021-03-08T15:30:16+00:00\",\"description\":\"Directement sur la plage, face \u00e0 l\u2019H\u00f4tel: Une piscine semi-olympique et Une deuxi\u00e8me piscine \u00e9quip\u00e9e de toboggans.\",\"breadcrumb\":{\"@id\":\"https:\/\/www.ilgiulietta.com\/fr\/hotel-cesenatico-piscines-avec-des-grands-toboggans.html#breadcrumb\"},\"inLanguage\":\"fr-FR\",\"potentialAction\":[{\"@type\":\"ReadAction\",\"target\":[\"https:\/\/www.ilgiulietta.com\/fr\/hotel-cesenatico-piscines-avec-des-grands-toboggans.html\"]}]},{\"@type\":\"BreadcrumbList\",\"@id\":\"https:\/\/www.ilgiulietta.com\/fr\/hotel-cesenatico-piscines-avec-des-grands-toboggans.html#breadcrumb\",\"itemListElement\":[{\"@type\":\"ListItem\",\"position\":1,\"name\":\"Home\",\"item\":\"https:\/\/www.ilgiulietta.com\/fr\"},{\"@type\":\"ListItem\",\"position\":2,\"name\":\"Hotel Cesenatico avec 2 piscine et des grands toboggans\"}]},{\"@type\":\"WebSite\",\"@id\":\"https:\/\/www.ilgiulietta.com\/fr\/#website\",\"url\":\"https:\/\/www.ilgiulietta.com\/fr\/\",\"name\":\"Hotel Giulietta e Romeo *** Cesenatico, Spiaggia, Piscina e All inclusive\",\"description\":\"Vacanze a Cesenatico\",\"potentialAction\":[{\"@type\":\"SearchAction\",\"target\":{\"@type\":\"EntryPoint\",\"urlTemplate\":\"https:\/\/www.ilgiulietta.com\/fr\/?s={search_term_string}\"},\"query-input\":{\"@type\":\"PropertyValueSpecification\",\"valueRequired\":true,\"valueName\":\"search_term_string\"}}],\"inLanguage\":\"fr-FR\"}]}<\/script>\n<!-- \/ Yoast SEO plugin. -->","yoast_head_json":{"title":"Hotel Cesenatico avec 2 piscine et des grands toboggans","description":"Directement sur la plage, face \u00e0 l\u2019H\u00f4tel: Une piscine semi-olympique et Une deuxi\u00e8me piscine \u00e9quip\u00e9e de toboggans.","robots":{"index":"index","follow":"follow","max-snippet":"max-snippet:-1","max-image-preview":"max-image-preview:large","max-video-preview":"max-video-preview:-1"},"canonical":"https:\/\/www.ilgiulietta.com\/fr\/hotel-cesenatico-piscines-avec-des-grands-toboggans.html","og_locale":"fr_FR","og_type":"article","og_title":"Hotel Cesenatico avec 2 piscine et des grands toboggans","og_description":"Directement sur la plage, face \u00e0 l\u2019H\u00f4tel: Une piscine semi-olympique et Une deuxi\u00e8me piscine \u00e9quip\u00e9e de toboggans.","og_url":"https:\/\/www.ilgiulietta.com\/fr\/hotel-cesenatico-piscines-avec-des-grands-toboggans.html","og_site_name":"Hotel Giulietta e Romeo *** Cesenatico, Spiaggia, Piscina e All inclusive","article_modified_time":"2021-03-08T15:30:16+00:00","twitter_card":"summary_large_image","twitter_misc":{"Dur\u00e9e de lecture estim\u00e9e":"2 minutes"},"schema":{"@context":"https:\/\/schema.org","@graph":[{"@type":"WebPage","@id":"https:\/\/www.ilgiulietta.com\/fr\/hotel-cesenatico-piscines-avec-des-grands-toboggans.html","url":"https:\/\/www.ilgiulietta.com\/fr\/hotel-cesenatico-piscines-avec-des-grands-toboggans.html","name":"Hotel Cesenatico avec 2 piscine et des grands toboggans","isPartOf":{"@id":"https:\/\/www.ilgiulietta.com\/fr\/#website"},"datePublished":"2021-02-14T10:16:25+00:00","dateModified":"2021-03-08T15:30:16+00:00","description":"Directement sur la plage, face \u00e0 l\u2019H\u00f4tel: Une piscine semi-olympique et Une deuxi\u00e8me piscine \u00e9quip\u00e9e de toboggans.","breadcrumb":{"@id":"https:\/\/www.ilgiulietta.com\/fr\/hotel-cesenatico-piscines-avec-des-grands-toboggans.html#breadcrumb"},"inLanguage":"fr-FR","potentialAction":[{"@type":"ReadAction","target":["https:\/\/www.ilgiulietta.com\/fr\/hotel-cesenatico-piscines-avec-des-grands-toboggans.html"]}]},{"@type":"BreadcrumbList","@id":"https:\/\/www.ilgiulietta.com\/fr\/hotel-cesenatico-piscines-avec-des-grands-toboggans.html#breadcrumb","itemListElement":[{"@type":"ListItem","position":1,"name":"Home","item":"https:\/\/www.ilgiulietta.com\/fr"},{"@type":"ListItem","position":2,"name":"Hotel Cesenatico avec 2 piscine et des grands toboggans"}]},{"@type":"WebSite","@id":"https:\/\/www.ilgiulietta.com\/fr\/#website","url":"https:\/\/www.ilgiulietta.com\/fr\/","name":"Hotel Giulietta e Romeo *** Cesenatico, Spiaggia, Piscina e All inclusive","description":"Vacanze a Cesenatico","potentialAction":[{"@type":"SearchAction","target":{"@type":"EntryPoint","urlTemplate":"https:\/\/www.ilgiulietta.com\/fr\/?s={search_term_string}"},"query-input":{"@type":"PropertyValueSpecification","valueRequired":true,"valueName":"search_term_string"}}],"inLanguage":"fr-FR"}]}},"_links":{"self":[{"href":"https:\/\/www.ilgiulietta.com\/fr\/wp-json\/wp\/v2\/pages\/8652","targetHints":{"allow":["GET"]}}],"collection":[{"href":"https:\/\/www.ilgiulietta.com\/fr\/wp-json\/wp\/v2\/pages"}],"about":[{"href":"https:\/\/www.ilgiulietta.com\/fr\/wp-json\/wp\/v2\/types\/page"}],"author":[{"embeddable":true,"href":"https:\/\/www.ilgiulietta.com\/fr\/wp-json\/wp\/v2\/users\/1"}],"replies":[{"embeddable":true,"href":"https:\/\/www.ilgiulietta.com\/fr\/wp-json\/wp\/v2\/comments?post=8652"}],"version-history":[{"count":6,"href":"https:\/\/www.ilgiulietta.com\/fr\/wp-json\/wp\/v2\/pages\/8652\/revisions"}],"predecessor-version":[{"id":8862,"href":"https:\/\/www.ilgiulietta.com\/fr\/wp-json\/wp\/v2\/pages\/8652\/revisions\/8862"}],"wp:attachment":[{"href":"https:\/\/www.ilgiulietta.com\/fr\/wp-json\/wp\/v2\/media?parent=8652"}],"curies":[{"name":"wp","href":"https:\/\/api.w.org\/{rel}","templated":true}]}}