{"id":8617,"date":"2021-02-14T09:14:22","date_gmt":"2021-02-14T09:14:22","guid":{"rendered":"https:\/\/ufficio80.xyz\/giulietta\/?page_id=8617"},"modified":"2025-06-04T05:36:31","modified_gmt":"2025-06-04T05:36:31","slug":"hotel-pour-familles-a-cesenatico","status":"publish","type":"page","link":"https:\/\/www.ilgiulietta.com\/fr\/hotel-pour-familles-a-cesenatico","title":{"rendered":"Hotel pour familles \u00e0 Cesenatico, plan\u00e8te des Enfants"},"content":{"rendered":"<section class=\"l-section wpb_row height_auto width_full with_img\"><div class=\"l-section-img\" role=\"img\" aria-label=\"Image\" data-img-width=\"175\" data-img-height=\"175\" style=\"background-image: url(https:\/\/www.ilgiulietta.com\/wp-content\/uploads\/2020\/02\/wild-sea.png);background-size: auto;\"><\/div><div class=\"l-section-h i-cf\"><div class=\"g-cols vc_row via_flex valign_middle type_default stacking_default\"><div class=\"vc_col-sm-6 wpb_column vc_column_container\"><div class=\"vc_column-inner\"><div class=\"wpb_wrapper\"><div class=\"w-image align_center\"><div class=\"w-image-h\"><img decoding=\"async\" width=\"1024\" height=\"744\" src=\"https:\/\/www.ilgiulietta.com\/wp-content\/uploads\/2020\/02\/animazione-calamaro--1024x744.jpg\" class=\"attachment-large size-large\" alt=\"\" loading=\"lazy\" srcset=\"https:\/\/www.ilgiulietta.com\/wp-content\/uploads\/2020\/02\/animazione-calamaro--1024x744.jpg 1024w, https:\/\/www.ilgiulietta.com\/wp-content\/uploads\/2020\/02\/animazione-calamaro--300x218.jpg 300w, https:\/\/www.ilgiulietta.com\/wp-content\/uploads\/2020\/02\/animazione-calamaro-.jpg 1366w\" sizes=\"auto, (max-width: 1024px) 100vw, 1024px\" \/><\/div><\/div><\/div><\/div><\/div><div class=\"vc_col-sm-6 wpb_column vc_column_container\"><div class=\"vc_column-inner\"><div class=\"wpb_wrapper\"><div class=\"wpb_text_column us_custom_af9e0717\"><div class=\"wpb_wrapper\"><h6 style=\"text-align: center;\">Salut les <span style=\"color: #c93c5b;\">enfants<\/span>, vous \u00eates pour nous les Clients les plus importants !!!<\/h6>\n<p style=\"text-align: center;\">Cette ann\u00e9e, nos animateurs vous accompagneront tous les jours pour des vacances formidables:<\/p>\n<\/div><\/div><\/div><\/div><\/div><\/div><\/div><\/section><section class=\"l-section wpb_row height_small\"><div class=\"l-section-h i-cf\"><div class=\"g-cols vc_row via_flex valign_middle type_default stacking_default\"><div class=\"vc_col-sm-4 wpb_column vc_column_container\"><div class=\"vc_column-inner\"><div class=\"wpb_wrapper\"><div class=\"w-image align_center\"><div class=\"w-image-h\"><img decoding=\"async\" width=\"1024\" height=\"1024\" src=\"https:\/\/www.ilgiulietta.com\/wp-content\/uploads\/2020\/02\/riz-animazione.jpg\" class=\"attachment-large size-large\" alt=\"\" loading=\"lazy\" srcset=\"https:\/\/www.ilgiulietta.com\/wp-content\/uploads\/2020\/02\/riz-animazione.jpg 1025w, https:\/\/www.ilgiulietta.com\/wp-content\/uploads\/2020\/02\/riz-animazione-300x300.jpg 300w, https:\/\/www.ilgiulietta.com\/wp-content\/uploads\/2020\/02\/riz-animazione-150x150.jpg 150w, https:\/\/www.ilgiulietta.com\/wp-content\/uploads\/2020\/02\/riz-animazione-600x600.jpg 600w\" sizes=\"auto, (max-width: 1024px) 100vw, 1024px\" \/><\/div><\/div><\/div><\/div><\/div><div class=\"vc_col-sm-4 wpb_column vc_column_container\"><div class=\"vc_column-inner\"><div class=\"wpb_wrapper\"><div class=\"wpb_text_column us_custom_711c4007\"><div class=\"wpb_wrapper\"><p style=\"text-align: center;\">Toute l\u2019<strong><span style=\"color: #db8f2b;\">\u00e9quipe d\u2019animateurs<\/span><\/strong> vous attendent pour organiser jeux, ateliers, spectacles, danses tout au long de la journ\u00e9e. \ud83d\ude09<\/p>\n<\/div><\/div><\/div><\/div><\/div><div class=\"vc_col-sm-4 wpb_column vc_column_container\"><div class=\"vc_column-inner\"><div class=\"wpb_wrapper\"><div class=\"w-image align_center\"><div class=\"w-image-h\"><img decoding=\"async\" width=\"1024\" height=\"1024\" src=\"https:\/\/www.ilgiulietta.com\/wp-content\/uploads\/2020\/02\/animazione-in-spiaggia.jpg\" class=\"attachment-large size-large\" alt=\"\" loading=\"lazy\" srcset=\"https:\/\/www.ilgiulietta.com\/wp-content\/uploads\/2020\/02\/animazione-in-spiaggia.jpg 1025w, https:\/\/www.ilgiulietta.com\/wp-content\/uploads\/2020\/02\/animazione-in-spiaggia-300x300.jpg 300w, https:\/\/www.ilgiulietta.com\/wp-content\/uploads\/2020\/02\/animazione-in-spiaggia-150x150.jpg 150w, https:\/\/www.ilgiulietta.com\/wp-content\/uploads\/2020\/02\/animazione-in-spiaggia-600x600.jpg 600w\" sizes=\"auto, (max-width: 1024px) 100vw, 1024px\" \/><\/div><\/div><\/div><\/div><\/div><\/div><\/div><\/section><section class=\"l-section wpb_row us_custom_0bebd569 height_small\"><div class=\"l-section-h i-cf\"><div class=\"g-cols vc_row via_flex valign_middle type_default stacking_default\"><div class=\"vc_col-sm-4 wpb_column vc_column_container has_bg_color\"><div class=\"vc_column-inner us_custom_06dc4811\"><div class=\"wpb_wrapper\"><div class=\"g-cols wpb_row via_flex valign_top type_default stacking_default\"><div class=\"vc_col-sm-12 wpb_column vc_column_container has_bg_color\"><div class=\"vc_column-inner us_custom_4174d726\"><div class=\"wpb_wrapper\"><div class=\"w-separator size_custom\" style=\"height:70px\"><\/div><div class=\"wpb_text_column us_custom_6df4bc3a has_text_color\"><div class=\"wpb_wrapper\"><div style=\"text-align: center;\"><span>On commence le matin jusqu&rsquo;\u00e0 12h00 \u00e0 la plage avec jeux sur le sable, laboratoires, tournois sportifs&#8230; puis on passe tous \u00e0 table!<\/span><\/div>\n<\/div><\/div><div class=\"w-separator size_custom\" style=\"height:70px\"><\/div><\/div><\/div><\/div><\/div><\/div><\/div><\/div><div class=\"vc_col-sm-4 wpb_column vc_column_container\"><div class=\"vc_column-inner\"><div class=\"wpb_wrapper\"><div class=\"wpb_text_column us_custom_600c7503\"><div class=\"wpb_wrapper\"><div style=\"text-align: center;\"><span>L&rsquo;apr\u00e8s-midi les activit\u00e9s reprennent: nos animateurs vous attendent pour dessiner, colorier et jouer ensemble.<br \/>\n<\/span><br \/>\n<span>Le soir ensuite tous dans le th\u00e9atre des enfants pour la Baby-Dance, les spectacles et plein d&rsquo;autres activit\u00e9s!<\/span><\/div>\n<\/div><\/div><\/div><\/div><\/div><div class=\"vc_col-sm-4 wpb_column vc_column_container\"><div class=\"vc_column-inner\"><div class=\"wpb_wrapper\"><div class=\"w-image align_center\"><div class=\"w-image-h\"><img decoding=\"async\" width=\"1023\" height=\"1024\" src=\"https:\/\/www.ilgiulietta.com\/wp-content\/uploads\/2021\/06\/animazione-bimbi.jpg\" class=\"attachment-large size-large\" alt=\"\" loading=\"lazy\" srcset=\"https:\/\/www.ilgiulietta.com\/wp-content\/uploads\/2021\/06\/animazione-bimbi.jpg 1024w, https:\/\/www.ilgiulietta.com\/wp-content\/uploads\/2021\/06\/animazione-bimbi-300x300.jpg 300w, https:\/\/www.ilgiulietta.com\/wp-content\/uploads\/2021\/06\/animazione-bimbi-150x150.jpg 150w, https:\/\/www.ilgiulietta.com\/wp-content\/uploads\/2021\/06\/animazione-bimbi-600x600.jpg 600w\" sizes=\"auto, (max-width: 1023px) 100vw, 1023px\" \/><\/div><\/div><div class=\"g-cols wpb_row via_flex valign_top type_default stacking_default\"><div class=\"vc_col-sm-12 wpb_column vc_column_container\"><div class=\"vc_column-inner\"><div class=\"wpb_wrapper\"><\/div><\/div><\/div><\/div><\/div><\/div><\/div><\/div><\/div><\/section><section class=\"l-section wpb_row height_small with_img\"><div class=\"l-section-img\" role=\"img\" aria-label=\"Image\" data-img-width=\"175\" data-img-height=\"175\" style=\"background-image: url(https:\/\/www.ilgiulietta.com\/wp-content\/uploads\/2020\/02\/wild-sea.png);background-size: auto;\"><\/div><div class=\"l-section-h i-cf\"><div class=\"g-cols vc_row via_flex valign_top type_default stacking_default\"><div class=\"vc_col-sm-6 wpb_column vc_column_container\"><div class=\"vc_column-inner\"><div class=\"wpb_wrapper\"><div class=\"wpb_text_column\"><div class=\"wpb_wrapper\"><p style=\"text-align: center;\">Nos animateurs organise \u00e9galement pour vous:<\/p>\n<p style=\"text-align: center;\"><strong>Nutella party<\/strong>, Soir\u00e8e <strong>Hamburger<\/strong> et <strong>frites<\/strong>, \u201cF\u00eate\u201d de la <strong>Pizza<\/strong>, Festin de <strong>gros\u00a0beignets<\/strong>, <strong>Pique-nique<\/strong> dans le jardin<\/p>\n<\/div><\/div><\/div><\/div><\/div><div class=\"vc_col-sm-6 wpb_column vc_column_container\"><div class=\"vc_column-inner\"><div class=\"wpb_wrapper\"><div class=\"w-grid us_grid type_grid layout_gallery_default cols_4 preload_style_spinner\" id=\"us_grid_1\" style=\"--columns:4;--gap:5px;\" data-filterable=\"true\"><style>.layout_gallery_default .w-grid-item-h{}<\/style><div class=\"w-grid-list\">\t<article class=\"w-grid-item size_1x1 post-6188 attachment type-attachment status-inherit hentry\" data-id=\"6188\">\r\n\t\t<div class=\"w-grid-item-h\">\r\n\t\t\t\t\t\t<div class=\"w-post-elm post_image usg_post_image_1 stretched\"><img loading=\"lazy\" decoding=\"async\" width=\"1024\" height=\"1024\" src=\"https:\/\/www.ilgiulietta.com\/wp-content\/uploads\/2020\/02\/hamburger.jpg\" class=\"attachment-large size-large\" alt=\"\" srcset=\"https:\/\/www.ilgiulietta.com\/wp-content\/uploads\/2020\/02\/hamburger.jpg 1025w, https:\/\/www.ilgiulietta.com\/wp-content\/uploads\/2020\/02\/hamburger-300x300.jpg 300w, https:\/\/www.ilgiulietta.com\/wp-content\/uploads\/2020\/02\/hamburger-150x150.jpg 150w, https:\/\/www.ilgiulietta.com\/wp-content\/uploads\/2020\/02\/hamburger-600x600.jpg 600w\" sizes=\"auto, (max-width: 1024px) 100vw, 1024px\" \/><\/div>\t\t<\/div>\r\n\t\t\t<\/article>\r\n\t<article class=\"w-grid-item size_1x1 post-6185 attachment type-attachment status-inherit hentry\" data-id=\"6185\">\r\n\t\t<div class=\"w-grid-item-h\">\r\n\t\t\t\t\t\t<div class=\"w-post-elm post_image usg_post_image_1 stretched\"><img loading=\"lazy\" decoding=\"async\" width=\"1024\" height=\"1024\" src=\"https:\/\/www.ilgiulietta.com\/wp-content\/uploads\/2020\/02\/bomboloni.jpg\" class=\"attachment-large size-large\" alt=\"\" srcset=\"https:\/\/www.ilgiulietta.com\/wp-content\/uploads\/2020\/02\/bomboloni.jpg 1025w, https:\/\/www.ilgiulietta.com\/wp-content\/uploads\/2020\/02\/bomboloni-300x300.jpg 300w, https:\/\/www.ilgiulietta.com\/wp-content\/uploads\/2020\/02\/bomboloni-150x150.jpg 150w, https:\/\/www.ilgiulietta.com\/wp-content\/uploads\/2020\/02\/bomboloni-600x600.jpg 600w\" sizes=\"auto, (max-width: 1024px) 100vw, 1024px\" \/><\/div>\t\t<\/div>\r\n\t\t\t<\/article>\r\n\t<article class=\"w-grid-item size_1x1 post-6178 attachment type-attachment status-inherit hentry\" data-id=\"6178\">\r\n\t\t<div class=\"w-grid-item-h\">\r\n\t\t\t\t\t\t<div class=\"w-post-elm post_image usg_post_image_1 stretched\"><img loading=\"lazy\" decoding=\"async\" width=\"1024\" height=\"683\" src=\"https:\/\/www.ilgiulietta.com\/wp-content\/uploads\/2020\/02\/merenda-alvaro-calamaro-2-1024x683.jpg\" class=\"attachment-large size-large\" alt=\"\" srcset=\"https:\/\/www.ilgiulietta.com\/wp-content\/uploads\/2020\/02\/merenda-alvaro-calamaro-2-1024x683.jpg 1024w, https:\/\/www.ilgiulietta.com\/wp-content\/uploads\/2020\/02\/merenda-alvaro-calamaro-2-300x200.jpg 300w, https:\/\/www.ilgiulietta.com\/wp-content\/uploads\/2020\/02\/merenda-alvaro-calamaro-2-1536x1024.jpg 1536w, https:\/\/www.ilgiulietta.com\/wp-content\/uploads\/2020\/02\/merenda-alvaro-calamaro-2.jpg 2048w\" sizes=\"auto, (max-width: 1024px) 100vw, 1024px\" \/><\/div>\t\t<\/div>\r\n\t\t\t<\/article>\r\n\t<article class=\"w-grid-item size_1x1 post-6172 attachment type-attachment status-inherit hentry\" data-id=\"6172\">\r\n\t\t<div class=\"w-grid-item-h\">\r\n\t\t\t\t\t\t<div class=\"w-post-elm post_image usg_post_image_1 stretched\"><img loading=\"lazy\" decoding=\"async\" width=\"1024\" height=\"683\" src=\"https:\/\/www.ilgiulietta.com\/wp-content\/uploads\/2020\/02\/merenda-alvaro-calamaro-4-1024x683.jpg\" class=\"attachment-large size-large\" alt=\"\" srcset=\"https:\/\/www.ilgiulietta.com\/wp-content\/uploads\/2020\/02\/merenda-alvaro-calamaro-4-1024x683.jpg 1024w, https:\/\/www.ilgiulietta.com\/wp-content\/uploads\/2020\/02\/merenda-alvaro-calamaro-4-300x200.jpg 300w, https:\/\/www.ilgiulietta.com\/wp-content\/uploads\/2020\/02\/merenda-alvaro-calamaro-4.jpg 1200w\" sizes=\"auto, (max-width: 1024px) 100vw, 1024px\" \/><\/div>\t\t<\/div>\r\n\t\t\t<\/article>\r\n<\/div>\t<div class=\"w-grid-preloader\">\r\n\t\t<div class=\"g-preloader type_3\">\r\n\t\t\t<div><\/div>\r\n\t\t<\/div>\r\n\t<\/div>\r\n\t\t<div class=\"w-grid-json hidden\" onclick='return {&quot;action&quot;:&quot;us_ajax_grid&quot;,&quot;infinite_scroll&quot;:0,&quot;max_num_pages&quot;:1,&quot;pagination&quot;:&quot;none&quot;,&quot;template_vars&quot;:{&quot;columns&quot;:&quot;4&quot;,&quot;exclude_items&quot;:&quot;none&quot;,&quot;img_size&quot;:&quot;default&quot;,&quot;ignore_items_size&quot;:0,&quot;items_layout&quot;:&quot;gallery_default&quot;,&quot;items_offset&quot;:&quot;1&quot;,&quot;load_animation&quot;:&quot;none&quot;,&quot;overriding_link&quot;:&quot;{\\&quot;url\\&quot;:\\&quot;\\&quot;}&quot;,&quot;post_id&quot;:0,&quot;query_args&quot;:{&quot;post_type&quot;:[&quot;attachment&quot;],&quot;post__in&quot;:[&quot;6171&quot;,&quot;6177&quot;,&quot;6184&quot;,&quot;6187&quot;],&quot;post_status&quot;:&quot;inherit&quot;,&quot;post_mime_type&quot;:&quot;image&quot;,&quot;posts_per_page&quot;:&quot;4&quot;},&quot;orderby_query_args&quot;:{&quot;orderby&quot;:{&quot;date&quot;:&quot;DESC&quot;}},&quot;type&quot;:&quot;grid&quot;,&quot;us_grid_post_type&quot;:&quot;attachment&quot;,&quot;us_grid_ajax_index&quot;:1,&quot;us_grid_filter_query_string&quot;:null,&quot;us_grid_index&quot;:1,&quot;page_args&quot;:[],&quot;lang&quot;:&quot;fr&quot;}}'><\/div>\r\n\t<\/div><\/div><\/div><\/div><\/div><\/div><\/section><section class=\"l-section wpb_row height_small\"><div class=\"l-section-h i-cf\"><div class=\"g-cols vc_row via_flex valign_top type_default stacking_default\"><div class=\"vc_col-sm-12 wpb_column vc_column_container\"><div class=\"vc_column-inner\"><div class=\"wpb_wrapper\"><div class=\"wpb_text_column\"><div class=\"wpb_wrapper\"><h6 style=\"text-align: center;\">Pour \u201cnos enfants\u201d nous avons pens\u00e9 \u00e0 un s\u00e9jour plein d\u2019attentions:<\/h6>\n<\/div><\/div><\/div><\/div><\/div><\/div><\/div><\/section><section class=\"l-section wpb_row height_auto\"><div class=\"l-section-h i-cf\"><div class=\"g-cols vc_row via_flex valign_top type_default stacking_default\"><div class=\"vc_col-sm-3 wpb_column vc_column_container has_bg_color\"><div class=\"vc_column-inner us_custom_e87b0402\"><div class=\"wpb_wrapper\"><div class=\"wpb_text_column us_custom_68ec3198\"><div class=\"wpb_wrapper\"><h4 style=\"text-align: left;\">Dans la chambre:<\/h4>\n<p style=\"text-align: left;\"><i class=\"fas fa-check\" style=\"color: #DB8F2B\"><\/i> Lits \u00e0 barreaux<br \/>\n<i class=\"fas fa-check\" style=\"color: #DB8F2B\"><\/i> Barri\u00e8res de lit<br \/>\n<i class=\"fas fa-check\" style=\"color: #DB8F2B\"><\/i> Baignoires b\u00e9b\u00e9<br \/>\n<i class=\"fas fa-check\" style=\"color: #DB8F2B\"><\/i> R\u00e9ducteurs de si\u00e8ge WC<br \/>\n<i class=\"fas fa-check\" style=\"color: #DB8F2B\"><\/i> Marchepieds<br \/>\n<i class=\"fas fa-check\" style=\"color: #DB8F2B\"><\/i> Chauffe-biberon<br \/>\n<i class=\"fas fa-check\" style=\"color: #DB8F2B\"><\/i> Interphones pour b\u00e9b\u00e9<\/p>\n<\/div><\/div><\/div><\/div><\/div><div class=\"vc_col-sm-3 wpb_column vc_column_container has_bg_color\"><div class=\"vc_column-inner us_custom_7c1aed38\"><div class=\"wpb_wrapper\"><div class=\"wpb_text_column\"><div class=\"wpb_wrapper\"><h4 style=\"text-align: left;\">Dans l&rsquo;Hotel:<\/h4>\n<p style=\"text-align: left;\"><i class=\"fas fa-check\" style=\"color: #DB8F2B\"><\/i> Espace jeux \u00e9quip\u00e9<br \/>\n<i class=\"fas fa-check\" style=\"color: #DB8F2B\"><\/i> Mini-club<br \/>\n<i class=\"fas fa-check\" style=\"color: #DB8F2B\"><\/i> Poussettes<br \/>\n<i class=\"fas fa-check\" style=\"color: #DB8F2B\"><\/i> V\u00e9los pour enfants<br \/>\n<i class=\"fas fa-check\" style=\"color: #DB8F2B\"><\/i> Si\u00e8ges v\u00e9lo<br \/>\n<i class=\"fas fa-check\" style=\"color: #DB8F2B\"><\/i> Petite pharmacie<\/p>\n<\/div><\/div><\/div><\/div><\/div><div class=\"vc_col-sm-3 wpb_column vc_column_container has_bg_color\"><div class=\"vc_column-inner us_custom_e87b0402\"><div class=\"wpb_wrapper\"><div class=\"wpb_text_column\"><div class=\"wpb_wrapper\"><h4 style=\"text-align: left;\">Dans le Restaurant:<\/h4>\n<p style=\"text-align: left;\"><i class=\"fas fa-check\" style=\"color: #DB8F2B\"><\/i> Ouvert \u00e0 partir de 11h \u00e0 midi et \u00e0 partir de 18h30 le soir<br \/>\n<i class=\"fas fa-check\" style=\"color: #DB8F2B\"><\/i> Bouillons de l\u00e9gumes et de viande<br \/>\n<i class=\"fas fa-check\" style=\"color: #DB8F2B\"><\/i> Potages de l\u00e9gumes<br \/>\n<i class=\"fas fa-check\" style=\"color: #DB8F2B\"><\/i> Bouillies, p\u00e2tes s\u00e8ches, sauces<br \/>\n<i class=\"fas fa-check\" style=\"color: #DB8F2B\"><\/i> Plats de viande et de poisson<br \/>\n<i class=\"fas fa-check\" style=\"color: #DB8F2B\"><\/i> Fruits pass\u00e9s au mixeur<br \/>\n<i class=\"fas fa-check\" style=\"color: #DB8F2B\"><\/i> Chaises hautes<\/p>\n<\/div><\/div><\/div><\/div><\/div><div class=\"vc_col-sm-3 wpb_column vc_column_container has_bg_color\"><div class=\"vc_column-inner us_custom_7c1aed38\"><div class=\"wpb_wrapper\"><div class=\"wpb_text_column\"><div class=\"wpb_wrapper\"><h4 style=\"text-align: left;\">Au gouter:<\/h4>\n<p style=\"text-align: left;\"><i class=\"fas fa-check\" style=\"color: #DB8F2B\"><\/i> Lait frais<br \/>\n<i class=\"fas fa-check\" style=\"color: #DB8F2B\"><\/i> Yaourts<br \/>\n<i class=\"fas fa-check\" style=\"color: #DB8F2B\"><\/i> Flans<br \/>\n<i class=\"fas fa-check\" style=\"color: #DB8F2B\"><\/i> Pain et nutella<br \/>\n<i class=\"fas fa-check\" style=\"color: #DB8F2B\"><\/i> Fruits frais et cocktail de fruits pass\u00e9s au mixeur<br \/>\n<i class=\"fas fa-check\" style=\"color: #DB8F2B\"><\/i> Glaces<\/p>\n<\/div><\/div><\/div><\/div><\/div><\/div><\/div><\/section>\n","protected":false},"excerpt":{"rendered":"","protected":false},"author":1,"featured_media":0,"parent":0,"menu_order":0,"comment_status":"closed","ping_status":"closed","template":"","meta":{"footnotes":""},"class_list":["post-8617","page","type-page","status-publish","hentry"],"yoast_head":"<!-- This site is optimized with the Yoast SEO plugin v26.4 - https:\/\/yoast.com\/wordpress\/plugins\/seo\/ -->\n<title>Hotel pour familles \u00e0 Cesenatico, plan\u00e8te des Enfants<\/title>\n<meta name=\"description\" content=\"Hotel pour familles \u00e0 Cesenatico. Toute l\u2019\u00e9quipe d\u2019animateurs vous attendent pour organiser jeux, ateliers, spectacles, danses tout au long de la journ\u00e9e. Baby Animation dans l&#039;hotel, piscine et dans la plage.\" \/>\n<meta name=\"robots\" content=\"index, follow, max-snippet:-1, max-image-preview:large, max-video-preview:-1\" \/>\n<link rel=\"canonical\" href=\"https:\/\/www.ilgiulietta.com\/fr\/hotel-pour-familles-a-cesenatico.html\" \/>\n<meta property=\"og:locale\" content=\"fr_FR\" \/>\n<meta property=\"og:type\" content=\"article\" \/>\n<meta property=\"og:title\" content=\"Hotel pour familles \u00e0 Cesenatico, plan\u00e8te des Enfants\" \/>\n<meta property=\"og:description\" content=\"Hotel pour familles \u00e0 Cesenatico. Toute l\u2019\u00e9quipe d\u2019animateurs vous attendent pour organiser jeux, ateliers, spectacles, danses tout au long de la journ\u00e9e. Baby Animation dans l&#039;hotel, piscine et dans la plage.\" \/>\n<meta property=\"og:url\" content=\"https:\/\/www.ilgiulietta.com\/fr\/hotel-pour-familles-a-cesenatico.html\" \/>\n<meta property=\"og:site_name\" content=\"Hotel Giulietta e Romeo *** Cesenatico, Spiaggia, Piscina e All inclusive\" \/>\n<meta property=\"article:modified_time\" content=\"2025-06-04T05:36:31+00:00\" \/>\n<meta name=\"twitter:card\" content=\"summary_large_image\" \/>\n<meta name=\"twitter:label1\" content=\"Dur\u00e9e de lecture estim\u00e9e\" \/>\n\t<meta name=\"twitter:data1\" content=\"3 minutes\" \/>\n<script type=\"application\/ld+json\" class=\"yoast-schema-graph\">{\"@context\":\"https:\/\/schema.org\",\"@graph\":[{\"@type\":\"WebPage\",\"@id\":\"https:\/\/www.ilgiulietta.com\/fr\/hotel-pour-familles-a-cesenatico.html\",\"url\":\"https:\/\/www.ilgiulietta.com\/fr\/hotel-pour-familles-a-cesenatico.html\",\"name\":\"Hotel pour familles \u00e0 Cesenatico, plan\u00e8te des Enfants\",\"isPartOf\":{\"@id\":\"https:\/\/www.ilgiulietta.com\/fr\/#website\"},\"datePublished\":\"2021-02-14T09:14:22+00:00\",\"dateModified\":\"2025-06-04T05:36:31+00:00\",\"description\":\"Hotel pour familles \u00e0 Cesenatico. Toute l\u2019\u00e9quipe d\u2019animateurs vous attendent pour organiser jeux, ateliers, spectacles, danses tout au long de la journ\u00e9e. Baby Animation dans l'hotel, piscine et dans la plage.\",\"breadcrumb\":{\"@id\":\"https:\/\/www.ilgiulietta.com\/fr\/hotel-pour-familles-a-cesenatico.html#breadcrumb\"},\"inLanguage\":\"fr-FR\",\"potentialAction\":[{\"@type\":\"ReadAction\",\"target\":[\"https:\/\/www.ilgiulietta.com\/fr\/hotel-pour-familles-a-cesenatico.html\"]}]},{\"@type\":\"BreadcrumbList\",\"@id\":\"https:\/\/www.ilgiulietta.com\/fr\/hotel-pour-familles-a-cesenatico.html#breadcrumb\",\"itemListElement\":[{\"@type\":\"ListItem\",\"position\":1,\"name\":\"Home\",\"item\":\"https:\/\/www.ilgiulietta.com\/fr\"},{\"@type\":\"ListItem\",\"position\":2,\"name\":\"Hotel pour familles \u00e0 Cesenatico, plan\u00e8te des Enfants\"}]},{\"@type\":\"WebSite\",\"@id\":\"https:\/\/www.ilgiulietta.com\/fr\/#website\",\"url\":\"https:\/\/www.ilgiulietta.com\/fr\/\",\"name\":\"Hotel Giulietta e Romeo *** Cesenatico, Spiaggia, Piscina e All inclusive\",\"description\":\"Vacanze a Cesenatico\",\"potentialAction\":[{\"@type\":\"SearchAction\",\"target\":{\"@type\":\"EntryPoint\",\"urlTemplate\":\"https:\/\/www.ilgiulietta.com\/fr\/?s={search_term_string}\"},\"query-input\":{\"@type\":\"PropertyValueSpecification\",\"valueRequired\":true,\"valueName\":\"search_term_string\"}}],\"inLanguage\":\"fr-FR\"}]}<\/script>\n<!-- \/ Yoast SEO plugin. -->","yoast_head_json":{"title":"Hotel pour familles \u00e0 Cesenatico, plan\u00e8te des Enfants","description":"Hotel pour familles \u00e0 Cesenatico. Toute l\u2019\u00e9quipe d\u2019animateurs vous attendent pour organiser jeux, ateliers, spectacles, danses tout au long de la journ\u00e9e. Baby Animation dans l'hotel, piscine et dans la plage.","robots":{"index":"index","follow":"follow","max-snippet":"max-snippet:-1","max-image-preview":"max-image-preview:large","max-video-preview":"max-video-preview:-1"},"canonical":"https:\/\/www.ilgiulietta.com\/fr\/hotel-pour-familles-a-cesenatico.html","og_locale":"fr_FR","og_type":"article","og_title":"Hotel pour familles \u00e0 Cesenatico, plan\u00e8te des Enfants","og_description":"Hotel pour familles \u00e0 Cesenatico. Toute l\u2019\u00e9quipe d\u2019animateurs vous attendent pour organiser jeux, ateliers, spectacles, danses tout au long de la journ\u00e9e. Baby Animation dans l'hotel, piscine et dans la plage.","og_url":"https:\/\/www.ilgiulietta.com\/fr\/hotel-pour-familles-a-cesenatico.html","og_site_name":"Hotel Giulietta e Romeo *** Cesenatico, Spiaggia, Piscina e All inclusive","article_modified_time":"2025-06-04T05:36:31+00:00","twitter_card":"summary_large_image","twitter_misc":{"Dur\u00e9e de lecture estim\u00e9e":"3 minutes"},"schema":{"@context":"https:\/\/schema.org","@graph":[{"@type":"WebPage","@id":"https:\/\/www.ilgiulietta.com\/fr\/hotel-pour-familles-a-cesenatico.html","url":"https:\/\/www.ilgiulietta.com\/fr\/hotel-pour-familles-a-cesenatico.html","name":"Hotel pour familles \u00e0 Cesenatico, plan\u00e8te des Enfants","isPartOf":{"@id":"https:\/\/www.ilgiulietta.com\/fr\/#website"},"datePublished":"2021-02-14T09:14:22+00:00","dateModified":"2025-06-04T05:36:31+00:00","description":"Hotel pour familles \u00e0 Cesenatico. Toute l\u2019\u00e9quipe d\u2019animateurs vous attendent pour organiser jeux, ateliers, spectacles, danses tout au long de la journ\u00e9e. Baby Animation dans l'hotel, piscine et dans la plage.","breadcrumb":{"@id":"https:\/\/www.ilgiulietta.com\/fr\/hotel-pour-familles-a-cesenatico.html#breadcrumb"},"inLanguage":"fr-FR","potentialAction":[{"@type":"ReadAction","target":["https:\/\/www.ilgiulietta.com\/fr\/hotel-pour-familles-a-cesenatico.html"]}]},{"@type":"BreadcrumbList","@id":"https:\/\/www.ilgiulietta.com\/fr\/hotel-pour-familles-a-cesenatico.html#breadcrumb","itemListElement":[{"@type":"ListItem","position":1,"name":"Home","item":"https:\/\/www.ilgiulietta.com\/fr"},{"@type":"ListItem","position":2,"name":"Hotel pour familles \u00e0 Cesenatico, plan\u00e8te des Enfants"}]},{"@type":"WebSite","@id":"https:\/\/www.ilgiulietta.com\/fr\/#website","url":"https:\/\/www.ilgiulietta.com\/fr\/","name":"Hotel Giulietta e Romeo *** Cesenatico, Spiaggia, Piscina e All inclusive","description":"Vacanze a Cesenatico","potentialAction":[{"@type":"SearchAction","target":{"@type":"EntryPoint","urlTemplate":"https:\/\/www.ilgiulietta.com\/fr\/?s={search_term_string}"},"query-input":{"@type":"PropertyValueSpecification","valueRequired":true,"valueName":"search_term_string"}}],"inLanguage":"fr-FR"}]}},"_links":{"self":[{"href":"https:\/\/www.ilgiulietta.com\/fr\/wp-json\/wp\/v2\/pages\/8617","targetHints":{"allow":["GET"]}}],"collection":[{"href":"https:\/\/www.ilgiulietta.com\/fr\/wp-json\/wp\/v2\/pages"}],"about":[{"href":"https:\/\/www.ilgiulietta.com\/fr\/wp-json\/wp\/v2\/types\/page"}],"author":[{"embeddable":true,"href":"https:\/\/www.ilgiulietta.com\/fr\/wp-json\/wp\/v2\/users\/1"}],"replies":[{"embeddable":true,"href":"https:\/\/www.ilgiulietta.com\/fr\/wp-json\/wp\/v2\/comments?post=8617"}],"version-history":[{"count":14,"href":"https:\/\/www.ilgiulietta.com\/fr\/wp-json\/wp\/v2\/pages\/8617\/revisions"}],"predecessor-version":[{"id":9733,"href":"https:\/\/www.ilgiulietta.com\/fr\/wp-json\/wp\/v2\/pages\/8617\/revisions\/9733"}],"wp:attachment":[{"href":"https:\/\/www.ilgiulietta.com\/fr\/wp-json\/wp\/v2\/media?parent=8617"}],"curies":[{"name":"wp","href":"https:\/\/api.w.org\/{rel}","templated":true}]}}