{"id":9556,"date":"2024-12-16T16:11:58","date_gmt":"2024-12-16T16:11:58","guid":{"rendered":"https:\/\/www.ilgiulietta.com\/?page_id=9556"},"modified":"2025-11-21T11:31:03","modified_gmt":"2025-11-21T11:31:03","slug":"hotel-cesenatico-mit-strand","status":"publish","type":"page","link":"https:\/\/www.ilgiulietta.com\/de\/hotel-cesenatico-mit-strand","title":{"rendered":"Hotel Cesenatico mit Strand"},"content":{"rendered":"<section class=\"l-section wpb_row us_custom_0bebd569 height_small\"><div class=\"l-section-h i-cf\"><div class=\"g-cols vc_row via_flex valign_top type_default stacking_default\"><div class=\"vc_col-sm-12 wpb_column vc_column_container\"><div class=\"vc_column-inner\"><div class=\"wpb_wrapper\"><div class=\"wpb_text_column\"><div class=\"wpb_wrapper\"><h6 style=\"text-align: center;\"><span style=\"color: #db8f2b; font-size: 24pt;\">Strand<\/span><\/h6>\n<\/div><\/div><\/div><\/div><\/div><\/div><\/div><\/section><section class=\"l-section wpb_row height_auto width_full\"><div class=\"l-section-h i-cf\"><div class=\"g-cols vc_row via_flex valign_middle type_default stacking_default\"><div class=\"vc_col-sm-12 wpb_column vc_column_container\"><div class=\"vc_column-inner\"><div class=\"wpb_wrapper\"><div class=\"w-image align_center\"><div class=\"w-image-h\"><img decoding=\"async\" width=\"2000\" height=\"948\" src=\"https:\/\/www.ilgiulietta.com\/wp-content\/uploads\/2024\/12\/spiaggia-1.jpg\" class=\"attachment-full size-full\" alt=\"\" loading=\"lazy\" srcset=\"https:\/\/www.ilgiulietta.com\/wp-content\/uploads\/2024\/12\/spiaggia-1.jpg 2000w, https:\/\/www.ilgiulietta.com\/wp-content\/uploads\/2024\/12\/spiaggia-1-300x142.jpg 300w, https:\/\/www.ilgiulietta.com\/wp-content\/uploads\/2024\/12\/spiaggia-1-1024x485.jpg 1024w\" sizes=\"auto, (max-width: 2000px) 100vw, 2000px\" \/><\/div><\/div><\/div><\/div><\/div><\/div><\/div><\/section><section class=\"l-section wpb_row height_small\"><div class=\"l-section-h i-cf\"><div class=\"g-cols vc_row via_flex valign_top type_default stacking_default\"><div class=\"vc_col-sm-12 wpb_column vc_column_container has_bg_color\"><div class=\"vc_column-inner us_custom_286ac388\"><div class=\"wpb_wrapper\"><div class=\"g-cols wpb_row via_flex valign_top type_default stacking_default\"><div class=\"vc_col-sm-12 wpb_column vc_column_container\"><div class=\"vc_column-inner\"><div class=\"wpb_wrapper\"><div class=\"wpb_text_column\"><div class=\"wpb_wrapper\"><h3 style=\"text-align: center;\">Am Strand, direkt vom Hotel, sind ein Sonnenschirm und zwei Liegest\u00fchle immer inkludiert.<\/h3>\n<p style=\"text-align: center;\">Vom Hotel erstreckt sich der ber\u00fchmte Strand von Cesenatico mit seinem feinen Sand und seinen farbenfrohen Badeanstalten, unter denen unser zuverl\u00e4ssiger \u201eBagno\u201c hervorsticht. Es ist mit einer Bar, einer Snackbar mit kleiner Gastronomie sowie den ger\u00e4umigsten Sonnenschirmen unserer Stadt ausgestattet.<\/p>\n<\/div><\/div><\/div><\/div><\/div><\/div><\/div><\/div><\/div><\/div><\/div><\/section><section class=\"l-section wpb_row us_custom_0741ea35 height_small width_full\"><div class=\"l-section-h i-cf\"><div class=\"g-cols vc_row via_flex valign_top type_default stacking_default\"><div class=\"vc_col-sm-12 wpb_column vc_column_container\"><div class=\"vc_column-inner\"><div class=\"wpb_wrapper\"><div class=\"w-actionbox color_secondary controls_right\"><div class=\"w-actionbox-text\"><h2 class=\"w-actionbox-title\">Fordern Sie jetzt ein Angebot an<\/h2><\/div><div class=\"w-actionbox-controls\"><a class=\"w-btn us-btn-style_1\" href=\"https:\/\/my.ilgiulietta.com\/forms\/de-DE\/reservation\"><span class=\"w-btn-label\">Fordern Sie ein Angebot mit Strand an<\/span><\/a><\/div><\/div><\/div><\/div><\/div><\/div><\/div><\/section><section class=\"l-section wpb_row height_small\"><div class=\"l-section-h i-cf\"><div class=\"g-cols vc_row via_flex valign_middle type_default stacking_default\"><div class=\"vc_col-sm-6 wpb_column vc_column_container\"><div class=\"vc_column-inner\"><div class=\"wpb_wrapper\"><div class=\"wpb_text_column\"><div class=\"wpb_wrapper\"><h4>Das Hotel Giulietta &amp; Romeo hat bereits an alles gedacht. Am Strand stehen Ihnen die folgende Leistungen zur Verf\u00fcgung, die im Preis inbegriffen sind:<\/h4>\n<\/div><\/div><\/div><\/div><\/div><div class=\"vc_col-sm-6 wpb_column vc_column_container\"><div class=\"vc_column-inner\"><div class=\"wpb_wrapper\"><div class=\"wpb_text_column\"><div class=\"wpb_wrapper\"><ul>\n<li>Ein Sonnenschirm und zwei Liegest\u00fchle pro Zimmer<\/li>\n<li>Boule-Spielplatz<\/li>\n<li>Satellitenfernsehen<\/li>\n<li>Kleine Bibliothek<\/li>\n<li>Geschlossener Raum f\u00fcr Spielzeuge und Luftmatratzen<\/li>\n<li>Kinderspiele<\/li>\n<\/ul>\n<\/div><\/div><\/div><\/div><\/div><\/div><\/div><\/section><section class=\"l-section wpb_row us_custom_4fb9e5a3 height_auto with_img parallax_ver\"><div class=\"l-section-img\" role=\"img\" aria-label=\"Bild\" data-img-width=\"2500\" data-img-height=\"1593\" style=\"background-image: url(https:\/\/www.ilgiulietta.com\/wp-content\/uploads\/2025\/11\/Bagno-Zara-Cesenatico.jpg);background-repeat: no-repeat;\"><\/div><div class=\"l-section-h i-cf\"><div class=\"g-cols vc_row via_flex valign_middle type_default stacking_default\"><div class=\"vc_col-sm-4 wpb_column vc_column_container\"><div class=\"vc_column-inner\"><div class=\"wpb_wrapper\"><\/div><\/div><\/div><div class=\"vc_col-sm-4 wpb_column vc_column_container\"><div class=\"vc_column-inner\"><div class=\"wpb_wrapper\"><div class=\"w-separator size_custom\" style=\"height:800px\" id=\"t03d\"><style>@media(max-width:600px){ #t03d{height:150px!important}}<\/style><\/div><\/div><\/div><\/div><div class=\"vc_col-sm-4 wpb_column vc_column_container\"><div class=\"vc_column-inner\"><div class=\"wpb_wrapper\"><\/div><\/div><\/div><\/div><\/div><\/section><section class=\"l-section wpb_row height_small\"><div class=\"l-section-h i-cf\"><div class=\"g-cols vc_row via_flex valign_top type_default stacking_default\"><div class=\"vc_col-sm-12 wpb_column vc_column_container\"><div class=\"vc_column-inner\"><div class=\"wpb_wrapper\"><div class=\"w-gallery fit_cover type_grid action_popup_image ratio_1x1 count_2\" style=\"--columns:2;--items-gap:10px;\"><div class=\"w-gallery-list\"><div class=\"w-gallery-item\"><div class=\"w-gallery-item-img\"><img loading=\"lazy\" decoding=\"async\" width=\"744\" height=\"992\" src=\"https:\/\/www.ilgiulietta.com\/wp-content\/uploads\/2025\/11\/Bagno-Zara-cesenatico-Ingresso.jpg\" class=\"attachment-large size-large\" alt=\"\" srcset=\"https:\/\/www.ilgiulietta.com\/wp-content\/uploads\/2025\/11\/Bagno-Zara-cesenatico-Ingresso.jpg 744w, https:\/\/www.ilgiulietta.com\/wp-content\/uploads\/2025\/11\/Bagno-Zara-cesenatico-Ingresso-225x300.jpg 225w\" sizes=\"auto, (max-width: 744px) 100vw, 744px\" \/><\/div><a class=\"w-gallery-item-link\" aria-label=\"Bagno Zara cesenatico Ingresso\" href=\"https:\/\/www.ilgiulietta.com\/wp-content\/uploads\/2025\/11\/Bagno-Zara-cesenatico-Ingresso.jpg\"><\/a><\/div><div class=\"w-gallery-item\"><div class=\"w-gallery-item-img\"><img loading=\"lazy\" decoding=\"async\" width=\"1024\" height=\"461\" src=\"https:\/\/www.ilgiulietta.com\/wp-content\/uploads\/2025\/11\/Bagno-Zara-Cesenatico-Spiaggia-1024x461.jpg\" class=\"attachment-large size-large\" alt=\"\" srcset=\"https:\/\/www.ilgiulietta.com\/wp-content\/uploads\/2025\/11\/Bagno-Zara-Cesenatico-Spiaggia-1024x461.jpg 1024w, https:\/\/www.ilgiulietta.com\/wp-content\/uploads\/2025\/11\/Bagno-Zara-Cesenatico-Spiaggia-300x135.jpg 300w\" sizes=\"auto, (max-width: 1024px) 100vw, 1024px\" \/><\/div><a class=\"w-gallery-item-link\" aria-label=\"Bagno Zara Cesenatico Spiaggia\" href=\"https:\/\/www.ilgiulietta.com\/wp-content\/uploads\/2025\/11\/Bagno-Zara-Cesenatico-Spiaggia.jpg\"><\/a><\/div><\/div><\/div><\/div><\/div><\/div><\/div><\/div><\/section><section class=\"l-section wpb_row us_custom_4fb9e5a3 height_auto with_img\"><div class=\"l-section-img\" role=\"img\" aria-label=\"Bild\" data-img-width=\"2000\" data-img-height=\"1300\" style=\"background-image: url(https:\/\/www.ilgiulietta.com\/wp-content\/uploads\/2020\/02\/bimbispiaggia.jpg);background-position: top center;background-repeat: no-repeat;\"><\/div><div class=\"l-section-overlay\" style=\"background:rgba(26,26,26,0.4)\"><\/div><div class=\"l-section-h i-cf\"><div class=\"g-cols vc_row via_flex valign_middle type_default stacking_default\"><div class=\"vc_col-sm-4 wpb_column vc_column_container\"><div class=\"vc_column-inner\"><div class=\"wpb_wrapper\"><\/div><\/div><\/div><div class=\"vc_col-sm-4 wpb_column vc_column_container\"><div class=\"vc_column-inner\"><div class=\"wpb_wrapper\"><div class=\"w-separator size_custom\" style=\"height:150px\" id=\"s2ad\"><style>@media(max-width:600px){ #s2ad{height:60px!important}}<\/style><\/div><div class=\"w-btn-wrapper align_center\"><a class=\"w-btn us-btn-style_1\" href=\"https:\/\/www.ilgiulietta.com\/de\/hotel-cesenatico-3-schwimmbader-mit-rutschen.html\"><span class=\"w-btn-label\">Schwimmb\u00e4der<\/span><\/a><\/div><div class=\"w-separator size_custom\" style=\"height:150px\" id=\"x58b\"><style>@media(max-width:600px){ #x58b{height:60px!important}}<\/style><\/div><\/div><\/div><\/div><div class=\"vc_col-sm-4 wpb_column vc_column_container\"><div class=\"vc_column-inner\"><div class=\"wpb_wrapper\"><\/div><\/div><\/div><\/div><\/div><\/section>\n","protected":false},"excerpt":{"rendered":"Strand Am Strand, direkt vom Hotel, sind ein Sonnenschirm und zwei Liegest\u00fchle immer inkludiert. Vom Hotel erstreckt sich der ber\u00fchmte Strand von Cesenatico mit seinem feinen Sand und seinen farbenfrohen Badeanstalten, unter denen unser zuverl\u00e4ssiger \u201eBagno\u201c hervorsticht. Es ist mit einer Bar, einer Snackbar mit kleiner Gastronomie sowie den ger\u00e4umigsten Sonnenschirmen unserer Stadt ausgestattet. Fordern...","protected":false},"author":1,"featured_media":0,"parent":0,"menu_order":0,"comment_status":"closed","ping_status":"closed","template":"","meta":{"footnotes":""},"class_list":["post-9556","page","type-page","status-publish","hentry"],"yoast_head":"<!-- This site is optimized with the Yoast SEO plugin v26.4 - https:\/\/yoast.com\/wordpress\/plugins\/seo\/ -->\n<title>Hotel Cesenatico mit Strand - Hotel Giulietta e Romeo *** Cesenatico, Spiaggia, Piscina e All inclusive<\/title>\n<meta name=\"robots\" content=\"index, follow, max-snippet:-1, max-image-preview:large, max-video-preview:-1\" \/>\n<link rel=\"canonical\" href=\"https:\/\/www.ilgiulietta.com\/de\/hotel-cesenatico-mit-strand.html\" \/>\n<meta property=\"og:locale\" content=\"de_DE\" \/>\n<meta property=\"og:type\" content=\"article\" \/>\n<meta property=\"og:title\" content=\"Hotel Cesenatico mit Strand - Hotel Giulietta e Romeo *** Cesenatico, Spiaggia, Piscina e All inclusive\" \/>\n<meta property=\"og:url\" content=\"https:\/\/www.ilgiulietta.com\/de\/hotel-cesenatico-mit-strand.html\" \/>\n<meta property=\"og:site_name\" content=\"Hotel Giulietta e Romeo *** Cesenatico, Spiaggia, Piscina e All inclusive\" \/>\n<meta property=\"article:modified_time\" content=\"2025-11-21T11:31:03+00:00\" \/>\n<meta name=\"twitter:card\" content=\"summary_large_image\" \/>\n<meta name=\"twitter:label1\" content=\"Gesch\u00e4tzte Lesezeit\" \/>\n\t<meta name=\"twitter:data1\" content=\"1\u00a0Minute\" \/>\n<script type=\"application\/ld+json\" class=\"yoast-schema-graph\">{\"@context\":\"https:\/\/schema.org\",\"@graph\":[{\"@type\":\"WebPage\",\"@id\":\"https:\/\/www.ilgiulietta.com\/de\/hotel-cesenatico-mit-strand.html\",\"url\":\"https:\/\/www.ilgiulietta.com\/de\/hotel-cesenatico-mit-strand.html\",\"name\":\"Hotel Cesenatico mit Strand - Hotel Giulietta e Romeo *** Cesenatico, Spiaggia, Piscina e All inclusive\",\"isPartOf\":{\"@id\":\"https:\/\/www.ilgiulietta.com\/fr\/#website\"},\"datePublished\":\"2024-12-16T16:11:58+00:00\",\"dateModified\":\"2025-11-21T11:31:03+00:00\",\"breadcrumb\":{\"@id\":\"https:\/\/www.ilgiulietta.com\/de\/hotel-cesenatico-mit-strand.html#breadcrumb\"},\"inLanguage\":\"de\",\"potentialAction\":[{\"@type\":\"ReadAction\",\"target\":[\"https:\/\/www.ilgiulietta.com\/de\/hotel-cesenatico-mit-strand.html\"]}]},{\"@type\":\"BreadcrumbList\",\"@id\":\"https:\/\/www.ilgiulietta.com\/de\/hotel-cesenatico-mit-strand.html#breadcrumb\",\"itemListElement\":[{\"@type\":\"ListItem\",\"position\":1,\"name\":\"Home\",\"item\":\"https:\/\/www.ilgiulietta.com\/de\"},{\"@type\":\"ListItem\",\"position\":2,\"name\":\"Hotel Cesenatico mit Strand\"}]},{\"@type\":\"WebSite\",\"@id\":\"https:\/\/www.ilgiulietta.com\/fr\/#website\",\"url\":\"https:\/\/www.ilgiulietta.com\/fr\/\",\"name\":\"Hotel Giulietta e Romeo *** Cesenatico, Spiaggia, Piscina e All inclusive\",\"description\":\"Vacanze a Cesenatico\",\"potentialAction\":[{\"@type\":\"SearchAction\",\"target\":{\"@type\":\"EntryPoint\",\"urlTemplate\":\"https:\/\/www.ilgiulietta.com\/fr\/?s={search_term_string}\"},\"query-input\":{\"@type\":\"PropertyValueSpecification\",\"valueRequired\":true,\"valueName\":\"search_term_string\"}}],\"inLanguage\":\"de\"}]}<\/script>\n<!-- \/ Yoast SEO plugin. -->","yoast_head_json":{"title":"Hotel Cesenatico mit Strand - Hotel Giulietta e Romeo *** Cesenatico, Spiaggia, Piscina e All inclusive","robots":{"index":"index","follow":"follow","max-snippet":"max-snippet:-1","max-image-preview":"max-image-preview:large","max-video-preview":"max-video-preview:-1"},"canonical":"https:\/\/www.ilgiulietta.com\/de\/hotel-cesenatico-mit-strand.html","og_locale":"de_DE","og_type":"article","og_title":"Hotel Cesenatico mit Strand - Hotel Giulietta e Romeo *** Cesenatico, Spiaggia, Piscina e All inclusive","og_url":"https:\/\/www.ilgiulietta.com\/de\/hotel-cesenatico-mit-strand.html","og_site_name":"Hotel Giulietta e Romeo *** Cesenatico, Spiaggia, Piscina e All inclusive","article_modified_time":"2025-11-21T11:31:03+00:00","twitter_card":"summary_large_image","twitter_misc":{"Gesch\u00e4tzte Lesezeit":"1\u00a0Minute"},"schema":{"@context":"https:\/\/schema.org","@graph":[{"@type":"WebPage","@id":"https:\/\/www.ilgiulietta.com\/de\/hotel-cesenatico-mit-strand.html","url":"https:\/\/www.ilgiulietta.com\/de\/hotel-cesenatico-mit-strand.html","name":"Hotel Cesenatico mit Strand - Hotel Giulietta e Romeo *** Cesenatico, Spiaggia, Piscina e All inclusive","isPartOf":{"@id":"https:\/\/www.ilgiulietta.com\/fr\/#website"},"datePublished":"2024-12-16T16:11:58+00:00","dateModified":"2025-11-21T11:31:03+00:00","breadcrumb":{"@id":"https:\/\/www.ilgiulietta.com\/de\/hotel-cesenatico-mit-strand.html#breadcrumb"},"inLanguage":"de","potentialAction":[{"@type":"ReadAction","target":["https:\/\/www.ilgiulietta.com\/de\/hotel-cesenatico-mit-strand.html"]}]},{"@type":"BreadcrumbList","@id":"https:\/\/www.ilgiulietta.com\/de\/hotel-cesenatico-mit-strand.html#breadcrumb","itemListElement":[{"@type":"ListItem","position":1,"name":"Home","item":"https:\/\/www.ilgiulietta.com\/de"},{"@type":"ListItem","position":2,"name":"Hotel Cesenatico mit Strand"}]},{"@type":"WebSite","@id":"https:\/\/www.ilgiulietta.com\/fr\/#website","url":"https:\/\/www.ilgiulietta.com\/fr\/","name":"Hotel Giulietta e Romeo *** Cesenatico, Spiaggia, Piscina e All inclusive","description":"Vacanze a Cesenatico","potentialAction":[{"@type":"SearchAction","target":{"@type":"EntryPoint","urlTemplate":"https:\/\/www.ilgiulietta.com\/fr\/?s={search_term_string}"},"query-input":{"@type":"PropertyValueSpecification","valueRequired":true,"valueName":"search_term_string"}}],"inLanguage":"de"}]}},"_links":{"self":[{"href":"https:\/\/www.ilgiulietta.com\/de\/wp-json\/wp\/v2\/pages\/9556","targetHints":{"allow":["GET"]}}],"collection":[{"href":"https:\/\/www.ilgiulietta.com\/de\/wp-json\/wp\/v2\/pages"}],"about":[{"href":"https:\/\/www.ilgiulietta.com\/de\/wp-json\/wp\/v2\/types\/page"}],"author":[{"embeddable":true,"href":"https:\/\/www.ilgiulietta.com\/de\/wp-json\/wp\/v2\/users\/1"}],"replies":[{"embeddable":true,"href":"https:\/\/www.ilgiulietta.com\/de\/wp-json\/wp\/v2\/comments?post=9556"}],"version-history":[{"count":4,"href":"https:\/\/www.ilgiulietta.com\/de\/wp-json\/wp\/v2\/pages\/9556\/revisions"}],"predecessor-version":[{"id":9784,"href":"https:\/\/www.ilgiulietta.com\/de\/wp-json\/wp\/v2\/pages\/9556\/revisions\/9784"}],"wp:attachment":[{"href":"https:\/\/www.ilgiulietta.com\/de\/wp-json\/wp\/v2\/media?parent=9556"}],"curies":[{"name":"wp","href":"https:\/\/api.w.org\/{rel}","templated":true}]}}