{"id":8719,"date":"2021-02-14T11:43:23","date_gmt":"2021-02-14T11:43:23","guid":{"rendered":"https:\/\/ufficio80.xyz\/giulietta\/?page_id=8719"},"modified":"2025-11-21T08:41:08","modified_gmt":"2025-11-21T08:41:08","slug":"club-card","status":"publish","type":"page","link":"https:\/\/www.ilgiulietta.com\/de\/club-card","title":{"rendered":"Club Card Erm\u00e4\u00dfigungen Hotel Giulietta und Romeo Cesenatico"},"content":{"rendered":"<section class=\"l-section wpb_row us_custom_5bf23d6f has_text_color height_small\"><div class=\"l-section-h i-cf\"><div class=\"g-cols vc_row via_flex valign_top type_default stacking_default\"><div class=\"vc_col-sm-12 wpb_column vc_column_container\"><div class=\"vc_column-inner\"><div class=\"wpb_wrapper\"><div class=\"wpb_text_column\"><div class=\"wpb_wrapper\"><h5 style=\"text-align: center;\">Club Card 2026<\/h5>\n<\/div><\/div><\/div><\/div><\/div><\/div><\/div><\/section><section class=\"l-section wpb_row us_custom_0bebd569 height_auto width_full\"><div class=\"l-section-h i-cf\"><div class=\"g-cols vc_row via_flex valign_middle type_default stacking_default\"><div class=\"vc_col-sm-6 wpb_column vc_column_container\"><div class=\"vc_column-inner\"><div class=\"wpb_wrapper\"><div class=\"w-image align_center\"><div class=\"w-image-h\"><img decoding=\"async\" width=\"1024\" height=\"924\" src=\"https:\/\/www.ilgiulietta.com\/wp-content\/uploads\/2015\/02\/club-card-giulietta-e-romeo-1024x924.jpg\" class=\"attachment-large size-large\" alt=\"\" loading=\"lazy\" srcset=\"https:\/\/www.ilgiulietta.com\/wp-content\/uploads\/2015\/02\/club-card-giulietta-e-romeo-1024x924.jpg 1024w, https:\/\/www.ilgiulietta.com\/wp-content\/uploads\/2015\/02\/club-card-giulietta-e-romeo-300x271.jpg 300w, https:\/\/www.ilgiulietta.com\/wp-content\/uploads\/2015\/02\/club-card-giulietta-e-romeo.jpg 1137w\" sizes=\"auto, (max-width: 1024px) 100vw, 1024px\" \/><\/div><\/div><\/div><\/div><\/div><div class=\"vc_col-sm-6 wpb_column vc_column_container\"><div class=\"vc_column-inner\"><div class=\"wpb_wrapper\"><div class=\"wpb_text_column us_custom_8665cf32\"><div class=\"wpb_wrapper\"><div class=\"uvc-main-heading ult-responsive\" data-ultimate-target=\".uvc-heading.ultimate-heading-62985e4f8242c7e64 h2\" data-responsive-json-new=\"{&quot;font-size&quot;:&quot;desktop:38px;&quot;,&quot;line-height&quot;:&quot;&quot;}\">\n<h5 style=\"text-align: center;\">Bei Buchung bis 28.02. erhalten Sie folgende Vorteile:<\/h5>\n<\/div>\n<\/div><\/div><div class=\"wpb_text_column us_custom_65edcd16\"><div class=\"wpb_wrapper\"><p><i class=\"fas fa-check\" style=\"color: #DB8F2B\"><\/i> <strong>\u2013 5% \u00fcber unsere Preise<\/strong><br \/>\n<i class=\"fas fa-check\" style=\"color: #DB8F2B\"><\/i> Fr\u00fchst\u00fcck am Anreisetag<br \/>\n<i class=\"fas fa-check\" style=\"color: #DB8F2B\"><\/i> Geschenk von Casa Maraldi<br \/>\n<i class=\"fas fa-check\" style=\"color: #DB8F2B\"><\/i> <strong>\u2013 10% Erm\u00e4\u00dfigung<\/strong> \u00fcber alle \u201eWellness Packet\u201c<\/p>\n<\/div><\/div><\/div><\/div><\/div><\/div><\/div><\/section>\n","protected":false},"excerpt":{"rendered":"Club Card 2026 Bei Buchung bis 28.02. erhalten Sie folgende Vorteile: \u2013 5% \u00fcber unsere Preise Fr\u00fchst\u00fcck am Anreisetag Geschenk von Casa Maraldi \u2013 10% Erm\u00e4\u00dfigung \u00fcber alle \u201eWellness Packet\u201c","protected":false},"author":1,"featured_media":0,"parent":0,"menu_order":0,"comment_status":"closed","ping_status":"closed","template":"","meta":{"footnotes":""},"class_list":["post-8719","page","type-page","status-publish","hentry"],"yoast_head":"<!-- This site is optimized with the Yoast SEO plugin v26.4 - https:\/\/yoast.com\/wordpress\/plugins\/seo\/ -->\n<title>Club Card Erm\u00e4\u00dfigungen Hotel Giulietta und Romeo Cesenatico<\/title>\n<meta name=\"description\" content=\"Club Card Hotel Giulietta und Romeo Cesenatico: Blockierter Preis letztes Jahr, Fr\u00fchst\u00fcck am Anreisetag, 10% Rabatt auf alle Wellness-PaketeAndenken, Benutztung der Strandt\u00fccherStornoversicherung \u201eAnzahlung ohne Sorgen\u201c Kostenlose\u201c, Premium Formel\u201d Rabatt.\" \/>\n<meta name=\"robots\" content=\"index, follow, max-snippet:-1, max-image-preview:large, max-video-preview:-1\" \/>\n<link rel=\"canonical\" href=\"https:\/\/www.ilgiulietta.com\/de\/club-card.html\" \/>\n<meta property=\"og:locale\" content=\"de_DE\" \/>\n<meta property=\"og:type\" content=\"article\" \/>\n<meta property=\"og:title\" content=\"Club Card Erm\u00e4\u00dfigungen Hotel Giulietta und Romeo Cesenatico\" \/>\n<meta property=\"og:description\" content=\"Club Card Hotel Giulietta und Romeo Cesenatico: Blockierter Preis letztes Jahr, Fr\u00fchst\u00fcck am Anreisetag, 10% Rabatt auf alle Wellness-PaketeAndenken, Benutztung der Strandt\u00fccherStornoversicherung \u201eAnzahlung ohne Sorgen\u201c Kostenlose\u201c, Premium Formel\u201d Rabatt.\" \/>\n<meta property=\"og:url\" content=\"https:\/\/www.ilgiulietta.com\/de\/club-card.html\" \/>\n<meta property=\"og:site_name\" content=\"Hotel Giulietta e Romeo *** Cesenatico, Spiaggia, Piscina e All inclusive\" \/>\n<meta property=\"article:modified_time\" content=\"2025-11-21T08:41:08+00:00\" \/>\n<meta name=\"twitter:card\" content=\"summary_large_image\" \/>\n<meta name=\"twitter:label1\" content=\"Gesch\u00e4tzte Lesezeit\" \/>\n\t<meta name=\"twitter:data1\" content=\"2\u00a0Minuten\" \/>\n<script type=\"application\/ld+json\" class=\"yoast-schema-graph\">{\"@context\":\"https:\/\/schema.org\",\"@graph\":[{\"@type\":\"WebPage\",\"@id\":\"https:\/\/www.ilgiulietta.com\/de\/club-card.html\",\"url\":\"https:\/\/www.ilgiulietta.com\/de\/club-card.html\",\"name\":\"Club Card Erm\u00e4\u00dfigungen Hotel Giulietta und Romeo Cesenatico\",\"isPartOf\":{\"@id\":\"https:\/\/www.ilgiulietta.com\/fr\/#website\"},\"datePublished\":\"2021-02-14T11:43:23+00:00\",\"dateModified\":\"2025-11-21T08:41:08+00:00\",\"description\":\"Club Card Hotel Giulietta und Romeo Cesenatico: Blockierter Preis letztes Jahr, Fr\u00fchst\u00fcck am Anreisetag, 10% Rabatt auf alle Wellness-PaketeAndenken, Benutztung der Strandt\u00fccherStornoversicherung \u201eAnzahlung ohne Sorgen\u201c Kostenlose\u201c, Premium Formel\u201d Rabatt.\",\"breadcrumb\":{\"@id\":\"https:\/\/www.ilgiulietta.com\/de\/club-card.html#breadcrumb\"},\"inLanguage\":\"de\",\"potentialAction\":[{\"@type\":\"ReadAction\",\"target\":[\"https:\/\/www.ilgiulietta.com\/de\/club-card.html\"]}]},{\"@type\":\"BreadcrumbList\",\"@id\":\"https:\/\/www.ilgiulietta.com\/de\/club-card.html#breadcrumb\",\"itemListElement\":[{\"@type\":\"ListItem\",\"position\":1,\"name\":\"Home\",\"item\":\"https:\/\/www.ilgiulietta.com\/de\"},{\"@type\":\"ListItem\",\"position\":2,\"name\":\"Club Card Erm\u00e4\u00dfigungen Hotel Giulietta und Romeo Cesenatico\"}]},{\"@type\":\"WebSite\",\"@id\":\"https:\/\/www.ilgiulietta.com\/fr\/#website\",\"url\":\"https:\/\/www.ilgiulietta.com\/fr\/\",\"name\":\"Hotel Giulietta e Romeo *** Cesenatico, Spiaggia, Piscina e All inclusive\",\"description\":\"Vacanze a Cesenatico\",\"potentialAction\":[{\"@type\":\"SearchAction\",\"target\":{\"@type\":\"EntryPoint\",\"urlTemplate\":\"https:\/\/www.ilgiulietta.com\/fr\/?s={search_term_string}\"},\"query-input\":{\"@type\":\"PropertyValueSpecification\",\"valueRequired\":true,\"valueName\":\"search_term_string\"}}],\"inLanguage\":\"de\"}]}<\/script>\n<!-- \/ Yoast SEO plugin. -->","yoast_head_json":{"title":"Club Card Erm\u00e4\u00dfigungen Hotel Giulietta und Romeo Cesenatico","description":"Club Card Hotel Giulietta und Romeo Cesenatico: Blockierter Preis letztes Jahr, Fr\u00fchst\u00fcck am Anreisetag, 10% Rabatt auf alle Wellness-PaketeAndenken, Benutztung der Strandt\u00fccherStornoversicherung \u201eAnzahlung ohne Sorgen\u201c Kostenlose\u201c, Premium Formel\u201d Rabatt.","robots":{"index":"index","follow":"follow","max-snippet":"max-snippet:-1","max-image-preview":"max-image-preview:large","max-video-preview":"max-video-preview:-1"},"canonical":"https:\/\/www.ilgiulietta.com\/de\/club-card.html","og_locale":"de_DE","og_type":"article","og_title":"Club Card Erm\u00e4\u00dfigungen Hotel Giulietta und Romeo Cesenatico","og_description":"Club Card Hotel Giulietta und Romeo Cesenatico: Blockierter Preis letztes Jahr, Fr\u00fchst\u00fcck am Anreisetag, 10% Rabatt auf alle Wellness-PaketeAndenken, Benutztung der Strandt\u00fccherStornoversicherung \u201eAnzahlung ohne Sorgen\u201c Kostenlose\u201c, Premium Formel\u201d Rabatt.","og_url":"https:\/\/www.ilgiulietta.com\/de\/club-card.html","og_site_name":"Hotel Giulietta e Romeo *** Cesenatico, Spiaggia, Piscina e All inclusive","article_modified_time":"2025-11-21T08:41:08+00:00","twitter_card":"summary_large_image","twitter_misc":{"Gesch\u00e4tzte Lesezeit":"2\u00a0Minuten"},"schema":{"@context":"https:\/\/schema.org","@graph":[{"@type":"WebPage","@id":"https:\/\/www.ilgiulietta.com\/de\/club-card.html","url":"https:\/\/www.ilgiulietta.com\/de\/club-card.html","name":"Club Card Erm\u00e4\u00dfigungen Hotel Giulietta und Romeo Cesenatico","isPartOf":{"@id":"https:\/\/www.ilgiulietta.com\/fr\/#website"},"datePublished":"2021-02-14T11:43:23+00:00","dateModified":"2025-11-21T08:41:08+00:00","description":"Club Card Hotel Giulietta und Romeo Cesenatico: Blockierter Preis letztes Jahr, Fr\u00fchst\u00fcck am Anreisetag, 10% Rabatt auf alle Wellness-PaketeAndenken, Benutztung der Strandt\u00fccherStornoversicherung \u201eAnzahlung ohne Sorgen\u201c Kostenlose\u201c, Premium Formel\u201d Rabatt.","breadcrumb":{"@id":"https:\/\/www.ilgiulietta.com\/de\/club-card.html#breadcrumb"},"inLanguage":"de","potentialAction":[{"@type":"ReadAction","target":["https:\/\/www.ilgiulietta.com\/de\/club-card.html"]}]},{"@type":"BreadcrumbList","@id":"https:\/\/www.ilgiulietta.com\/de\/club-card.html#breadcrumb","itemListElement":[{"@type":"ListItem","position":1,"name":"Home","item":"https:\/\/www.ilgiulietta.com\/de"},{"@type":"ListItem","position":2,"name":"Club Card Erm\u00e4\u00dfigungen Hotel Giulietta und Romeo Cesenatico"}]},{"@type":"WebSite","@id":"https:\/\/www.ilgiulietta.com\/fr\/#website","url":"https:\/\/www.ilgiulietta.com\/fr\/","name":"Hotel Giulietta e Romeo *** Cesenatico, Spiaggia, Piscina e All inclusive","description":"Vacanze a Cesenatico","potentialAction":[{"@type":"SearchAction","target":{"@type":"EntryPoint","urlTemplate":"https:\/\/www.ilgiulietta.com\/fr\/?s={search_term_string}"},"query-input":{"@type":"PropertyValueSpecification","valueRequired":true,"valueName":"search_term_string"}}],"inLanguage":"de"}]}},"_links":{"self":[{"href":"https:\/\/www.ilgiulietta.com\/de\/wp-json\/wp\/v2\/pages\/8719","targetHints":{"allow":["GET"]}}],"collection":[{"href":"https:\/\/www.ilgiulietta.com\/de\/wp-json\/wp\/v2\/pages"}],"about":[{"href":"https:\/\/www.ilgiulietta.com\/de\/wp-json\/wp\/v2\/types\/page"}],"author":[{"embeddable":true,"href":"https:\/\/www.ilgiulietta.com\/de\/wp-json\/wp\/v2\/users\/1"}],"replies":[{"embeddable":true,"href":"https:\/\/www.ilgiulietta.com\/de\/wp-json\/wp\/v2\/comments?post=8719"}],"version-history":[{"count":13,"href":"https:\/\/www.ilgiulietta.com\/de\/wp-json\/wp\/v2\/pages\/8719\/revisions"}],"predecessor-version":[{"id":9767,"href":"https:\/\/www.ilgiulietta.com\/de\/wp-json\/wp\/v2\/pages\/8719\/revisions\/9767"}],"wp:attachment":[{"href":"https:\/\/www.ilgiulietta.com\/de\/wp-json\/wp\/v2\/media?parent=8719"}],"curies":[{"name":"wp","href":"https:\/\/api.w.org\/{rel}","templated":true}]}}