{"id":8657,"date":"2021-02-14T10:22:13","date_gmt":"2021-02-14T10:22:13","guid":{"rendered":"https:\/\/ufficio80.xyz\/giulietta\/?page_id=8657"},"modified":"2021-03-06T18:35:57","modified_gmt":"2021-03-06T18:35:57","slug":"hotel-cesenatico-3-schwimmbader-mit-rutschen","status":"publish","type":"page","link":"https:\/\/www.ilgiulietta.com\/de\/hotel-cesenatico-3-schwimmbader-mit-rutschen","title":{"rendered":"Hotel Cesenatico 3 Schwimmb\u00e4der mit Rutschen"},"content":{"rendered":"<section class=\"l-section wpb_row height_small with_img\"><div class=\"l-section-img\" role=\"img\" aria-label=\"Bild\" data-img-width=\"2000\" data-img-height=\"1300\" style=\"background-image: url(https:\/\/www.ilgiulietta.com\/wp-content\/uploads\/2020\/02\/bimbispiaggia.jpg);background-position: top center;background-repeat: no-repeat;\"><\/div><div class=\"l-section-h i-cf\"><div class=\"g-cols vc_row via_flex valign_top type_default stacking_default\"><div class=\"vc_col-sm-4 wpb_column vc_column_container\"><div class=\"vc_column-inner\"><div class=\"wpb_wrapper\"><\/div><\/div><\/div><div class=\"vc_col-sm-4 wpb_column vc_column_container\"><div class=\"vc_column-inner\"><div class=\"wpb_wrapper\"><div class=\"w-separator size_custom\" style=\"height:250px\" id=\"ef86\"><style>@media(max-width:600px){ #ef86{height:80px!important}}<\/style><\/div><div class=\"wpb_text_column us_custom_9be22858 has_text_color\"><div class=\"wpb_wrapper\"><h2 style=\"text-align: center;\"><span style=\"font-size: 24pt;\">Spa\u00df\u00a0 <i class=\"fas fa-grin-tears\"><\/i><\/span><\/h2>\n<\/div><\/div><div class=\"w-separator size_custom\" style=\"height:250px\" id=\"f3fe\"><style>@media(max-width:600px){ #f3fe{height:80px!important}}<\/style><\/div><\/div><\/div><\/div><div class=\"vc_col-sm-4 wpb_column vc_column_container\"><div class=\"vc_column-inner\"><div class=\"wpb_wrapper\"><\/div><\/div><\/div><\/div><\/div><\/section><section class=\"l-section wpb_row us_custom_0bebd569 height_small\"><div class=\"l-section-h i-cf\"><div class=\"g-cols vc_row via_flex valign_middle type_default stacking_default\"><div class=\"vc_col-sm-4 wpb_column vc_column_container\"><div class=\"vc_column-inner\"><div class=\"wpb_wrapper\"><div class=\"w-image align_center\"><a ref=\"magnificPopup\" href=\"https:\/\/www.ilgiulietta.com\/wp-content\/uploads\/2020\/02\/piscina-olimpionica.jpg\" aria-label=\"piscina olimpionica\" class=\"w-image-h\"><img decoding=\"async\" width=\"1024\" height=\"1024\" src=\"https:\/\/www.ilgiulietta.com\/wp-content\/uploads\/2020\/02\/piscina-olimpionica.jpg\" class=\"attachment-large size-large\" alt=\"\" loading=\"lazy\" srcset=\"https:\/\/www.ilgiulietta.com\/wp-content\/uploads\/2020\/02\/piscina-olimpionica.jpg 1025w, https:\/\/www.ilgiulietta.com\/wp-content\/uploads\/2020\/02\/piscina-olimpionica-300x300.jpg 300w, https:\/\/www.ilgiulietta.com\/wp-content\/uploads\/2020\/02\/piscina-olimpionica-150x150.jpg 150w, https:\/\/www.ilgiulietta.com\/wp-content\/uploads\/2020\/02\/piscina-olimpionica-600x600.jpg 600w\" sizes=\"auto, (max-width: 1024px) 100vw, 1024px\" \/><\/a><\/div><\/div><\/div><\/div><div class=\"vc_col-sm-4 wpb_column vc_column_container\"><div class=\"vc_column-inner\"><div class=\"wpb_wrapper\"><div class=\"wpb_text_column us_custom_8665cf32\"><div class=\"wpb_wrapper\"><p style=\"text-align: center;\">Direkt am Sandstrand, gegen\u00fcber dem Hotel befindet sich unser \u201e<strong><span style=\"color: #db8f2b;\">S\u00fc\u00dfwasser-Paradies<\/span><\/strong>\u201e:<\/p>\n<p style=\"text-align: center;\">Ein <strong><span style=\"color: #db8f2b;\">halbolympisches Schwimmbad<\/span><\/strong> (25 x 13 m.) f\u00fcr entspannende Bahnen oder das erfrischende Abtauchen nach der \u201eSonnenkur\u201c<\/p>\n<p style=\"text-align: center;\">Ein <strong><span style=\"color: #db8f2b;\">zweites Schwimmbad<\/span><\/strong> mit gro\u00dfen und kleinen <strong><span style=\"color: #db8f2b;\">Rutschen<\/span><\/strong> <em><span style=\"font-family: georgia, palatino, serif;\">garantiert jede Menge Spa\u00df!<\/span> <\/em><span style=\"font-family: georgia, palatino, serif;\">\ud83d\ude09\u00a0<\/span><\/p>\n<\/div><\/div><\/div><\/div><\/div><div class=\"vc_col-sm-4 wpb_column vc_column_container\"><div class=\"vc_column-inner\"><div class=\"wpb_wrapper\"><div class=\"w-image align_center\"><a ref=\"magnificPopup\" href=\"https:\/\/www.ilgiulietta.com\/wp-content\/uploads\/2020\/02\/acquascivoli.jpg\" aria-label=\"acquascivoli\" class=\"w-image-h\"><img decoding=\"async\" width=\"1024\" height=\"1024\" src=\"https:\/\/www.ilgiulietta.com\/wp-content\/uploads\/2020\/02\/acquascivoli.jpg\" class=\"attachment-large size-large\" alt=\"\" loading=\"lazy\" srcset=\"https:\/\/www.ilgiulietta.com\/wp-content\/uploads\/2020\/02\/acquascivoli.jpg 1025w, https:\/\/www.ilgiulietta.com\/wp-content\/uploads\/2020\/02\/acquascivoli-300x300.jpg 300w, https:\/\/www.ilgiulietta.com\/wp-content\/uploads\/2020\/02\/acquascivoli-150x150.jpg 150w, https:\/\/www.ilgiulietta.com\/wp-content\/uploads\/2020\/02\/acquascivoli-600x600.jpg 600w\" sizes=\"auto, (max-width: 1024px) 100vw, 1024px\" \/><\/a><\/div><\/div><\/div><\/div><\/div><\/div><\/section><section class=\"l-section wpb_row us_custom_6df4bc3a has_text_color height_medium with_img\"><div class=\"l-section-img\" role=\"img\" aria-label=\"Bild\" data-img-width=\"1024\" data-img-height=\"681\" style=\"background-image: url(https:\/\/www.ilgiulietta.com\/wp-content\/uploads\/2020\/02\/a-vostra-disposizione.jpg);background-repeat: no-repeat;\"><\/div><div class=\"l-section-overlay\" style=\"background:rgba(26,26,26,0.35)\"><\/div><div class=\"l-section-h i-cf\"><div class=\"g-cols vc_row via_flex valign_middle type_default stacking_default\"><div class=\"vc_col-sm-6 wpb_column vc_column_container\"><div class=\"vc_column-inner\"><div class=\"wpb_wrapper\"><div class=\"wpb_text_column\"><div class=\"wpb_wrapper\"><h4>Es stehen zur Verf\u00fcgung:<\/h4>\n<p><i class=\"fas fa-check\" style=\"color: #DB8F2B\"><\/i> Liegest\u00fchle<br \/>\n<i class=\"fas fa-check\" style=\"color: #DB8F2B\"><\/i> Bar<br \/>\n<i class=\"fas fa-check\" style=\"color: #DB8F2B\"><\/i> Spielecke f\u00fcr Kinder<br \/>\n<i class=\"fas fa-check\" style=\"color: #DB8F2B\"><\/i> Beach-Volley-Platz<br \/>\n<i class=\"fas fa-check\" style=\"color: #DB8F2B\"><\/i> Beach-Soccer-Platz<br \/>\n<i class=\"fas fa-check\" style=\"color: #DB8F2B\"><\/i> Ping pong<\/p>\n<p><a href=\"https:\/\/www.ilgiulietta.com\/de\/kinderhotel-cesenatico.html\"><span style=\"background-color: #db8f2b;\">\u00a0<span style=\"color: #ffffff;\">Kinderwelt\u00a0<\/span><\/span><\/a><\/p>\n<\/div><\/div><\/div><\/div><\/div><div class=\"vc_col-sm-6 wpb_column vc_column_container\"><div class=\"vc_column-inner\"><div class=\"wpb_wrapper\"><div class=\"wpb_text_column\"><div class=\"wpb_wrapper\"><h4><span style=\"font-size: 18pt;\">\u2026 Weitere Unterhaltungsm\u00f6glichkeiten:<\/span><\/h4>\n<p><i class=\"fas fa-check\" style=\"color: #DB8F2B\"><\/i> Wassergymnastik<br \/>\n<i class=\"fas fa-check\" style=\"color: #DB8F2B\"><\/i> Gruppent\u00e4nze<br \/>\n<i class=\"fas fa-check\" style=\"color: #DB8F2B\"><\/i> Schwimmkurse<br \/>\n<i class=\"fas fa-check\" style=\"color: #DB8F2B\"><\/i> Turniere<br \/>\n<i class=\"fas fa-check\" style=\"color: #DB8F2B\"><\/i> Spiele<\/p>\n<\/div><\/div><\/div><\/div><\/div><\/div><\/div><\/section>\n","protected":false},"excerpt":{"rendered":"Spa\u00df\u00a0 Direkt am Sandstrand, gegen\u00fcber dem Hotel befindet sich unser \u201eS\u00fc\u00dfwasser-Paradies\u201e: Ein halbolympisches Schwimmbad (25 x 13 m.) f\u00fcr entspannende Bahnen oder das erfrischende Abtauchen nach der \u201eSonnenkur\u201c Ein zweites Schwimmbad mit gro\u00dfen und kleinen Rutschen garantiert jede Menge Spa\u00df! \ud83d\ude09\u00a0 Es stehen zur Verf\u00fcgung: Liegest\u00fchle Bar Spielecke f\u00fcr Kinder Beach-Volley-Platz Beach-Soccer-Platz Ping pong \u00a0Kinderwelt\u00a0...","protected":false},"author":1,"featured_media":0,"parent":0,"menu_order":0,"comment_status":"closed","ping_status":"closed","template":"","meta":{"footnotes":""},"class_list":["post-8657","page","type-page","status-publish","hentry"],"yoast_head":"<!-- This site is optimized with the Yoast SEO plugin v26.4 - https:\/\/yoast.com\/wordpress\/plugins\/seo\/ -->\n<title>Hotel Cesenatico 3 Schwimmb\u00e4der mit Rutschen<\/title>\n<meta name=\"description\" content=\"Hotel Cesenatico 3 Schwimmb\u00e4der mit Rutschen. Direkt am Sandstrand, gegen\u00fcber dem Hotel befindet sich unser \u201eS\u00fc\u00dfwasser-Paradies\u201e:Ein halbolympisches Schwimmbad (25 x 13 m.) und Ein zweites Schwimmbad mit gro\u00dfen und kleinen Rutschen.\" \/>\n<meta name=\"robots\" content=\"index, follow, max-snippet:-1, max-image-preview:large, max-video-preview:-1\" \/>\n<link rel=\"canonical\" href=\"https:\/\/www.ilgiulietta.com\/de\/hotel-cesenatico-3-schwimmbader-mit-rutschen.html\" \/>\n<meta property=\"og:locale\" content=\"de_DE\" \/>\n<meta property=\"og:type\" content=\"article\" \/>\n<meta property=\"og:title\" content=\"Hotel Cesenatico 3 Schwimmb\u00e4der mit Rutschen\" \/>\n<meta property=\"og:description\" content=\"Hotel Cesenatico 3 Schwimmb\u00e4der mit Rutschen. Direkt am Sandstrand, gegen\u00fcber dem Hotel befindet sich unser \u201eS\u00fc\u00dfwasser-Paradies\u201e:Ein halbolympisches Schwimmbad (25 x 13 m.) und Ein zweites Schwimmbad mit gro\u00dfen und kleinen Rutschen.\" \/>\n<meta property=\"og:url\" content=\"https:\/\/www.ilgiulietta.com\/de\/hotel-cesenatico-3-schwimmbader-mit-rutschen.html\" \/>\n<meta property=\"og:site_name\" content=\"Hotel Giulietta e Romeo *** Cesenatico, Spiaggia, Piscina e All inclusive\" \/>\n<meta property=\"article:modified_time\" content=\"2021-03-06T18:35:57+00:00\" \/>\n<meta name=\"twitter:card\" content=\"summary_large_image\" \/>\n<meta name=\"twitter:label1\" content=\"Gesch\u00e4tzte Lesezeit\" \/>\n\t<meta name=\"twitter:data1\" content=\"2\u00a0Minuten\" \/>\n<script type=\"application\/ld+json\" class=\"yoast-schema-graph\">{\"@context\":\"https:\/\/schema.org\",\"@graph\":[{\"@type\":\"WebPage\",\"@id\":\"https:\/\/www.ilgiulietta.com\/de\/hotel-cesenatico-3-schwimmbader-mit-rutschen.html\",\"url\":\"https:\/\/www.ilgiulietta.com\/de\/hotel-cesenatico-3-schwimmbader-mit-rutschen.html\",\"name\":\"Hotel Cesenatico 3 Schwimmb\u00e4der mit Rutschen\",\"isPartOf\":{\"@id\":\"https:\/\/www.ilgiulietta.com\/fr\/#website\"},\"datePublished\":\"2021-02-14T10:22:13+00:00\",\"dateModified\":\"2021-03-06T18:35:57+00:00\",\"description\":\"Hotel Cesenatico 3 Schwimmb\u00e4der mit Rutschen. Direkt am Sandstrand, gegen\u00fcber dem Hotel befindet sich unser \u201eS\u00fc\u00dfwasser-Paradies\u201e:Ein halbolympisches Schwimmbad (25 x 13 m.) und Ein zweites Schwimmbad mit gro\u00dfen und kleinen Rutschen.\",\"breadcrumb\":{\"@id\":\"https:\/\/www.ilgiulietta.com\/de\/hotel-cesenatico-3-schwimmbader-mit-rutschen.html#breadcrumb\"},\"inLanguage\":\"de\",\"potentialAction\":[{\"@type\":\"ReadAction\",\"target\":[\"https:\/\/www.ilgiulietta.com\/de\/hotel-cesenatico-3-schwimmbader-mit-rutschen.html\"]}]},{\"@type\":\"BreadcrumbList\",\"@id\":\"https:\/\/www.ilgiulietta.com\/de\/hotel-cesenatico-3-schwimmbader-mit-rutschen.html#breadcrumb\",\"itemListElement\":[{\"@type\":\"ListItem\",\"position\":1,\"name\":\"Home\",\"item\":\"https:\/\/www.ilgiulietta.com\/de\"},{\"@type\":\"ListItem\",\"position\":2,\"name\":\"Hotel Cesenatico 3 Schwimmb\u00e4der mit Rutschen\"}]},{\"@type\":\"WebSite\",\"@id\":\"https:\/\/www.ilgiulietta.com\/fr\/#website\",\"url\":\"https:\/\/www.ilgiulietta.com\/fr\/\",\"name\":\"Hotel Giulietta e Romeo *** Cesenatico, Spiaggia, Piscina e All inclusive\",\"description\":\"Vacanze a Cesenatico\",\"potentialAction\":[{\"@type\":\"SearchAction\",\"target\":{\"@type\":\"EntryPoint\",\"urlTemplate\":\"https:\/\/www.ilgiulietta.com\/fr\/?s={search_term_string}\"},\"query-input\":{\"@type\":\"PropertyValueSpecification\",\"valueRequired\":true,\"valueName\":\"search_term_string\"}}],\"inLanguage\":\"de\"}]}<\/script>\n<!-- \/ Yoast SEO plugin. -->","yoast_head_json":{"title":"Hotel Cesenatico 3 Schwimmb\u00e4der mit Rutschen","description":"Hotel Cesenatico 3 Schwimmb\u00e4der mit Rutschen. Direkt am Sandstrand, gegen\u00fcber dem Hotel befindet sich unser \u201eS\u00fc\u00dfwasser-Paradies\u201e:Ein halbolympisches Schwimmbad (25 x 13 m.) und Ein zweites Schwimmbad mit gro\u00dfen und kleinen Rutschen.","robots":{"index":"index","follow":"follow","max-snippet":"max-snippet:-1","max-image-preview":"max-image-preview:large","max-video-preview":"max-video-preview:-1"},"canonical":"https:\/\/www.ilgiulietta.com\/de\/hotel-cesenatico-3-schwimmbader-mit-rutschen.html","og_locale":"de_DE","og_type":"article","og_title":"Hotel Cesenatico 3 Schwimmb\u00e4der mit Rutschen","og_description":"Hotel Cesenatico 3 Schwimmb\u00e4der mit Rutschen. Direkt am Sandstrand, gegen\u00fcber dem Hotel befindet sich unser \u201eS\u00fc\u00dfwasser-Paradies\u201e:Ein halbolympisches Schwimmbad (25 x 13 m.) und Ein zweites Schwimmbad mit gro\u00dfen und kleinen Rutschen.","og_url":"https:\/\/www.ilgiulietta.com\/de\/hotel-cesenatico-3-schwimmbader-mit-rutschen.html","og_site_name":"Hotel Giulietta e Romeo *** Cesenatico, Spiaggia, Piscina e All inclusive","article_modified_time":"2021-03-06T18:35:57+00:00","twitter_card":"summary_large_image","twitter_misc":{"Gesch\u00e4tzte Lesezeit":"2\u00a0Minuten"},"schema":{"@context":"https:\/\/schema.org","@graph":[{"@type":"WebPage","@id":"https:\/\/www.ilgiulietta.com\/de\/hotel-cesenatico-3-schwimmbader-mit-rutschen.html","url":"https:\/\/www.ilgiulietta.com\/de\/hotel-cesenatico-3-schwimmbader-mit-rutschen.html","name":"Hotel Cesenatico 3 Schwimmb\u00e4der mit Rutschen","isPartOf":{"@id":"https:\/\/www.ilgiulietta.com\/fr\/#website"},"datePublished":"2021-02-14T10:22:13+00:00","dateModified":"2021-03-06T18:35:57+00:00","description":"Hotel Cesenatico 3 Schwimmb\u00e4der mit Rutschen. Direkt am Sandstrand, gegen\u00fcber dem Hotel befindet sich unser \u201eS\u00fc\u00dfwasser-Paradies\u201e:Ein halbolympisches Schwimmbad (25 x 13 m.) und Ein zweites Schwimmbad mit gro\u00dfen und kleinen Rutschen.","breadcrumb":{"@id":"https:\/\/www.ilgiulietta.com\/de\/hotel-cesenatico-3-schwimmbader-mit-rutschen.html#breadcrumb"},"inLanguage":"de","potentialAction":[{"@type":"ReadAction","target":["https:\/\/www.ilgiulietta.com\/de\/hotel-cesenatico-3-schwimmbader-mit-rutschen.html"]}]},{"@type":"BreadcrumbList","@id":"https:\/\/www.ilgiulietta.com\/de\/hotel-cesenatico-3-schwimmbader-mit-rutschen.html#breadcrumb","itemListElement":[{"@type":"ListItem","position":1,"name":"Home","item":"https:\/\/www.ilgiulietta.com\/de"},{"@type":"ListItem","position":2,"name":"Hotel Cesenatico 3 Schwimmb\u00e4der mit Rutschen"}]},{"@type":"WebSite","@id":"https:\/\/www.ilgiulietta.com\/fr\/#website","url":"https:\/\/www.ilgiulietta.com\/fr\/","name":"Hotel Giulietta e Romeo *** Cesenatico, Spiaggia, Piscina e All inclusive","description":"Vacanze a Cesenatico","potentialAction":[{"@type":"SearchAction","target":{"@type":"EntryPoint","urlTemplate":"https:\/\/www.ilgiulietta.com\/fr\/?s={search_term_string}"},"query-input":{"@type":"PropertyValueSpecification","valueRequired":true,"valueName":"search_term_string"}}],"inLanguage":"de"}]}},"_links":{"self":[{"href":"https:\/\/www.ilgiulietta.com\/de\/wp-json\/wp\/v2\/pages\/8657","targetHints":{"allow":["GET"]}}],"collection":[{"href":"https:\/\/www.ilgiulietta.com\/de\/wp-json\/wp\/v2\/pages"}],"about":[{"href":"https:\/\/www.ilgiulietta.com\/de\/wp-json\/wp\/v2\/types\/page"}],"author":[{"embeddable":true,"href":"https:\/\/www.ilgiulietta.com\/de\/wp-json\/wp\/v2\/users\/1"}],"replies":[{"embeddable":true,"href":"https:\/\/www.ilgiulietta.com\/de\/wp-json\/wp\/v2\/comments?post=8657"}],"version-history":[{"count":4,"href":"https:\/\/www.ilgiulietta.com\/de\/wp-json\/wp\/v2\/pages\/8657\/revisions"}],"predecessor-version":[{"id":8661,"href":"https:\/\/www.ilgiulietta.com\/de\/wp-json\/wp\/v2\/pages\/8657\/revisions\/8661"}],"wp:attachment":[{"href":"https:\/\/www.ilgiulietta.com\/de\/wp-json\/wp\/v2\/media?parent=8657"}],"curies":[{"name":"wp","href":"https:\/\/api.w.org\/{rel}","templated":true}]}}