{"id":8598,"date":"2021-02-14T08:46:16","date_gmt":"2021-02-14T08:46:16","guid":{"rendered":"https:\/\/ufficio80.xyz\/giulietta\/?page_id=8598"},"modified":"2025-01-12T12:20:35","modified_gmt":"2025-01-12T12:20:35","slug":"restaurant-cesenatico-italienische-kuche","status":"publish","type":"page","link":"https:\/\/www.ilgiulietta.com\/de\/restaurant-cesenatico-italienische-kuche","title":{"rendered":"Restaurant in Cesenatico, Italienische K\u00fcche"},"content":{"rendered":"<section class=\"l-section wpb_row height_auto width_full\"><div class=\"l-section-h i-cf\"><div class=\"g-cols vc_row via_flex valign_top type_default stacking_default\"><div class=\"vc_col-sm-12 wpb_column vc_column_container has_text_color\"><div class=\"vc_column-inner us_custom_6df4bc3a\"><div class=\"wpb_wrapper\"><div class=\"w-image align_center\"><div class=\"w-image-h\"><img decoding=\"async\" width=\"1921\" height=\"1000\" src=\"https:\/\/www.ilgiulietta.com\/wp-content\/uploads\/2021\/01\/salapranzo_.jpg\" class=\"attachment-full size-full\" alt=\"\" loading=\"lazy\" srcset=\"https:\/\/www.ilgiulietta.com\/wp-content\/uploads\/2021\/01\/salapranzo_.jpg 1921w, https:\/\/www.ilgiulietta.com\/wp-content\/uploads\/2021\/01\/salapranzo_-300x156.jpg 300w, https:\/\/www.ilgiulietta.com\/wp-content\/uploads\/2021\/01\/salapranzo_-1024x533.jpg 1024w\" sizes=\"auto, (max-width: 1921px) 100vw, 1921px\" \/><\/div><\/div><div class=\"wpb_text_column us_custom_c3f07d27\"><div class=\"wpb_wrapper\"><h2 style=\"text-align: center;\">Lassen Sie sich von den Traditionen<br \/>\nunseres Landes verw\u00f6hnen<\/h2>\n<p style=\"text-align: center;\"><em><span style=\"font-family: georgia, palatino, serif;\">Italienische K\u00fcche, reichhaltiges Buffets und unsere Leidenschaft\u2026<\/span><\/em><\/p>\n<p>&nbsp;<\/p>\n<\/div><\/div><\/div><\/div><\/div><\/div><\/div><\/section><section class=\"l-section wpb_row height_small\"><div class=\"l-section-h i-cf\"><div class=\"g-cols vc_row via_flex valign_middle type_default stacking_default\"><div class=\"vc_col-sm-4 wpb_column vc_column_container\"><div class=\"vc_column-inner\"><div class=\"wpb_wrapper\"><div class=\"wpb_text_column\"><div class=\"wpb_wrapper\"><h6>FR\u00dcST\u00dcCK:<\/h6>\n<p><em><span style=\"font-family: georgia, palatino, serif;\">Zum Fr\u00fchst\u00fcck erwartet Sie schon ab 07,30 Uhr ein reichhaltiges Buffet mit zahlreichen s\u00fc\u00dfen und pikanten Leckerbissen:M\u00fcsli und Corn-Flakes, Verschiedene Marmeladesorten, Honig und Nutella, Hausgemachte Kuchen und hei\u00dfe Croissants, Gekochte Eier, Speigeleier und Bacon, Wurst, K\u00e4se und Schinken.<br \/>\nS\u00e4fte, Yoghurt, frische Obst, Frisch gebackenes Schwarzbrot, Br\u00f6tchen, Wei\u00dfbrot.<br \/>\nCrepes und Wafel werden direkt vor Ihnen zubereitet.<\/span><\/em><\/p>\n<\/div><\/div><\/div><\/div><\/div><div class=\"vc_col-sm-4 wpb_column vc_column_container\"><div class=\"vc_column-inner\"><div class=\"wpb_wrapper\"><div class=\"w-image align_center\"><a ref=\"magnificPopup\" href=\"https:\/\/www.ilgiulietta.com\/wp-content\/uploads\/2020\/01\/colazione-continentale.jpg\" aria-label=\"colazione continentale\" class=\"w-image-h\"><img decoding=\"async\" width=\"1024\" height=\"1024\" src=\"https:\/\/www.ilgiulietta.com\/wp-content\/uploads\/2020\/01\/colazione-continentale.jpg\" class=\"attachment-large size-large\" alt=\"\" loading=\"lazy\" srcset=\"https:\/\/www.ilgiulietta.com\/wp-content\/uploads\/2020\/01\/colazione-continentale.jpg 1025w, https:\/\/www.ilgiulietta.com\/wp-content\/uploads\/2020\/01\/colazione-continentale-300x300.jpg 300w, https:\/\/www.ilgiulietta.com\/wp-content\/uploads\/2020\/01\/colazione-continentale-150x150.jpg 150w, https:\/\/www.ilgiulietta.com\/wp-content\/uploads\/2020\/01\/colazione-continentale-600x600.jpg 600w\" sizes=\"auto, (max-width: 1024px) 100vw, 1024px\" \/><\/a><\/div><\/div><\/div><\/div><div class=\"vc_col-sm-4 wpb_column vc_column_container\"><div class=\"vc_column-inner\"><div class=\"wpb_wrapper\"><div class=\"wpb_text_column\"><div class=\"wpb_wrapper\"><p><i class=\"fas fa-check\" style=\"color: #DB8F2B\"><\/i> S\u00e4fte<br \/>\n<i class=\"fas fa-check\" style=\"color: #DB8F2B\"><\/i> Yoghurt<br \/>\n<i class=\"fas fa-check\" style=\"color: #DB8F2B\"><\/i> frisches Obst<br \/>\n<i class=\"fas fa-check\" style=\"color: #DB8F2B\"><\/i> frisches gebackenes Schwarzbrot<br \/>\n<i class=\"fas fa-check\" style=\"color: #DB8F2B\"><\/i> Br\u00f6tchen<br \/>\n<i class=\"fas fa-check\" style=\"color: #DB8F2B\"><\/i> Wei\u00dfbrot<\/p>\n<\/div><\/div><\/div><\/div><\/div><\/div><\/div><\/section><section class=\"l-section wpb_row us_custom_77338566 height_small\"><div class=\"l-section-h i-cf\"><div class=\"g-cols vc_row via_flex valign_top type_default stacking_default\"><div class=\"vc_col-sm-12 wpb_column vc_column_container\"><div class=\"vc_column-inner\"><div class=\"wpb_wrapper\"><div class=\"wpb_text_column\"><div class=\"wpb_wrapper\"><h6 style=\"text-align: left;\">Mittag- und Abendessen:<\/h6>\n<\/div><\/div><div class=\"w-separator size_small\"><\/div><div class=\"g-cols wpb_row via_flex valign_top type_default stacking_default\"><div class=\"vc_col-sm-4 wpb_column vc_column_container\"><div class=\"vc_column-inner\"><div class=\"wpb_wrapper\"><div class=\"wpb_text_column\"><div class=\"wpb_wrapper\"><p>Zum Mittagessen, von 12:15 bis 13:15 Uhr, und zum Abendessen, von 19:15 bis 20:15 Uhr, warten\u00a0<strong>Caterina<\/strong>\u00a0und\u00a0<strong>Ubaldo<\/strong>\u00a0Maraldi pers\u00f6nlich auf Sie mit mehreren ausgiebigen Buffets, f\u00fcr welche sich unser K\u00fcchenchef sowie das Restaurantpersonal gro\u00dfe M\u00fche gegeben haben:<\/p>\n<\/div><\/div><div class=\"w-separator size_small\"><\/div><div class=\"w-image align_center\"><a ref=\"magnificPopup\" href=\"https:\/\/www.ilgiulietta.com\/wp-content\/uploads\/2021\/01\/ristorante-giulietta-e-romeo1.jpg\" aria-label=\"ristorante-giulietta-e-romeo1\" class=\"w-image-h\"><img decoding=\"async\" width=\"1024\" height=\"1024\" src=\"https:\/\/www.ilgiulietta.com\/wp-content\/uploads\/2021\/01\/ristorante-giulietta-e-romeo1.jpg\" class=\"attachment-large size-large\" alt=\"\" loading=\"lazy\" srcset=\"https:\/\/www.ilgiulietta.com\/wp-content\/uploads\/2021\/01\/ristorante-giulietta-e-romeo1.jpg 1025w, https:\/\/www.ilgiulietta.com\/wp-content\/uploads\/2021\/01\/ristorante-giulietta-e-romeo1-300x300.jpg 300w, https:\/\/www.ilgiulietta.com\/wp-content\/uploads\/2021\/01\/ristorante-giulietta-e-romeo1-150x150.jpg 150w, https:\/\/www.ilgiulietta.com\/wp-content\/uploads\/2021\/01\/ristorante-giulietta-e-romeo1-600x600.jpg 600w\" sizes=\"auto, (max-width: 1024px) 100vw, 1024px\" \/><\/a><\/div><\/div><\/div><\/div><div class=\"vc_col-sm-4 wpb_column vc_column_container\"><div class=\"vc_column-inner\"><div class=\"wpb_wrapper\"><div class=\"wpb_text_column\"><div class=\"wpb_wrapper\"><div><i class=\"fas fa-check\" style=\"color: #DB8F2B\"><\/i> Das <strong>Vorspeisenbuffet<\/strong>\u00a0\u2026 ein Kunstwerk von lauwarmen und kalten Leckerbissen! Pizza, Bruschette, Quiches, es sind nur einige Beispiele davon.<\/div>\n<div><\/div>\n<div><i class=\"fas fa-check\" style=\"color: #DB8F2B\"><\/i> Das <strong>Salat<\/strong>-, und\u00a0<strong>Gem\u00fcsebuffet<\/strong>\u2026 auf einem langen Tisch in der Mitte des Speisesaals angerichtet mit knackfrischen Salaten und warmen Beilagen.<\/div>\n<\/div><\/div><div class=\"w-separator size_small\"><\/div><div class=\"w-image align_center\"><a ref=\"magnificPopup\" href=\"https:\/\/www.ilgiulietta.com\/wp-content\/uploads\/2021\/01\/ristorante-giulietta-e-romeo2.jpg\" aria-label=\"ristorante-giulietta-e-romeo2\" class=\"w-image-h\"><img decoding=\"async\" width=\"1024\" height=\"1024\" src=\"https:\/\/www.ilgiulietta.com\/wp-content\/uploads\/2021\/01\/ristorante-giulietta-e-romeo2.jpg\" class=\"attachment-large size-large\" alt=\"\" loading=\"lazy\" srcset=\"https:\/\/www.ilgiulietta.com\/wp-content\/uploads\/2021\/01\/ristorante-giulietta-e-romeo2.jpg 1025w, https:\/\/www.ilgiulietta.com\/wp-content\/uploads\/2021\/01\/ristorante-giulietta-e-romeo2-300x300.jpg 300w, https:\/\/www.ilgiulietta.com\/wp-content\/uploads\/2021\/01\/ristorante-giulietta-e-romeo2-150x150.jpg 150w, https:\/\/www.ilgiulietta.com\/wp-content\/uploads\/2021\/01\/ristorante-giulietta-e-romeo2-600x600.jpg 600w\" sizes=\"auto, (max-width: 1024px) 100vw, 1024px\" \/><\/a><\/div><\/div><\/div><\/div><div class=\"vc_col-sm-4 wpb_column vc_column_container\"><div class=\"vc_column-inner\"><div class=\"wpb_wrapper\"><div class=\"wpb_text_column\"><div class=\"wpb_wrapper\"><div><i class=\"fas fa-check\" style=\"color: #DB8F2B\"><\/i> Das <strong>K\u00e4se<\/strong>&#8211; und\u00a0<strong>Aufschnittbuffet<\/strong>: viele italienische sowie internationale K\u00e4sesorten und Aufschnitte von regionalen Bauernh\u00f6fen suchen Sie auf.<\/div>\n<div><i class=\"fas fa-check\" style=\"color: #DB8F2B\"><\/i> Das <strong>Ersteg\u00e4nge<\/strong>&#8211; und\u00a0<strong>Zweiteg\u00e4nge<\/strong>-Buffet verw\u00f6hnt Sie nach allen Regeln der K\u00fcchenkunst. Eine gro\u00dfe Pfanne mit dem Nudelgericht des Tages, wird von unserem K\u00fcchenchef pers\u00f6nlich und live angebraten, w\u00e4hrend Sie unser Restaurantpersonal am Buffet bedient.<\/div>\n<div><i class=\"fas fa-check\" style=\"color: #DB8F2B\"><\/i> Das <strong>Obst<\/strong>&#8211; und\u00a0<strong>Nachspeisenbuffet<\/strong>\u2026 eine reiche Auswahl an Leckereien l\u00e4dt gro\u00df und klein zum Genie\u00dfen ein.<\/div>\n<\/div><\/div><div class=\"w-separator size_small\"><\/div><div class=\"w-image align_center\"><a ref=\"magnificPopup\" href=\"https:\/\/www.ilgiulietta.com\/wp-content\/uploads\/2021\/01\/ristorante-giulietta-e-romeo3.jpg\" aria-label=\"ristorante-giulietta-e-romeo3\" class=\"w-image-h\"><img decoding=\"async\" width=\"1024\" height=\"1024\" src=\"https:\/\/www.ilgiulietta.com\/wp-content\/uploads\/2021\/01\/ristorante-giulietta-e-romeo3.jpg\" class=\"attachment-large size-large\" alt=\"\" loading=\"lazy\" srcset=\"https:\/\/www.ilgiulietta.com\/wp-content\/uploads\/2021\/01\/ristorante-giulietta-e-romeo3.jpg 1025w, https:\/\/www.ilgiulietta.com\/wp-content\/uploads\/2021\/01\/ristorante-giulietta-e-romeo3-300x300.jpg 300w, https:\/\/www.ilgiulietta.com\/wp-content\/uploads\/2021\/01\/ristorante-giulietta-e-romeo3-150x150.jpg 150w, https:\/\/www.ilgiulietta.com\/wp-content\/uploads\/2021\/01\/ristorante-giulietta-e-romeo3-600x600.jpg 600w\" sizes=\"auto, (max-width: 1024px) 100vw, 1024px\" \/><\/a><\/div><\/div><\/div><\/div><\/div><div class=\"g-cols wpb_row via_flex valign_top type_default stacking_default\"><div class=\"vc_col-sm-12 wpb_column vc_column_container\"><div class=\"vc_column-inner\"><div class=\"wpb_wrapper\"><div class=\"w-separator size_medium\"><\/div><div class=\"wpb_text_column\"><div class=\"wpb_wrapper\"><h4 style=\"text-align: center;\">Unser K\u00fcchenchef steht f\u00fcr die Zubereitung von personalisierten Men\u00fcs bei alternativen Ern\u00e4hrungspl\u00e4nen gerne zur Verf\u00fcgung.<\/h4>\n<\/div><\/div><\/div><\/div><\/div><\/div><\/div><\/div><\/div><\/div><\/div><\/section>\n","protected":false},"excerpt":{"rendered":"Lassen Sie sich von den Traditionen unseres Landes verw\u00f6hnen Italienische K\u00fcche, reichhaltiges Buffets und unsere Leidenschaft\u2026 &nbsp; FR\u00dcST\u00dcCK: Zum Fr\u00fchst\u00fcck erwartet Sie schon ab 07,30 Uhr ein reichhaltiges Buffet mit zahlreichen s\u00fc\u00dfen und pikanten Leckerbissen:M\u00fcsli und Corn-Flakes, Verschiedene Marmeladesorten, Honig und Nutella, Hausgemachte Kuchen und hei\u00dfe Croissants, Gekochte Eier, Speigeleier und Bacon, Wurst, K\u00e4se und...","protected":false},"author":1,"featured_media":0,"parent":0,"menu_order":0,"comment_status":"closed","ping_status":"closed","template":"","meta":{"footnotes":""},"class_list":["post-8598","page","type-page","status-publish","hentry"],"yoast_head":"<!-- This site is optimized with the Yoast SEO plugin v26.4 - https:\/\/yoast.com\/wordpress\/plugins\/seo\/ -->\n<title>Restaurant in Cesenatico, Italienische K\u00fcche<\/title>\n<meta name=\"description\" content=\"Zum Fr\u00fchst\u00fcck erwartet Sie schon ab 07,30 Uhr ein reichhaltiges Buffet mit zahlreichen s\u00fc\u00dfen und pikanten Leckerbissen. MITTAGESSEN in aller Freiheit. Essen Sie zu Mittag, wo Sie es lieber haben: Im Speisesaal odern In der Verande. Zum Abendessen warten wir auf Sie mit Men\u00fcwahl und einer gro\u00dfen Auswahl an ersten- und zweiten G\u00e4ngen. Ab 19,00 Uhr.\" \/>\n<meta name=\"robots\" content=\"index, follow, max-snippet:-1, max-image-preview:large, max-video-preview:-1\" \/>\n<link rel=\"canonical\" href=\"https:\/\/www.ilgiulietta.com\/de\/restaurant-cesenatico-italienische-kuche.html\" \/>\n<meta property=\"og:locale\" content=\"de_DE\" \/>\n<meta property=\"og:type\" content=\"article\" \/>\n<meta property=\"og:title\" content=\"Restaurant in Cesenatico, Italienische K\u00fcche\" \/>\n<meta property=\"og:description\" content=\"Zum Fr\u00fchst\u00fcck erwartet Sie schon ab 07,30 Uhr ein reichhaltiges Buffet mit zahlreichen s\u00fc\u00dfen und pikanten Leckerbissen. MITTAGESSEN in aller Freiheit. Essen Sie zu Mittag, wo Sie es lieber haben: Im Speisesaal odern In der Verande. Zum Abendessen warten wir auf Sie mit Men\u00fcwahl und einer gro\u00dfen Auswahl an ersten- und zweiten G\u00e4ngen. Ab 19,00 Uhr.\" \/>\n<meta property=\"og:url\" content=\"https:\/\/www.ilgiulietta.com\/de\/restaurant-cesenatico-italienische-kuche.html\" \/>\n<meta property=\"og:site_name\" content=\"Hotel Giulietta e Romeo *** Cesenatico, Spiaggia, Piscina e All inclusive\" \/>\n<meta property=\"article:modified_time\" content=\"2025-01-12T12:20:35+00:00\" \/>\n<meta name=\"twitter:card\" content=\"summary_large_image\" \/>\n<meta name=\"twitter:label1\" content=\"Gesch\u00e4tzte Lesezeit\" \/>\n\t<meta name=\"twitter:data1\" content=\"7\u00a0Minuten\" \/>\n<script type=\"application\/ld+json\" class=\"yoast-schema-graph\">{\"@context\":\"https:\/\/schema.org\",\"@graph\":[{\"@type\":\"WebPage\",\"@id\":\"https:\/\/www.ilgiulietta.com\/de\/restaurant-cesenatico-italienische-kuche.html\",\"url\":\"https:\/\/www.ilgiulietta.com\/de\/restaurant-cesenatico-italienische-kuche.html\",\"name\":\"Restaurant in Cesenatico, Italienische K\u00fcche\",\"isPartOf\":{\"@id\":\"https:\/\/www.ilgiulietta.com\/fr\/#website\"},\"datePublished\":\"2021-02-14T08:46:16+00:00\",\"dateModified\":\"2025-01-12T12:20:35+00:00\",\"description\":\"Zum Fr\u00fchst\u00fcck erwartet Sie schon ab 07,30 Uhr ein reichhaltiges Buffet mit zahlreichen s\u00fc\u00dfen und pikanten Leckerbissen. MITTAGESSEN in aller Freiheit. Essen Sie zu Mittag, wo Sie es lieber haben: Im Speisesaal odern In der Verande. Zum Abendessen warten wir auf Sie mit Men\u00fcwahl und einer gro\u00dfen Auswahl an ersten- und zweiten G\u00e4ngen. Ab 19,00 Uhr.\",\"breadcrumb\":{\"@id\":\"https:\/\/www.ilgiulietta.com\/de\/restaurant-cesenatico-italienische-kuche.html#breadcrumb\"},\"inLanguage\":\"de\",\"potentialAction\":[{\"@type\":\"ReadAction\",\"target\":[\"https:\/\/www.ilgiulietta.com\/de\/restaurant-cesenatico-italienische-kuche.html\"]}]},{\"@type\":\"BreadcrumbList\",\"@id\":\"https:\/\/www.ilgiulietta.com\/de\/restaurant-cesenatico-italienische-kuche.html#breadcrumb\",\"itemListElement\":[{\"@type\":\"ListItem\",\"position\":1,\"name\":\"Home\",\"item\":\"https:\/\/www.ilgiulietta.com\/de\"},{\"@type\":\"ListItem\",\"position\":2,\"name\":\"Restaurant in Cesenatico, Italienische K\u00fcche\"}]},{\"@type\":\"WebSite\",\"@id\":\"https:\/\/www.ilgiulietta.com\/fr\/#website\",\"url\":\"https:\/\/www.ilgiulietta.com\/fr\/\",\"name\":\"Hotel Giulietta e Romeo *** Cesenatico, Spiaggia, Piscina e All inclusive\",\"description\":\"Vacanze a Cesenatico\",\"potentialAction\":[{\"@type\":\"SearchAction\",\"target\":{\"@type\":\"EntryPoint\",\"urlTemplate\":\"https:\/\/www.ilgiulietta.com\/fr\/?s={search_term_string}\"},\"query-input\":{\"@type\":\"PropertyValueSpecification\",\"valueRequired\":true,\"valueName\":\"search_term_string\"}}],\"inLanguage\":\"de\"}]}<\/script>\n<!-- \/ Yoast SEO plugin. -->","yoast_head_json":{"title":"Restaurant in Cesenatico, Italienische K\u00fcche","description":"Zum Fr\u00fchst\u00fcck erwartet Sie schon ab 07,30 Uhr ein reichhaltiges Buffet mit zahlreichen s\u00fc\u00dfen und pikanten Leckerbissen. MITTAGESSEN in aller Freiheit. Essen Sie zu Mittag, wo Sie es lieber haben: Im Speisesaal odern In der Verande. Zum Abendessen warten wir auf Sie mit Men\u00fcwahl und einer gro\u00dfen Auswahl an ersten- und zweiten G\u00e4ngen. Ab 19,00 Uhr.","robots":{"index":"index","follow":"follow","max-snippet":"max-snippet:-1","max-image-preview":"max-image-preview:large","max-video-preview":"max-video-preview:-1"},"canonical":"https:\/\/www.ilgiulietta.com\/de\/restaurant-cesenatico-italienische-kuche.html","og_locale":"de_DE","og_type":"article","og_title":"Restaurant in Cesenatico, Italienische K\u00fcche","og_description":"Zum Fr\u00fchst\u00fcck erwartet Sie schon ab 07,30 Uhr ein reichhaltiges Buffet mit zahlreichen s\u00fc\u00dfen und pikanten Leckerbissen. MITTAGESSEN in aller Freiheit. Essen Sie zu Mittag, wo Sie es lieber haben: Im Speisesaal odern In der Verande. Zum Abendessen warten wir auf Sie mit Men\u00fcwahl und einer gro\u00dfen Auswahl an ersten- und zweiten G\u00e4ngen. Ab 19,00 Uhr.","og_url":"https:\/\/www.ilgiulietta.com\/de\/restaurant-cesenatico-italienische-kuche.html","og_site_name":"Hotel Giulietta e Romeo *** Cesenatico, Spiaggia, Piscina e All inclusive","article_modified_time":"2025-01-12T12:20:35+00:00","twitter_card":"summary_large_image","twitter_misc":{"Gesch\u00e4tzte Lesezeit":"7\u00a0Minuten"},"schema":{"@context":"https:\/\/schema.org","@graph":[{"@type":"WebPage","@id":"https:\/\/www.ilgiulietta.com\/de\/restaurant-cesenatico-italienische-kuche.html","url":"https:\/\/www.ilgiulietta.com\/de\/restaurant-cesenatico-italienische-kuche.html","name":"Restaurant in Cesenatico, Italienische K\u00fcche","isPartOf":{"@id":"https:\/\/www.ilgiulietta.com\/fr\/#website"},"datePublished":"2021-02-14T08:46:16+00:00","dateModified":"2025-01-12T12:20:35+00:00","description":"Zum Fr\u00fchst\u00fcck erwartet Sie schon ab 07,30 Uhr ein reichhaltiges Buffet mit zahlreichen s\u00fc\u00dfen und pikanten Leckerbissen. MITTAGESSEN in aller Freiheit. Essen Sie zu Mittag, wo Sie es lieber haben: Im Speisesaal odern In der Verande. Zum Abendessen warten wir auf Sie mit Men\u00fcwahl und einer gro\u00dfen Auswahl an ersten- und zweiten G\u00e4ngen. Ab 19,00 Uhr.","breadcrumb":{"@id":"https:\/\/www.ilgiulietta.com\/de\/restaurant-cesenatico-italienische-kuche.html#breadcrumb"},"inLanguage":"de","potentialAction":[{"@type":"ReadAction","target":["https:\/\/www.ilgiulietta.com\/de\/restaurant-cesenatico-italienische-kuche.html"]}]},{"@type":"BreadcrumbList","@id":"https:\/\/www.ilgiulietta.com\/de\/restaurant-cesenatico-italienische-kuche.html#breadcrumb","itemListElement":[{"@type":"ListItem","position":1,"name":"Home","item":"https:\/\/www.ilgiulietta.com\/de"},{"@type":"ListItem","position":2,"name":"Restaurant in Cesenatico, Italienische K\u00fcche"}]},{"@type":"WebSite","@id":"https:\/\/www.ilgiulietta.com\/fr\/#website","url":"https:\/\/www.ilgiulietta.com\/fr\/","name":"Hotel Giulietta e Romeo *** Cesenatico, Spiaggia, Piscina e All inclusive","description":"Vacanze a Cesenatico","potentialAction":[{"@type":"SearchAction","target":{"@type":"EntryPoint","urlTemplate":"https:\/\/www.ilgiulietta.com\/fr\/?s={search_term_string}"},"query-input":{"@type":"PropertyValueSpecification","valueRequired":true,"valueName":"search_term_string"}}],"inLanguage":"de"}]}},"_links":{"self":[{"href":"https:\/\/www.ilgiulietta.com\/de\/wp-json\/wp\/v2\/pages\/8598","targetHints":{"allow":["GET"]}}],"collection":[{"href":"https:\/\/www.ilgiulietta.com\/de\/wp-json\/wp\/v2\/pages"}],"about":[{"href":"https:\/\/www.ilgiulietta.com\/de\/wp-json\/wp\/v2\/types\/page"}],"author":[{"embeddable":true,"href":"https:\/\/www.ilgiulietta.com\/de\/wp-json\/wp\/v2\/users\/1"}],"replies":[{"embeddable":true,"href":"https:\/\/www.ilgiulietta.com\/de\/wp-json\/wp\/v2\/comments?post=8598"}],"version-history":[{"count":10,"href":"https:\/\/www.ilgiulietta.com\/de\/wp-json\/wp\/v2\/pages\/8598\/revisions"}],"predecessor-version":[{"id":9628,"href":"https:\/\/www.ilgiulietta.com\/de\/wp-json\/wp\/v2\/pages\/8598\/revisions\/9628"}],"wp:attachment":[{"href":"https:\/\/www.ilgiulietta.com\/de\/wp-json\/wp\/v2\/media?parent=8598"}],"curies":[{"name":"wp","href":"https:\/\/api.w.org\/{rel}","templated":true}]}}