{"id":8577,"date":"2021-02-14T08:08:46","date_gmt":"2021-02-14T08:08:46","guid":{"rendered":"https:\/\/ufficio80.xyz\/giulietta\/?page_id=8577"},"modified":"2026-03-04T07:39:41","modified_gmt":"2026-03-04T07:39:41","slug":"wo-sind-wir-hotel-giulietta-e-romeo-cesenatico","status":"publish","type":"page","link":"https:\/\/www.ilgiulietta.com\/de\/wo-sind-wir-hotel-giulietta-e-romeo-cesenatico","title":{"rendered":"Wo sind wir, Hotel Giulietta e Romeo Cesenatico"},"content":{"rendered":"<section class=\"l-section wpb_row height_small\"><div class=\"l-section-h i-cf\"><div class=\"g-cols vc_row via_flex valign_top type_default stacking_default\"><div class=\"vc_col-sm-12 wpb_column vc_column_container\"><div class=\"vc_column-inner\"><div class=\"wpb_wrapper\"><div class=\"wpb_text_column\"><div class=\"wpb_wrapper\"><h5 style=\"text-align: center;\">\u00a0Wo sind wir<\/h5>\n<\/div><\/div><\/div><\/div><\/div><\/div><\/div><\/section><section class=\"l-section wpb_row us_custom_0bebd569 height_auto width_full\"><div class=\"l-section-h i-cf\"><div class=\"g-cols vc_row via_flex valign_middle type_default stacking_default\"><div class=\"vc_col-sm-6 wpb_column vc_column_container\"><div class=\"vc_column-inner\"><div class=\"wpb_wrapper\"><div class=\"w-image align_center\"><div class=\"w-image-h\"><img decoding=\"async\" width=\"1033\" height=\"1033\" src=\"https:\/\/www.ilgiulietta.com\/wp-content\/uploads\/2025\/01\/dove-siamo-1.jpg\" class=\"attachment-full size-full\" alt=\"\" loading=\"lazy\" srcset=\"https:\/\/www.ilgiulietta.com\/wp-content\/uploads\/2025\/01\/dove-siamo-1.jpg 1033w, https:\/\/www.ilgiulietta.com\/wp-content\/uploads\/2025\/01\/dove-siamo-1-300x300.jpg 300w, https:\/\/www.ilgiulietta.com\/wp-content\/uploads\/2025\/01\/dove-siamo-1-1024x1024.jpg 1024w, https:\/\/www.ilgiulietta.com\/wp-content\/uploads\/2025\/01\/dove-siamo-1-150x150.jpg 150w, https:\/\/www.ilgiulietta.com\/wp-content\/uploads\/2025\/01\/dove-siamo-1-600x600.jpg 600w\" sizes=\"auto, (max-width: 1033px) 100vw, 1033px\" \/><\/div><\/div><\/div><\/div><\/div><div class=\"vc_col-sm-6 wpb_column vc_column_container\"><div class=\"vc_column-inner\"><div class=\"wpb_wrapper\"><div class=\"wpb_text_column us_custom_8665cf32\"><div class=\"wpb_wrapper\"><h4>ZUG<\/h4>\n<p>Der Bahnhof Cesenatico ist 2 km entfernt und gut mit Taxis und \u00f6ffentlichen Verkehrsmitteln erreichbar.<\/p>\n<p>Direktz\u00fcge von M\u00fcnchen und Z\u00fcrich verbinden Deutschland, \u00d6sterreich und die Schweiz dank der Haltestellen in Cesena (14km) und Rimini (20km) optimal mit der Adriak\u00fcste.<br \/>\nVon und zu Cesena und Rimini bieten wir Transfers mit unserem 9-Sitzer-Bus an.<\/p>\n<h4>FLUGZEUG<\/h4>\n<p>Von diversen Flugh\u00e4fen Deutschlands, \u00d6sterreichs und der Schweiz finden Sie t\u00e4glich Alitalia-und Lufthansa-Verbindungen nach Bologna. Einige Flugzeuge fliegen auch direkt bis zum Flughafen Rimini-Miramare. Wir organiesieren Transfer hin und zur\u00fcck mit unserem Bus.<\/p>\n<h4>AUTO<\/h4>\n<p>Aus Richtung Norden kommend, kommen Sie am schnellsten auf der Autobahn \u201cMare\u201d A 14 Bologna-Bari zu uns. Bei der Ausfahrt \u201cCesena\u201d (Achtung! NICHT \u201cCesena Nord\u201d ausfahren) fahren Sie ab und bleiben auf der Schnellstra\u00dfe nach Cesenatico. In Cesenatico angekommen, folgen Sie den Hinweisschildern zum Meer und Sie finden uns im Zentrum von Cesenatico \u2013 direkt an der Strandpromenade.<\/p>\n<\/div><\/div><\/div><\/div><\/div><\/div><\/div><\/section><section class=\"l-section wpb_row height_auto width_full\"><div class=\"l-section-h i-cf\"><div class=\"g-cols vc_row via_flex valign_top type_default stacking_default\"><div class=\"vc_col-sm-12 wpb_column vc_column_container\"><div class=\"vc_column-inner\"><div class=\"wpb_wrapper\"><div class=\"w-map provider_osm\" id=\"us_map_1\"><div class=\"w-map-inner\"><div class=\"w-map-json\" onclick='return {&quot;address&quot;:&quot;Viale dei Mille, 126, 47042 Cesenatico FC&quot;,&quot;disableDragging&quot;:1,&quot;disableZoom&quot;:1,&quot;hideControls&quot;:0,&quot;zoom&quot;:17,&quot;markers&quot;:[{&quot;address&quot;:&quot;Viale dei Mille, 126, 47042 Cesenatico FC&quot;,&quot;html&quot;:&quot;&lt;h6&gt;Hotel Giulietta e Romeo&lt;\\\/h6&gt;&lt;p&gt;Cesenatico&lt;\\\/p&gt;&quot;,&quot;infowindow&quot;:0}],&quot;icon&quot;:{&quot;url&quot;:&quot;https:\\\/\\\/www.ilgiulietta.com\\\/wp-content\\\/uploads\\\/2021\\\/01\\\/HG-150x150.png&quot;,&quot;size&quot;:[60,60]},&quot;style&quot;:&quot;https:\\\/\\\/{s}.tile.openstreetmap.org\\\/{z}\\\/{x}\\\/{y}.png&quot;}'><\/div><\/div><\/div><\/div><\/div><\/div><\/div><\/div><\/section>\n","protected":false},"excerpt":{"rendered":"\u00a0Wo sind wir ZUG Der Bahnhof Cesenatico ist 2 km entfernt und gut mit Taxis und \u00f6ffentlichen Verkehrsmitteln erreichbar. Direktz\u00fcge von M\u00fcnchen und Z\u00fcrich verbinden Deutschland, \u00d6sterreich und die Schweiz dank der Haltestellen in Cesena (14km) und Rimini (20km) optimal mit der Adriak\u00fcste. Von und zu Cesena und Rimini bieten wir Transfers mit unserem 9-Sitzer-Bus...","protected":false},"author":1,"featured_media":0,"parent":0,"menu_order":0,"comment_status":"closed","ping_status":"closed","template":"","meta":{"footnotes":""},"class_list":["post-8577","page","type-page","status-publish","hentry"],"yoast_head":"<!-- This site is optimized with the Yoast SEO plugin v26.4 - https:\/\/yoast.com\/wordpress\/plugins\/seo\/ -->\n<title>Wo sind wir, Hotel Giulietta e Romeo Cesenatico<\/title>\n<meta name=\"description\" content=\"Wo sind wir, Hotel Giulietta e Romeo Cesenatico. Wie erreiche das hotek: mit Auto, Bus, oder Flugzeug.\" \/>\n<meta name=\"robots\" content=\"index, follow, max-snippet:-1, max-image-preview:large, max-video-preview:-1\" \/>\n<link rel=\"canonical\" href=\"https:\/\/www.ilgiulietta.com\/de\/wo-sind-wir-hotel-giulietta-e-romeo-cesenatico\" \/>\n<meta property=\"og:locale\" content=\"de_DE\" \/>\n<meta property=\"og:type\" content=\"article\" \/>\n<meta property=\"og:title\" content=\"Wo sind wir, Hotel Giulietta e Romeo Cesenatico\" \/>\n<meta property=\"og:description\" content=\"Wo sind wir, Hotel Giulietta e Romeo Cesenatico. Wie erreiche das hotek: mit Auto, Bus, oder Flugzeug.\" \/>\n<meta property=\"og:url\" content=\"https:\/\/www.ilgiulietta.com\/de\/wo-sind-wir-hotel-giulietta-e-romeo-cesenatico\" \/>\n<meta property=\"og:site_name\" content=\"Hotel Giulietta e Romeo *** Cesenatico, Spiaggia, Piscina e All inclusive\" \/>\n<meta property=\"article:modified_time\" content=\"2026-03-04T07:39:41+00:00\" \/>\n<meta name=\"twitter:card\" content=\"summary_large_image\" \/>\n<meta name=\"twitter:label1\" content=\"Gesch\u00e4tzte Lesezeit\" \/>\n\t<meta name=\"twitter:data1\" content=\"1\u00a0Minute\" \/>\n<script type=\"application\/ld+json\" class=\"yoast-schema-graph\">{\"@context\":\"https:\/\/schema.org\",\"@graph\":[{\"@type\":\"WebPage\",\"@id\":\"https:\/\/www.ilgiulietta.com\/de\/wo-sind-wir-hotel-giulietta-e-romeo-cesenatico\",\"url\":\"https:\/\/www.ilgiulietta.com\/de\/wo-sind-wir-hotel-giulietta-e-romeo-cesenatico\",\"name\":\"Wo sind wir, Hotel Giulietta e Romeo Cesenatico\",\"isPartOf\":{\"@id\":\"https:\/\/www.ilgiulietta.com\/fr\/#website\"},\"datePublished\":\"2021-02-14T08:08:46+00:00\",\"dateModified\":\"2026-03-04T07:39:41+00:00\",\"description\":\"Wo sind wir, Hotel Giulietta e Romeo Cesenatico. Wie erreiche das hotek: mit Auto, Bus, oder Flugzeug.\",\"breadcrumb\":{\"@id\":\"https:\/\/www.ilgiulietta.com\/de\/wo-sind-wir-hotel-giulietta-e-romeo-cesenatico#breadcrumb\"},\"inLanguage\":\"de\",\"potentialAction\":[{\"@type\":\"ReadAction\",\"target\":[\"https:\/\/www.ilgiulietta.com\/de\/wo-sind-wir-hotel-giulietta-e-romeo-cesenatico\"]}]},{\"@type\":\"BreadcrumbList\",\"@id\":\"https:\/\/www.ilgiulietta.com\/de\/wo-sind-wir-hotel-giulietta-e-romeo-cesenatico#breadcrumb\",\"itemListElement\":[{\"@type\":\"ListItem\",\"position\":1,\"name\":\"Home\",\"item\":\"https:\/\/www.ilgiulietta.com\/de\"},{\"@type\":\"ListItem\",\"position\":2,\"name\":\"Wo sind wir, Hotel Giulietta e Romeo Cesenatico\"}]},{\"@type\":\"WebSite\",\"@id\":\"https:\/\/www.ilgiulietta.com\/fr\/#website\",\"url\":\"https:\/\/www.ilgiulietta.com\/fr\/\",\"name\":\"Hotel Giulietta e Romeo *** Cesenatico, Spiaggia, Piscina e All inclusive\",\"description\":\"Vacanze a Cesenatico\",\"potentialAction\":[{\"@type\":\"SearchAction\",\"target\":{\"@type\":\"EntryPoint\",\"urlTemplate\":\"https:\/\/www.ilgiulietta.com\/fr\/?s={search_term_string}\"},\"query-input\":{\"@type\":\"PropertyValueSpecification\",\"valueRequired\":true,\"valueName\":\"search_term_string\"}}],\"inLanguage\":\"de\"}]}<\/script>\n<!-- \/ Yoast SEO plugin. -->","yoast_head_json":{"title":"Wo sind wir, Hotel Giulietta e Romeo Cesenatico","description":"Wo sind wir, Hotel Giulietta e Romeo Cesenatico. Wie erreiche das hotek: mit Auto, Bus, oder Flugzeug.","robots":{"index":"index","follow":"follow","max-snippet":"max-snippet:-1","max-image-preview":"max-image-preview:large","max-video-preview":"max-video-preview:-1"},"canonical":"https:\/\/www.ilgiulietta.com\/de\/wo-sind-wir-hotel-giulietta-e-romeo-cesenatico","og_locale":"de_DE","og_type":"article","og_title":"Wo sind wir, Hotel Giulietta e Romeo Cesenatico","og_description":"Wo sind wir, Hotel Giulietta e Romeo Cesenatico. Wie erreiche das hotek: mit Auto, Bus, oder Flugzeug.","og_url":"https:\/\/www.ilgiulietta.com\/de\/wo-sind-wir-hotel-giulietta-e-romeo-cesenatico","og_site_name":"Hotel Giulietta e Romeo *** Cesenatico, Spiaggia, Piscina e All inclusive","article_modified_time":"2026-03-04T07:39:41+00:00","twitter_card":"summary_large_image","twitter_misc":{"Gesch\u00e4tzte Lesezeit":"1\u00a0Minute"},"schema":{"@context":"https:\/\/schema.org","@graph":[{"@type":"WebPage","@id":"https:\/\/www.ilgiulietta.com\/de\/wo-sind-wir-hotel-giulietta-e-romeo-cesenatico","url":"https:\/\/www.ilgiulietta.com\/de\/wo-sind-wir-hotel-giulietta-e-romeo-cesenatico","name":"Wo sind wir, Hotel Giulietta e Romeo Cesenatico","isPartOf":{"@id":"https:\/\/www.ilgiulietta.com\/fr\/#website"},"datePublished":"2021-02-14T08:08:46+00:00","dateModified":"2026-03-04T07:39:41+00:00","description":"Wo sind wir, Hotel Giulietta e Romeo Cesenatico. Wie erreiche das hotek: mit Auto, Bus, oder Flugzeug.","breadcrumb":{"@id":"https:\/\/www.ilgiulietta.com\/de\/wo-sind-wir-hotel-giulietta-e-romeo-cesenatico#breadcrumb"},"inLanguage":"de","potentialAction":[{"@type":"ReadAction","target":["https:\/\/www.ilgiulietta.com\/de\/wo-sind-wir-hotel-giulietta-e-romeo-cesenatico"]}]},{"@type":"BreadcrumbList","@id":"https:\/\/www.ilgiulietta.com\/de\/wo-sind-wir-hotel-giulietta-e-romeo-cesenatico#breadcrumb","itemListElement":[{"@type":"ListItem","position":1,"name":"Home","item":"https:\/\/www.ilgiulietta.com\/de"},{"@type":"ListItem","position":2,"name":"Wo sind wir, Hotel Giulietta e Romeo Cesenatico"}]},{"@type":"WebSite","@id":"https:\/\/www.ilgiulietta.com\/fr\/#website","url":"https:\/\/www.ilgiulietta.com\/fr\/","name":"Hotel Giulietta e Romeo *** Cesenatico, Spiaggia, Piscina e All inclusive","description":"Vacanze a Cesenatico","potentialAction":[{"@type":"SearchAction","target":{"@type":"EntryPoint","urlTemplate":"https:\/\/www.ilgiulietta.com\/fr\/?s={search_term_string}"},"query-input":{"@type":"PropertyValueSpecification","valueRequired":true,"valueName":"search_term_string"}}],"inLanguage":"de"}]}},"_links":{"self":[{"href":"https:\/\/www.ilgiulietta.com\/de\/wp-json\/wp\/v2\/pages\/8577","targetHints":{"allow":["GET"]}}],"collection":[{"href":"https:\/\/www.ilgiulietta.com\/de\/wp-json\/wp\/v2\/pages"}],"about":[{"href":"https:\/\/www.ilgiulietta.com\/de\/wp-json\/wp\/v2\/types\/page"}],"author":[{"embeddable":true,"href":"https:\/\/www.ilgiulietta.com\/de\/wp-json\/wp\/v2\/users\/1"}],"replies":[{"embeddable":true,"href":"https:\/\/www.ilgiulietta.com\/de\/wp-json\/wp\/v2\/comments?post=8577"}],"version-history":[{"count":9,"href":"https:\/\/www.ilgiulietta.com\/de\/wp-json\/wp\/v2\/pages\/8577\/revisions"}],"predecessor-version":[{"id":9811,"href":"https:\/\/www.ilgiulietta.com\/de\/wp-json\/wp\/v2\/pages\/8577\/revisions\/9811"}],"wp:attachment":[{"href":"https:\/\/www.ilgiulietta.com\/de\/wp-json\/wp\/v2\/media?parent=8577"}],"curies":[{"name":"wp","href":"https:\/\/api.w.org\/{rel}","templated":true}]}}