{"id":8414,"date":"2021-01-16T16:07:26","date_gmt":"2021-01-16T16:07:26","guid":{"rendered":"https:\/\/ufficio80.xyz\/giulietta\/?page_id=8414"},"modified":"2021-03-08T15:04:15","modified_gmt":"2021-03-08T15:04:15","slug":"trekking-tage-emilia-romagna","status":"publish","type":"page","link":"https:\/\/www.ilgiulietta.com\/de\/trekking-tage-emilia-romagna","title":{"rendered":"Trekking Tage in Emilia-Romagna, Wandern in Italien"},"content":{"rendered":"<section class=\"l-section wpb_row height_auto width_full\"><div class=\"l-section-h i-cf\"><div class=\"g-cols vc_row via_flex valign_middle type_default stacking_default\"><div class=\"vc_col-sm-6 wpb_column vc_column_container\"><div class=\"vc_column-inner\"><div class=\"wpb_wrapper\"><div class=\"w-image align_center\"><div class=\"w-image-h\"><img decoding=\"async\" width=\"1024\" height=\"1024\" src=\"https:\/\/www.ilgiulietta.com\/wp-content\/uploads\/2020\/03\/san-marino.jpg\" class=\"attachment-large size-large\" alt=\"\" loading=\"lazy\" srcset=\"https:\/\/www.ilgiulietta.com\/wp-content\/uploads\/2020\/03\/san-marino.jpg 1025w, https:\/\/www.ilgiulietta.com\/wp-content\/uploads\/2020\/03\/san-marino-300x300.jpg 300w, https:\/\/www.ilgiulietta.com\/wp-content\/uploads\/2020\/03\/san-marino-150x150.jpg 150w, https:\/\/www.ilgiulietta.com\/wp-content\/uploads\/2020\/03\/san-marino-600x600.jpg 600w\" sizes=\"auto, (max-width: 1024px) 100vw, 1024px\" \/><\/div><\/div><\/div><\/div><\/div><div class=\"vc_col-sm-6 wpb_column vc_column_container\"><div class=\"vc_column-inner\"><div class=\"wpb_wrapper\"><div class=\"wpb_text_column us_custom_af9e0717\"><div class=\"wpb_wrapper\"><section class=\"l-section wpb_row height_medium with_img\">\n<div class=\"l-section-h i-cf\">\n<div class=\"g-cols vc_row type_default valign_top\">\n<div class=\"vc_col-sm-12 wpb_column vc_column_container\">\n<div class=\"vc_column-inner\">\n<div class=\"wpb_wrapper\">\n<div class=\"wpb_text_column \">\n<div class=\"wpb_wrapper\">\n<h5 style=\"text-align: center;\">TREKKING DAY<\/h5>\n<p style=\"text-align: center;\"><span style=\"font-family: georgia, palatino, serif;\"><em>Matteo, unser Guide, f\u00fchrt jede Woche eine Trekking Tour in unseren wundersch\u00f6nen Bergen.<\/em> <\/span>Natur pur. Von morgens bis nachmittags ist er mit den G\u00e4sten auf der Spur unserer Kultur und Landes.<\/p>\n<\/div>\n<\/div>\n<\/div>\n<\/div>\n<\/div>\n<\/div>\n<\/div>\n<\/section>\n<\/div><\/div><\/div><\/div><\/div><\/div><\/div><\/section><section class=\"l-section wpb_row us_custom_0bebd569 height_auto width_full\"><div class=\"l-section-h i-cf\"><div class=\"g-cols vc_row via_flex valign_middle type_default stacking_default\"><div class=\"vc_col-sm-6 wpb_column vc_column_container\"><div class=\"vc_column-inner\"><div class=\"wpb_wrapper\"><div class=\"wpb_text_column\"><div class=\"wpb_wrapper\"><p style=\"text-align: center;\"><img loading=\"lazy\" decoding=\"async\" class=\"aligncenter wp-image-7888\" src=\"https:\/\/www.ilgiulietta.com\/wp-content\/uploads\/2020\/03\/matteo.jpg\" alt=\"\" width=\"120\" height=\"120\" srcset=\"https:\/\/www.ilgiulietta.com\/wp-content\/uploads\/2020\/03\/matteo.jpg 160w, https:\/\/www.ilgiulietta.com\/wp-content\/uploads\/2020\/03\/matteo-150x150.jpg 150w\" sizes=\"auto, (max-width: 120px) 100vw, 120px\" \/>Unser\u00a0Guide <strong><span style=\"color: #db8f2b;\">Matteo<\/span><\/strong>\u00a0wird mit Ihnen die Geheimnisse unserer T\u00e4ler entdecken<\/p>\n<\/div><\/div><div class=\"w-separator size_medium\"><\/div><div class=\"w-image align_center\"><div class=\"w-image-h\"><img decoding=\"async\" width=\"1024\" height=\"157\" src=\"https:\/\/www.ilgiulietta.com\/wp-content\/uploads\/2020\/03\/passo-del-grillo-1024x157.jpg\" class=\"attachment-large size-large\" alt=\"\" loading=\"lazy\" srcset=\"https:\/\/www.ilgiulietta.com\/wp-content\/uploads\/2020\/03\/passo-del-grillo-1024x157.jpg 1024w, https:\/\/www.ilgiulietta.com\/wp-content\/uploads\/2020\/03\/passo-del-grillo-300x46.jpg 300w, https:\/\/www.ilgiulietta.com\/wp-content\/uploads\/2020\/03\/passo-del-grillo-1536x236.jpg 1536w, https:\/\/www.ilgiulietta.com\/wp-content\/uploads\/2020\/03\/passo-del-grillo-2048x315.jpg 2048w\" sizes=\"auto, (max-width: 1024px) 100vw, 1024px\" \/><\/div><\/div><div class=\"wpb_text_column\"><div class=\"wpb_wrapper\"><p style=\"text-align: center;\">Montebello \u2013 San Leo 12 km \u2013 3 ,5 st.<\/p>\n<\/div><\/div><div class=\"w-separator size_medium\"><\/div><div class=\"w-image align_center\"><div class=\"w-image-h\"><img decoding=\"async\" width=\"1024\" height=\"155\" src=\"https:\/\/www.ilgiulietta.com\/wp-content\/uploads\/2020\/03\/montebello-1-1024x155.jpg\" class=\"attachment-large size-large\" alt=\"\" loading=\"lazy\" srcset=\"https:\/\/www.ilgiulietta.com\/wp-content\/uploads\/2020\/03\/montebello-1-1024x155.jpg 1024w, https:\/\/www.ilgiulietta.com\/wp-content\/uploads\/2020\/03\/montebello-1-300x45.jpg 300w, https:\/\/www.ilgiulietta.com\/wp-content\/uploads\/2020\/03\/montebello-1-1536x233.jpg 1536w, https:\/\/www.ilgiulietta.com\/wp-content\/uploads\/2020\/03\/montebello-1-2048x310.jpg 2048w\" sizes=\"auto, (max-width: 1024px) 100vw, 1024px\" \/><\/div><\/div><div class=\"wpb_text_column\"><div class=\"wpb_wrapper\"><p style=\"text-align: center;\">Passo del Grillo \u2013 Perticara 12 km \u2013 3 ,5 st.<\/p>\n<\/div><\/div><\/div><\/div><\/div><div class=\"vc_col-sm-6 wpb_column vc_column_container\"><div class=\"vc_column-inner\"><div class=\"wpb_wrapper\"><div class=\"w-image align_center\"><div class=\"w-image-h\"><img decoding=\"async\" width=\"1024\" height=\"1024\" src=\"https:\/\/www.ilgiulietta.com\/wp-content\/uploads\/2020\/03\/trakking2.jpg\" class=\"attachment-large size-large\" alt=\"\" loading=\"lazy\" srcset=\"https:\/\/www.ilgiulietta.com\/wp-content\/uploads\/2020\/03\/trakking2.jpg 1025w, https:\/\/www.ilgiulietta.com\/wp-content\/uploads\/2020\/03\/trakking2-300x300.jpg 300w, https:\/\/www.ilgiulietta.com\/wp-content\/uploads\/2020\/03\/trakking2-150x150.jpg 150w, https:\/\/www.ilgiulietta.com\/wp-content\/uploads\/2020\/03\/trakking2-600x600.jpg 600w\" sizes=\"auto, (max-width: 1024px) 100vw, 1024px\" \/><\/div><\/div><\/div><\/div><\/div><\/div><\/div><\/section>\n","protected":false},"excerpt":{"rendered":"TREKKING DAY Matteo, unser Guide, f\u00fchrt jede Woche eine Trekking Tour in unseren wundersch\u00f6nen Bergen. Natur pur. Von morgens bis nachmittags ist er mit den G\u00e4sten auf der Spur unserer Kultur und Landes. Unser\u00a0Guide Matteo\u00a0wird mit Ihnen die Geheimnisse unserer T\u00e4ler entdecken Montebello \u2013 San Leo 12 km \u2013 3 ,5 st. Passo del Grillo...","protected":false},"author":1,"featured_media":0,"parent":0,"menu_order":0,"comment_status":"closed","ping_status":"closed","template":"","meta":{"footnotes":""},"class_list":["post-8414","page","type-page","status-publish","hentry"],"yoast_head":"<!-- This site is optimized with the Yoast SEO plugin v26.4 - https:\/\/yoast.com\/wordpress\/plugins\/seo\/ -->\n<title>Trekking Tage in Emilia-Romagna, Wandern in Italien<\/title>\n<meta name=\"description\" content=\"Trekking Tage in Emilia-Romagna, Wandern in Italien. Matteo, unser Guide, f\u00fchrt jede Woche eine Trekking Tour in unseren wundersch\u00f6nen Bergen.\" \/>\n<meta name=\"robots\" content=\"index, follow, max-snippet:-1, max-image-preview:large, max-video-preview:-1\" \/>\n<link rel=\"canonical\" href=\"https:\/\/www.ilgiulietta.com\/de\/trekking-tage-emilia-romagna.html\" \/>\n<meta property=\"og:locale\" content=\"de_DE\" \/>\n<meta property=\"og:type\" content=\"article\" \/>\n<meta property=\"og:title\" content=\"Trekking Tage in Emilia-Romagna, Wandern in Italien\" \/>\n<meta property=\"og:description\" content=\"Trekking Tage in Emilia-Romagna, Wandern in Italien. Matteo, unser Guide, f\u00fchrt jede Woche eine Trekking Tour in unseren wundersch\u00f6nen Bergen.\" \/>\n<meta property=\"og:url\" content=\"https:\/\/www.ilgiulietta.com\/de\/trekking-tage-emilia-romagna.html\" \/>\n<meta property=\"og:site_name\" content=\"Hotel Giulietta e Romeo *** Cesenatico, Spiaggia, Piscina e All inclusive\" \/>\n<meta property=\"article:modified_time\" content=\"2021-03-08T15:04:15+00:00\" \/>\n<meta property=\"og:image\" content=\"https:\/\/www.ilgiulietta.com\/wp-content\/uploads\/2020\/03\/matteo.jpg\" \/>\n<meta name=\"twitter:card\" content=\"summary_large_image\" \/>\n<meta name=\"twitter:label1\" content=\"Gesch\u00e4tzte Lesezeit\" \/>\n\t<meta name=\"twitter:data1\" content=\"1\u00a0Minute\" \/>\n<script type=\"application\/ld+json\" class=\"yoast-schema-graph\">{\"@context\":\"https:\/\/schema.org\",\"@graph\":[{\"@type\":\"WebPage\",\"@id\":\"https:\/\/www.ilgiulietta.com\/de\/trekking-tage-emilia-romagna.html\",\"url\":\"https:\/\/www.ilgiulietta.com\/de\/trekking-tage-emilia-romagna.html\",\"name\":\"Trekking Tage in Emilia-Romagna, Wandern in Italien\",\"isPartOf\":{\"@id\":\"https:\/\/www.ilgiulietta.com\/fr\/#website\"},\"primaryImageOfPage\":{\"@id\":\"https:\/\/www.ilgiulietta.com\/de\/trekking-tage-emilia-romagna.html#primaryimage\"},\"image\":{\"@id\":\"https:\/\/www.ilgiulietta.com\/de\/trekking-tage-emilia-romagna.html#primaryimage\"},\"thumbnailUrl\":\"https:\/\/www.ilgiulietta.com\/wp-content\/uploads\/2020\/03\/matteo.jpg\",\"datePublished\":\"2021-01-16T16:07:26+00:00\",\"dateModified\":\"2021-03-08T15:04:15+00:00\",\"description\":\"Trekking Tage in Emilia-Romagna, Wandern in Italien. Matteo, unser Guide, f\u00fchrt jede Woche eine Trekking Tour in unseren wundersch\u00f6nen Bergen.\",\"breadcrumb\":{\"@id\":\"https:\/\/www.ilgiulietta.com\/de\/trekking-tage-emilia-romagna.html#breadcrumb\"},\"inLanguage\":\"de\",\"potentialAction\":[{\"@type\":\"ReadAction\",\"target\":[\"https:\/\/www.ilgiulietta.com\/de\/trekking-tage-emilia-romagna.html\"]}]},{\"@type\":\"ImageObject\",\"inLanguage\":\"de\",\"@id\":\"https:\/\/www.ilgiulietta.com\/de\/trekking-tage-emilia-romagna.html#primaryimage\",\"url\":\"https:\/\/www.ilgiulietta.com\/wp-content\/uploads\/2020\/03\/matteo.jpg\",\"contentUrl\":\"https:\/\/www.ilgiulietta.com\/wp-content\/uploads\/2020\/03\/matteo.jpg\"},{\"@type\":\"BreadcrumbList\",\"@id\":\"https:\/\/www.ilgiulietta.com\/de\/trekking-tage-emilia-romagna.html#breadcrumb\",\"itemListElement\":[{\"@type\":\"ListItem\",\"position\":1,\"name\":\"Home\",\"item\":\"https:\/\/www.ilgiulietta.com\/de\"},{\"@type\":\"ListItem\",\"position\":2,\"name\":\"Trekking Tage in Emilia-Romagna, Wandern in Italien\"}]},{\"@type\":\"WebSite\",\"@id\":\"https:\/\/www.ilgiulietta.com\/fr\/#website\",\"url\":\"https:\/\/www.ilgiulietta.com\/fr\/\",\"name\":\"Hotel Giulietta e Romeo *** Cesenatico, Spiaggia, Piscina e All inclusive\",\"description\":\"Vacanze a Cesenatico\",\"potentialAction\":[{\"@type\":\"SearchAction\",\"target\":{\"@type\":\"EntryPoint\",\"urlTemplate\":\"https:\/\/www.ilgiulietta.com\/fr\/?s={search_term_string}\"},\"query-input\":{\"@type\":\"PropertyValueSpecification\",\"valueRequired\":true,\"valueName\":\"search_term_string\"}}],\"inLanguage\":\"de\"}]}<\/script>\n<!-- \/ Yoast SEO plugin. -->","yoast_head_json":{"title":"Trekking Tage in Emilia-Romagna, Wandern in Italien","description":"Trekking Tage in Emilia-Romagna, Wandern in Italien. Matteo, unser Guide, f\u00fchrt jede Woche eine Trekking Tour in unseren wundersch\u00f6nen Bergen.","robots":{"index":"index","follow":"follow","max-snippet":"max-snippet:-1","max-image-preview":"max-image-preview:large","max-video-preview":"max-video-preview:-1"},"canonical":"https:\/\/www.ilgiulietta.com\/de\/trekking-tage-emilia-romagna.html","og_locale":"de_DE","og_type":"article","og_title":"Trekking Tage in Emilia-Romagna, Wandern in Italien","og_description":"Trekking Tage in Emilia-Romagna, Wandern in Italien. Matteo, unser Guide, f\u00fchrt jede Woche eine Trekking Tour in unseren wundersch\u00f6nen Bergen.","og_url":"https:\/\/www.ilgiulietta.com\/de\/trekking-tage-emilia-romagna.html","og_site_name":"Hotel Giulietta e Romeo *** Cesenatico, Spiaggia, Piscina e All inclusive","article_modified_time":"2021-03-08T15:04:15+00:00","og_image":[{"url":"https:\/\/www.ilgiulietta.com\/wp-content\/uploads\/2020\/03\/matteo.jpg","type":"","width":"","height":""}],"twitter_card":"summary_large_image","twitter_misc":{"Gesch\u00e4tzte Lesezeit":"1\u00a0Minute"},"schema":{"@context":"https:\/\/schema.org","@graph":[{"@type":"WebPage","@id":"https:\/\/www.ilgiulietta.com\/de\/trekking-tage-emilia-romagna.html","url":"https:\/\/www.ilgiulietta.com\/de\/trekking-tage-emilia-romagna.html","name":"Trekking Tage in Emilia-Romagna, Wandern in Italien","isPartOf":{"@id":"https:\/\/www.ilgiulietta.com\/fr\/#website"},"primaryImageOfPage":{"@id":"https:\/\/www.ilgiulietta.com\/de\/trekking-tage-emilia-romagna.html#primaryimage"},"image":{"@id":"https:\/\/www.ilgiulietta.com\/de\/trekking-tage-emilia-romagna.html#primaryimage"},"thumbnailUrl":"https:\/\/www.ilgiulietta.com\/wp-content\/uploads\/2020\/03\/matteo.jpg","datePublished":"2021-01-16T16:07:26+00:00","dateModified":"2021-03-08T15:04:15+00:00","description":"Trekking Tage in Emilia-Romagna, Wandern in Italien. Matteo, unser Guide, f\u00fchrt jede Woche eine Trekking Tour in unseren wundersch\u00f6nen Bergen.","breadcrumb":{"@id":"https:\/\/www.ilgiulietta.com\/de\/trekking-tage-emilia-romagna.html#breadcrumb"},"inLanguage":"de","potentialAction":[{"@type":"ReadAction","target":["https:\/\/www.ilgiulietta.com\/de\/trekking-tage-emilia-romagna.html"]}]},{"@type":"ImageObject","inLanguage":"de","@id":"https:\/\/www.ilgiulietta.com\/de\/trekking-tage-emilia-romagna.html#primaryimage","url":"https:\/\/www.ilgiulietta.com\/wp-content\/uploads\/2020\/03\/matteo.jpg","contentUrl":"https:\/\/www.ilgiulietta.com\/wp-content\/uploads\/2020\/03\/matteo.jpg"},{"@type":"BreadcrumbList","@id":"https:\/\/www.ilgiulietta.com\/de\/trekking-tage-emilia-romagna.html#breadcrumb","itemListElement":[{"@type":"ListItem","position":1,"name":"Home","item":"https:\/\/www.ilgiulietta.com\/de"},{"@type":"ListItem","position":2,"name":"Trekking Tage in Emilia-Romagna, Wandern in Italien"}]},{"@type":"WebSite","@id":"https:\/\/www.ilgiulietta.com\/fr\/#website","url":"https:\/\/www.ilgiulietta.com\/fr\/","name":"Hotel Giulietta e Romeo *** Cesenatico, Spiaggia, Piscina e All inclusive","description":"Vacanze a Cesenatico","potentialAction":[{"@type":"SearchAction","target":{"@type":"EntryPoint","urlTemplate":"https:\/\/www.ilgiulietta.com\/fr\/?s={search_term_string}"},"query-input":{"@type":"PropertyValueSpecification","valueRequired":true,"valueName":"search_term_string"}}],"inLanguage":"de"}]}},"_links":{"self":[{"href":"https:\/\/www.ilgiulietta.com\/de\/wp-json\/wp\/v2\/pages\/8414","targetHints":{"allow":["GET"]}}],"collection":[{"href":"https:\/\/www.ilgiulietta.com\/de\/wp-json\/wp\/v2\/pages"}],"about":[{"href":"https:\/\/www.ilgiulietta.com\/de\/wp-json\/wp\/v2\/types\/page"}],"author":[{"embeddable":true,"href":"https:\/\/www.ilgiulietta.com\/de\/wp-json\/wp\/v2\/users\/1"}],"replies":[{"embeddable":true,"href":"https:\/\/www.ilgiulietta.com\/de\/wp-json\/wp\/v2\/comments?post=8414"}],"version-history":[{"count":1,"href":"https:\/\/www.ilgiulietta.com\/de\/wp-json\/wp\/v2\/pages\/8414\/revisions"}],"predecessor-version":[{"id":8415,"href":"https:\/\/www.ilgiulietta.com\/de\/wp-json\/wp\/v2\/pages\/8414\/revisions\/8415"}],"wp:attachment":[{"href":"https:\/\/www.ilgiulietta.com\/de\/wp-json\/wp\/v2\/media?parent=8414"}],"curies":[{"name":"wp","href":"https:\/\/api.w.org\/{rel}","templated":true}]}}